{"id":12570,"date":"2023-04-20T11:47:20","date_gmt":"2023-04-20T09:47:20","guid":{"rendered":"https:\/\/staging.limage-et-le-livre.com\/contact\/"},"modified":"2025-03-19T17:09:34","modified_gmt":"2025-03-19T16:09:34","slug":"contact","status":"publish","type":"page","link":"https:\/\/limage-et-le-livre.com\/en\/contact\/","title":{"rendered":"Contact"},"content":{"rendered":"\t\t<div data-elementor-type=\"wp-page\" data-elementor-id=\"12570\" class=\"elementor elementor-12570 elementor-29\">\n\t\t\t\t<div class=\"wd-negative-gap elementor-element elementor-element-7ce0ab5 e-flex e-con-boxed e-con e-parent\" data-id=\"7ce0ab5\" data-element_type=\"container\" data-e-type=\"container\">\n\t\t\t\t\t<div class=\"e-con-inner\">\n\t\t<div class=\"elementor-element elementor-element-b1cc531 e-con-full e-flex e-con e-child\" data-id=\"b1cc531\" data-element_type=\"container\" data-e-type=\"container\">\n\t\t<div class=\"elementor-element elementor-element-912588b e-con-full e-flex e-con e-child\" data-id=\"912588b\" data-element_type=\"container\" data-e-type=\"container\">\n\t\t<div class=\"elementor-element elementor-element-cc1797d e-con-full e-flex e-con e-child\" data-id=\"cc1797d\" data-element_type=\"container\" data-e-type=\"container\">\n\t\t\t\t<div class=\"elementor-element elementor-element-8cd5bba wd-width-100 elementor-widget elementor-widget-wd_title\" data-id=\"8cd5bba\" data-element_type=\"widget\" data-e-type=\"widget\" data-widget_type=\"wd_title.default\">\n\t\t\t\t<div class=\"elementor-widget-container\">\n\t\t\t\t\t\t\t<div class=\"title-wrapper wd-set-mb reset-last-child wd-title-color-default wd-title-style-default wd-title-size-large text-left\">\n\n\t\t\t\n\t\t\t<div class=\"liner-continer\">\n\t\t\t\t<h4 class=\"woodmart-title-container title wd-fontsize-xxl\">Strasbourg<\/h4> \n\t\t\t\t\t\t\t<\/div>\n\n\t\t\t\t\t<\/div>\n\t\t\t\t\t\t<\/div>\n\t\t\t\t<\/div>\n\t\t\t\t<div class=\"elementor-element elementor-element-c55a230 elementor-widget elementor-widget-wd_text_block\" data-id=\"c55a230\" data-element_type=\"widget\" data-e-type=\"widget\" data-widget_type=\"wd_text_block.default\">\n\t\t\t\t<div class=\"elementor-widget-container\">\n\t\t\t\t\t\t\t<div class=\"wd-text-block reset-last-child text-left color-title\">\n\t\t\t\n\t\t\t<p><strong>L'Image et le Livre<\/strong><br \/> <br \/>\n12, rue Jacques Peirotes<br \/> <br \/>\n67000 Strasbourg<\/p>\n<p><strong>Tuesday - Friday:<br \/><\/strong><br \/>\nfrom 10:00 AM to 12:00 PM<br \/> <br \/>\nand from 2:00 PM to 6:30 PM<br \/> <br \/>\n<strong>Saturday:<br \/><\/strong><br \/>\nfrom 10:00 AM to 12:00 PM<br \/> <br \/>\nfrom 2:30 PM to 6:00 PM<\/p>\n<p><strong>Closed on Mondays and public holidays, except for special occasions.<\/strong><\/p>\n<p><strong>contact[@]limage-et-le-livre.com<\/strong><br \/> <br \/>\n<strong>+33 3 88 36 01 60<\/strong><\/p>\n\n\t\t\t\t\t<\/div>\n\t\t\t\t\t\t<\/div>\n\t\t\t\t<\/div>\n\t\t\t\t<\/div>\n\t\t\t\t<\/div>\n\t\t\t\t<\/div>\n\t\t<div class=\"elementor-element elementor-element-357ccaf e-con-full e-flex e-con e-child\" data-id=\"357ccaf\" data-element_type=\"container\" data-e-type=\"container\">\n\t\t\t\t<div class=\"elementor-element elementor-element-fba66a1 wd-width-100 elementor-widget elementor-widget-wd_title\" data-id=\"fba66a1\" data-element_type=\"widget\" data-e-type=\"widget\" data-widget_type=\"wd_title.default\">\n\t\t\t\t<div class=\"elementor-widget-container\">\n\t\t\t\t\t\t\t<div class=\"title-wrapper wd-set-mb reset-last-child wd-title-color-default wd-title-style-default wd-title-size-large text-left\">\n\n\t\t\t\n\t\t\t<div class=\"liner-continer\">\n\t\t\t\t<h4 class=\"woodmart-title-container title wd-fontsize-xxl\">Write to us<\/h4> \n\t\t\t\t\t\t\t<\/div>\n\n\t\t\t\t\t<\/div>\n\t\t\t\t\t\t<\/div>\n\t\t\t\t<\/div>\n\t\t\t\t<div class=\"elementor-element elementor-element-b29f68f elementor-widget elementor-widget-google_maps\" data-id=\"b29f68f\" data-element_type=\"widget\" data-e-type=\"widget\" data-widget_type=\"google_maps.default\">\n\t\t\t\t<div class=\"elementor-widget-container\">\n\t\t\t\t\t\t\t<div class=\"elementor-custom-embed\">\n\t\t\t<iframe loading=\"lazy\"\n\t\t\t\t\tsrc=\"https:\/\/maps.google.com\/maps?q=12%2C%20rue%20Jacques%20Peirotes%2067000%20Strasbourg&#038;t=m&#038;z=13&#038;output=embed&#038;iwloc=near\"\n\t\t\t\t\ttitle=\"12, rue Jacques Peirotes 67000 Strasbourg\"\n\t\t\t\t\taria-label=\"12, rue Jacques Peirotes 67000 Strasbourg\"\n\t\t\t><\/iframe>\n\t\t<\/div>\n\t\t\t\t\t\t<\/div>\n\t\t\t\t<\/div>\n\t\t\t\t<div class=\"elementor-element elementor-element-41b6481 elementor-widget elementor-widget-wd_button\" data-id=\"41b6481\" data-element_type=\"widget\" data-e-type=\"widget\" data-widget_type=\"wd_button.default\">\n\t\t\t\t<div class=\"elementor-widget-container\">\n\t\t\t\t\t\t\t<div class=\"wd-button-wrapper text-center\" >\n\t\t\t<a class=\"btn btn-style-default btn-shape-round btn-size-default btn-color-primary btn-icon-pos-right\" href=\"https:\/\/www.google.fr\/maps\/dir\/\/L&#039;Image+et+le+livre,+12+Rue+Jacques+Peirotes,+67000+Strasbourg\/@48.5916672,7.7725696,13z\/data=!4m9!4m8!1m0!1m5!1m1!1s0x4796c9aafd70041f:0xa7b47a8fb2157719!2m2!1d7.7548078!2d48.576669!3e0?entry=ttu\" target=\"_blank\" rel=\"nofollow noopener\">\n\t\t\t\t<span class=\"wd-btn-text\" data-elementor-setting-key=\"text\">\n\t\t\t\t\tCreate a route on Google Maps\t\t\t\t<\/span>\n\n\t\t\t\t\t\t\t<\/a>\n\t\t<\/div>\n\t\t\t\t\t\t<\/div>\n\t\t\t\t<\/div>\n\t\t\t\t<\/div>\n\t\t\t\t\t<\/div>\n\t\t\t\t<\/div>\n\t\t<div class=\"wd-negative-gap elementor-element elementor-element-60eadef e-flex e-con-boxed e-con e-parent\" data-id=\"60eadef\" data-element_type=\"container\" data-e-type=\"container\">\n\t\t\t\t\t<div class=\"e-con-inner\">\n\t\t<div class=\"elementor-element elementor-element-9d5f03d e-con-full e-flex e-con e-child\" data-id=\"9d5f03d\" data-element_type=\"container\" data-e-type=\"container\">\n\t\t\t\t<div class=\"elementor-element elementor-element-56884d5 fluent-form-widget-step-header-yes fluent-form-widget-step-progressbar-yes fluentform-widget-submit-button-custom elementor-widget elementor-widget-fluent-form-widget\" data-id=\"56884d5\" data-element_type=\"widget\" data-e-type=\"widget\" data-widget_type=\"fluent-form-widget.default\">\n\t\t\t\t<div class=\"elementor-widget-container\">\n\t\t\t\t\t\n            <div class=\"fluentform-widget-wrapper fluentform-widget-align-default\">\n\n            \n            <div class='fluentform ff-default fluentform_wrapper_3 ffs_default_wrap'><form data-form_id=\"3\" id=\"fluentform_3\" class=\"frm-fluent-form fluent_form_3 ff-el-form-top ff_form_instance_3_1 ff-form-loading ff_has_v3_recptcha ffs_default\" data-form_instance=\"ff_form_instance_3_1\" method=\"POST\" data-recptcha_key=\"6Lfm74IUAAAAAKC6Dp1nTfnZpXtt8tWVTRCM0zeG\" ><fieldset  style=\"border: none!important;margin: 0!important;padding: 0!important;background-color: transparent!important;box-shadow: none!important;outline: none!important; min-inline-size: 100%;\">\n                    <legend class=\"ff_screen_reader_title\" style=\"display: block; margin: 0!important;padding: 0!important;height: 0!important;text-indent: -999999px;width: 0!important;overflow:hidden;\">Formulaire de contact<\/legend><input type='hidden' name='__fluent_form_embded_post_id' value='12570' \/><input type=\"hidden\" id=\"_fluentform_3_fluentformnonce\" name=\"_fluentform_3_fluentformnonce\" value=\"41468aa473\" \/><input type=\"hidden\" name=\"_wp_http_referer\" value=\"\/en\/wp-json\/wp\/v2\/pages\/12570\" \/><div data-type=\"name-element\" data-name=\"names\" class=\" ff-field_container ff-name-field-wrapper\" ><div class='ff-t-container'><div class='ff-t-cell '><div class='ff-el-group  ff-el-form-top'><div class=\"ff-el-input--label asterisk-right\"><label for='ff_3_names_first_name_' id='label_ff_3_names_first_name_' >Pr\u00e9nom<\/label><\/div><div class='ff-el-input--content'><input type=\"text\" name=\"names[first_name]\" id=\"ff_3_names_first_name_\" class=\"ff-el-form-control\" placeholder=\"Pr\u00e9nom\" aria-invalid=\"false\" aria-required=false><\/div><\/div><\/div><div class='ff-t-cell '><div class='ff-el-group  ff-el-form-top'><div class=\"ff-el-input--label asterisk-right\"><label for='ff_3_names_last_name_' id='label_ff_3_names_last_name_' >Nom de famille<\/label><\/div><div class='ff-el-input--content'><input type=\"text\" name=\"names[last_name]\" id=\"ff_3_names_last_name_\" class=\"ff-el-form-control\" placeholder=\"Nom de famille\" aria-invalid=\"false\" aria-required=false><\/div><\/div><\/div><\/div><\/div><div class='ff-el-group'><div class=\"ff-el-input--label ff-el-is-required asterisk-right\"><label for='ff_3_email' id='label_ff_3_email' aria-label=\"E-mail\">E-mail<\/label><\/div><div class='ff-el-input--content'><input type=\"email\" name=\"email\" id=\"ff_3_email\" class=\"ff-el-form-control\" placeholder=\"Adresse email\" data-name=\"email\"  aria-invalid=\"false\" aria-required=true><\/div><\/div><div class='ff-el-group'><div class=\"ff-el-input--label ff-el-is-required asterisk-right\"><label for='ff_3_phone' id='label_ff_3_phone' aria-label=\"Num\u00e9ro de t\u00e9l\u00e9phone\">Num\u00e9ro de t\u00e9l\u00e9phone<\/label><\/div><div class='ff-el-input--content'><input name=\"phone\" class=\"ff-el-form-control ff-el-phone\" type=\"tel\" placeholder=\"Num\u00e9ro de t\u00e9l\u00e9phone\" data-name=\"phone\" id=\"ff_3_phone\" inputmode=\"tel\"  aria-invalid='false' aria-required=true><\/div><\/div><div class='ff-el-group'><div class=\"ff-el-input--label asterisk-right\"><label for='ff_3_input_text' id='label_ff_3_input_text' aria-label=\"Soci\u00e9t\u00e9\">Soci\u00e9t\u00e9<\/label><\/div><div class='ff-el-input--content'><input type=\"text\" name=\"input_text\" class=\"ff-el-form-control\" placeholder=\"Soci\u00e9t\u00e9\" data-name=\"input_text\" id=\"ff_3_input_text\"  aria-invalid=\"false\" aria-required=false><\/div><\/div><div class='ff-el-group'><div class=\"ff-el-input--label ff-el-is-required asterisk-right\"><label for='ff_3_description' id='label_ff_3_description' aria-label=\"Votre message\">Votre message<\/label><\/div><div class='ff-el-input--content'><textarea aria-required=\"true\" aria-labelledby=\"label_ff_3_description\" name=\"description\" id=\"ff_3_description\" class=\"ff-el-form-control\" placeholder=\"Message\" rows=\"3\" cols=\"2\" data-name=\"description\" ><\/textarea><\/div><\/div><div class='ff-el-group    ff-el-input--content'><div class='ff-el-form-check ff-el-tc'><label aria-label='en soumettant ce formulaire, j&#039;accepte que les informations saisies soient exploit\u00e9es dans le cadre de ma demande et de la relation commerciale qui peut en d\u00e9couler. j&#039;ai pris connaissance de la politique de confidentialit\u00e9.' class='ff-el-form-check-label ff_tc_label' for=gdpr-agreement_5a4a5e5e24440e59b259cd0297bf173f><span class='ff_tc_checkbox'><input type=\"checkbox\" name=\"gdpr-agreement\" class=\"ff-el-form-check-input ff_gdpr_field\" data-name=\"gdpr-agreement\" id=\"gdpr-agreement_5a4a5e5e24440e59b259cd0297bf173f\"  value='on' aria-invalid='false' aria-required=true><\/span> <div class='ff_t_c'>en soumettant ce formulaire, j'accepte que les informations saisies soient exploit\u00e9es dans le cadre de ma demande et de la relation commerciale qui peut en d\u00e9couler. j'ai pris connaissance de la politique de confidentialit\u00e9.<\/div><\/label><\/div><\/div><div class='ff-el-group ff-text-left ff_submit_btn_wrapper'><button type=\"submit\" class=\"ff-btn ff-btn-submit ff-btn-md fluent-bouton ff_btn_style\"  aria-label=\"Envoyer\">Envoyer<\/button><\/div><\/fieldset><\/form><div id='fluentform_3_errors' class='ff-errors-in-stack ff_form_instance_3_1 ff-form-loading_errors ff_form_instance_3_1_errors'><\/div><\/div>            <script type=\"text\/javascript\">\n                window.fluent_form_ff_form_instance_3_1 = {\"id\":\"3\",\"ajaxUrl\":\"https:\\\/\\\/limage-et-le-livre.com\\\/wp-admin\\\/admin-ajax.php\",\"settings\":{\"layout\":{\"labelPlacement\":\"top\",\"helpMessagePlacement\":\"with_label\",\"errorMessagePlacement\":\"inline\",\"cssClassName\":\"\",\"asteriskPlacement\":\"asterisk-right\"},\"restrictions\":{\"denyEmptySubmission\":{\"enabled\":false}}},\"form_instance\":\"ff_form_instance_3_1\",\"form_id_selector\":\"fluentform_3\",\"rules\":{\"names[first_name]\":{\"required\":{\"value\":false,\"message\":\"Ce champ est obligatoire\"}},\"names[middle_name]\":{\"required\":{\"value\":false,\"message\":\"Ce champ est obligatoire\"}},\"names[last_name]\":{\"required\":{\"value\":false,\"message\":\"Ce champ est obligatoire\"}},\"email\":{\"required\":{\"value\":true,\"message\":\"Ce champ est obligatoire\"},\"email\":{\"value\":true,\"message\":\"Ce champ doit contenir un e-mail valide\"}},\"phone\":{\"required\":{\"value\":true,\"message\":\"Ce champ est requis\"},\"valid_phone_number\":{\"value\":false,\"message\":\"Le num\\u00e9ro de t\\u00e9l\\u00e9phone n'est pas valide\"}},\"input_text\":{\"required\":{\"value\":false,\"message\":\"Ce champ est obligatoire\"}},\"description\":{\"required\":{\"value\":true,\"message\":\"Ce champ est obligatoire\"}},\"gdpr-agreement\":{\"required\":{\"value\":true,\"message\":\"Ce champ est obligatoire\"}},\"g-recaptcha-response\":[]},\"debounce_time\":300};\n                            <\/script>\n                        <\/div>\n\n            \t\t\t\t<\/div>\n\t\t\t\t<\/div>\n\t\t\t\t<\/div>\n\t\t<div class=\"elementor-element elementor-element-9f8dc2a e-con-full e-flex e-con e-child\" data-id=\"9f8dc2a\" data-element_type=\"container\" data-e-type=\"container\">\n\t\t\t\t<div class=\"elementor-element elementor-element-984d42a wd-width-100 elementor-widget elementor-widget-wd_title\" data-id=\"984d42a\" data-element_type=\"widget\" data-e-type=\"widget\" data-widget_type=\"wd_title.default\">\n\t\t\t\t<div class=\"elementor-widget-container\">\n\t\t\t\t\t\t\t<div class=\"title-wrapper wd-set-mb reset-last-child wd-title-color-default wd-title-style-default wd-title-size-large text-left\">\n\n\t\t\t\n\t\t\t<div class=\"liner-continer\">\n\t\t\t\t<h4 class=\"woodmart-title-container title wd-fontsize-xxl\">Frequently Asked Questions<\/h4> \n\t\t\t\t\t\t\t<\/div>\n\n\t\t\t\t\t<\/div>\n\t\t\t\t\t\t<\/div>\n\t\t\t\t<\/div>\n\t\t\t\t<\/div>\n\t\t\t\t\t<\/div>\n\t\t\t\t<\/div>\n\t\t\t\t<\/div>\n\t\t","protected":false},"excerpt":{"rendered":"<p>Strasbourg L&#8217;Image et le Livre 12, rue Jacques Peirotes 67000 Strasbourg Tuesday &#8211; Friday: from 10:00 AM to 12:00 PM<\/p>\n","protected":false},"author":8,"featured_media":0,"parent":0,"menu_order":0,"comment_status":"closed","ping_status":"closed","template":"","meta":{"footnotes":""},"class_list":["post-12570","page","type-page","status-publish","hentry"],"_links":{"self":[{"href":"https:\/\/limage-et-le-livre.com\/en\/wp-json\/wp\/v2\/pages\/12570","targetHints":{"allow":["GET"]}}],"collection":[{"href":"https:\/\/limage-et-le-livre.com\/en\/wp-json\/wp\/v2\/pages"}],"about":[{"href":"https:\/\/limage-et-le-livre.com\/en\/wp-json\/wp\/v2\/types\/page"}],"author":[{"embeddable":true,"href":"https:\/\/limage-et-le-livre.com\/en\/wp-json\/wp\/v2\/users\/8"}],"replies":[{"embeddable":true,"href":"https:\/\/limage-et-le-livre.com\/en\/wp-json\/wp\/v2\/comments?post=12570"}],"version-history":[{"count":0,"href":"https:\/\/limage-et-le-livre.com\/en\/wp-json\/wp\/v2\/pages\/12570\/revisions"}],"wp:attachment":[{"href":"https:\/\/limage-et-le-livre.com\/en\/wp-json\/wp\/v2\/media?parent=12570"}],"curies":[{"name":"wp","href":"https:\/\/api.w.org\/{rel}","templated":true}]}}