{"id":13618,"date":"2020-08-03T15:19:19","date_gmt":"2020-08-03T13:19:19","guid":{"rendered":"https:\/\/staging.limage-et-le-livre.com\/legal-notices\/"},"modified":"2025-03-19T17:10:46","modified_gmt":"2025-03-19T16:10:46","slug":"legal-notices","status":"publish","type":"page","link":"https:\/\/limage-et-le-livre.com\/en\/legal-notices\/","title":{"rendered":"Legal Notices"},"content":{"rendered":"<p>[vc_row equal_height=&#8221;yes&#8221; css=&#8221;.vc_custom_1554977643456{margin-bottom: 6vh !important;}&#8221; woodmart_parallax=&#8221;0&#8243; woodmart_gradient_switch=&#8221;no&#8221; row_reverse_mobile=&#8221;0&#8243; row_reverse_tablet=&#8221;0&#8243; woodmart_disable_overflow=&#8221;0&#8243; mobile_bg_img_hidden=&#8221;no&#8221; tablet_bg_img_hidden=&#8221;no&#8221;][vc_column woodmart_sticky_column=&#8221;true&#8221; offset=&#8221;vc_col-lg-4 vc_col-md-12&#8243; css=&#8221;.vc_custom_1554977638146{margin-bottom: 8vh !important;}&#8221; mobile_bg_img_hidden=&#8221;no&#8221; tablet_bg_img_hidden=&#8221;no&#8221; woodmart_parallax=&#8221;0&#8243; parallax_scroll=&#8221;no&#8221; mobile_reset_margin=&#8221;no&#8221; tablet_reset_margin=&#8221;no&#8221;][woodmart_responsive_text_block size=&#8221;medium&#8221; font_weight=&#8221;700&#8243; align=&#8221;left&#8221; woodmart_css_id=&#8221;5f292bd111c0b&#8221; woodmart_empty_space=&#8221;&#8221; content_width=&#8221;100&#8243; inline=&#8221;no&#8221;]Legal Notices<br \/>\n[\/woodmart_responsive_text_block][vc_column_text text_larger=&#8221;yes&#8221; css=&#8221;.vc_custom_1596532585736{margin-bottom: 30px !important;}&#8221;]<a href=\"https:\/\/limage-et-le-livre.com\/politique-de-confidentialite\/\">Politique de Confidentialit\u00e9<\/a><\/p>\n<p><a href=\"https:\/\/limage-et-le-livre.com\/a-propos-de-vos-donnees\/\">A propos de vos donn\u00e9es<\/a><\/p>\n<p><a href=\"https:\/\/limage-et-le-livre.com\/conditions-generales-de-vente\/\">Conditions G\u00e9n\u00e9rales de Vente<\/a>[\/vc_column_text]<div id=\"wd-5f281010d2421\" class=\" wd-button-wrapper text-left\"><a  class=\"btn btn-color-primary btn-style-round btn-shape-rectangle btn-size-default\">Back to Homepage<\/a><\/div>[\/vc_column][vc_column offset=&#8221;vc_col-lg-8 vc_col-md-12&#8243;][vc_row_inner content_placement=&#8221;top&#8221;][vc_column_inner width=&#8221;1\/2&#8243; css=&#8221;.vc_custom_1522761647507{margin-bottom: 8vh !important;}&#8221;]\t\t\t<div class=\"info-box-wrapper\">\n\t\t\t\t<div id=\"wd-5caf136a5bb5c\" class=\" wd-info-box wd-wpb text-left box-icon-align-left box-style- color-scheme- wd-bg-none wd-items-top\">\n\t\t\t\t\t\t\t\t\t\t<div class=\"info-box-content\">\n\t\t\t\t\t\t<h4 class=\"info-box-title title box-title-style-default wd-fontsize-m\">Publishing Manager<\/h4>\t\t\t\t\t\t<div class=\"info-box-inner reset-last-child\"><\/div>\n\n\t\t\t\t\t\t\t\t\t\t\t<\/div>\n\n\t\t\t\t\t\n\t\t\t\t\t\t\t\t\t<\/div>\n\t\t\t<\/div>\n\t\t[vc_column_text css=&#8221;.vc_custom_1596461117233{margin-bottom: 0px !important;}&#8221; text_larger=&#8221;no&#8221;]Sarl Arts Anciens<br \/>\nL\u2019Image et le livre<br \/>\n12, rue Jacques Peirotes<br \/>\n67000 Strasbourg[\/vc_column_text][\/vc_column_inner][vc_column_inner width=&#8221;1\/2&#8243; css=&#8221;.vc_custom_1522761667194{margin-bottom: 8vh !important;}&#8221;]\t\t\t<div class=\"info-box-wrapper\">\n\t\t\t\t<div id=\"wd-5caf13792c02b\" class=\" wd-info-box wd-wpb text-left box-icon-align-left box-style- color-scheme- wd-bg-none wd-items-top\">\n\t\t\t\t\t\t\t\t\t\t<div class=\"info-box-content\">\n\t\t\t\t\t\t<h4 class=\"info-box-title title box-title-style-default wd-fontsize-m\">Infos<\/h4>\t\t\t\t\t\t<div class=\"info-box-inner reset-last-child\"><\/div>\n\n\t\t\t\t\t\t\t\t\t\t\t<\/div>\n\n\t\t\t\t\t\n\t\t\t\t\t\t\t\t\t<\/div>\n\t\t\t<\/div>\n\t\t[vc_column_text css=&#8221;.vc_custom_1596461170637{margin-bottom: 0px !important;}&#8221; text_larger=&#8221;no&#8221;]<strong>Direction de la publication\u00a0:<\/strong> Sol\u00e8ne Bisch, g\u00e9rante d\u2019Arts Anciens<\/p>\n<p><strong>N\u00b0 SIRET :<\/strong> 307189530<br \/>\n<strong>Num\u00e9ro de TVA :<\/strong> FR 23307189530<br \/>\n<strong>Lieu de paiement et juridiction convenu : <\/strong>Strasbourg[\/vc_column_text][\/vc_column_inner][vc_column_inner width=&#8221;1\/2&#8243; css=&#8221;.vc_custom_1522761651689{margin-bottom: 8vh !important;}&#8221;]\t\t\t<div class=\"info-box-wrapper\">\n\t\t\t\t<div id=\"wd-5caf137e7d1ee\" class=\" wd-info-box wd-wpb text-left box-icon-align-left box-style- color-scheme- wd-bg-none wd-items-top\">\n\t\t\t\t\t\t\t\t\t\t<div class=\"info-box-content\">\n\t\t\t\t\t\t<h4 class=\"info-box-title title box-title-style-default wd-fontsize-m\">Design and Build<\/h4>\t\t\t\t\t\t<div class=\"info-box-inner reset-last-child\"><\/div>\n\n\t\t\t\t\t\t\t\t\t\t\t<\/div>\n\n\t\t\t\t\t\n\t\t\t\t\t\t\t\t\t<\/div>\n\t\t\t<\/div>\n\t\t[vc_column_text css=&#8221;.vc_custom_1554974907050{margin-bottom: 0px !important;}&#8221; text_larger=&#8221;no&#8221;]M. Philippe HEIT<br \/>\nGclick\u00e9 Informatique<br \/>\n3 avenue de la For\u00eat Noire<br \/>\n67000 Strasbourg[\/vc_column_text][\/vc_column_inner][vc_column_inner width=&#8221;1\/2&#8243; css=&#8221;.vc_custom_1522761663690{margin-bottom: 8vh !important;}&#8221;]\t\t\t<div class=\"info-box-wrapper\">\n\t\t\t\t<div id=\"wd-5caf13832ae06\" class=\" wd-info-box wd-wpb text-left box-icon-align-left box-style- color-scheme- wd-bg-none wd-items-top\">\n\t\t\t\t\t\t\t\t\t\t<div class=\"info-box-content\">\n\t\t\t\t\t\t<h4 class=\"info-box-title title box-title-style-default wd-fontsize-m\">Hosting<\/h4>\t\t\t\t\t\t<div class=\"info-box-inner reset-last-child\"><\/div>\n\n\t\t\t\t\t\t\t\t\t\t\t<\/div>\n\n\t\t\t\t\t\n\t\t\t\t\t\t\t\t\t<\/div>\n\t\t\t<\/div>\n\t\t[vc_column_text css=&#8221;.vc_custom_1554974938670{margin-bottom: 0px !important;}&#8221; text_larger=&#8221;no&#8221;]Le Site est h\u00e9berg\u00e9 sur les serveurs de OVH SAS au capital de 10 000 000 \u20ac<\/p>\n<p>RCS Roubaix \u2013 Tourcoing 424 761 419 00045<br \/>\nCode APE : 6202A<br \/>\nN\u00b0 TVA : FR 22 424 761 419<br \/>\nSi\u00e8ge social : 2 rue Kellermann \u2013 59100 Roubaix \u2013 France.[\/vc_column_text][\/vc_column_inner][vc_column_inner][vc_column_text css=&#8221;.vc_custom_1596461205293{margin-bottom: 0px !important;}&#8221; text_larger=&#8221;no&#8221;]<\/p>\n<h3 data-lineheight=\"24\" data-fontsize=\"18\"><strong>CONTREFA\u00c7ON<\/strong><\/h3>\n<p>Toute utilisation non autoris\u00e9e, par des tiers, de tout ou partie des marques, mod\u00e8les, logos, droits d\u2019auteur et autres droits de propri\u00e9t\u00e9 intellectuelle et industrielle utilis\u00e9s sur ce site, est susceptible de donner lieu \u00e0 des poursuites judiciaires.<\/p>\n<p data-lineheight=\"18\" data-fontsize=\"15\">ARTS ANCIENS se r\u00e9serve le droit de modifier sans pr\u00e9avis ses services.<\/p>\n<h3 data-lineheight=\"24\" data-fontsize=\"18\"><strong>LOI INFORMATIQUE ET LIBERT\u00c9S<\/strong><\/h3>\n<p>Conform\u00e9ment \u00e0 la loi du 6 janvier 1978, ARTS ANCIENS est la seule destinataire des informations et des donn\u00e9es personnelles transmises par courrier \u00e9lectronique. Vous disposez d\u2019un droit d\u2019acc\u00e8s, de modification et de suppression des donn\u00e9es personnelles qui vous concernent, en vous adressant directement soit par email, soit par courrier \u00e0 l\u2019adresse pr\u00e9c\u00e9demment indiqu\u00e9e.<\/p>\n<h3 data-lineheight=\"24\" data-fontsize=\"18\"><strong>Formulaire de contact : \u00e0 propos de votre droit d\u2019acc\u00e8s<\/strong><\/h3>\n<p>Les informations recueillies aupr\u00e8s des personnes par le biais du formulaire ne sauraient \u00eatre divulgu\u00e9es \u00e0 des personnes autres que celles composant notre soci\u00e9t\u00e9. Toutefois, tel que l\u2019exige la loi Informatique et Libert\u00e9s nous vous informons que vos r\u00e9ponses sont facultatives et que le d\u00e9faut de r\u00e9ponse n\u2019entra\u00eenera aucune cons\u00e9quence particuli\u00e8re. N\u00e9anmoins, vos r\u00e9ponses doivent \u00eatre suffisantes pour nous permettre de traiter l\u2019information.<\/p>\n<p><strong>25 mai 2018 : Mise \u00e0 jour RGPD<\/strong><\/p>\n<p>Conform\u00e9ment au r\u00e8glement g\u00e9n\u00e9ral sur la protection des donn\u00e9es (RGPD) de l\u2019Union europ\u00e9enne (UE) qui est entr\u00e9 en vigueur le 25 mai 2018, vous avez la possibilit\u00e9 de demander la consultation ou la suppression de l\u2019ensemble de vos donn\u00e9es personnelles enregistr\u00e9es dans nos bases de donn\u00e9es. Pour plus d\u2019informations, rendez-vous sur cette page : <a href=\"https:\/\/limage-et-le-livre.com\/politique-de-confidentialite\/\">Politique de Confidentialit\u00e9<\/a>[\/vc_column_text][\/vc_column_inner][\/vc_row_inner][\/vc_column][\/vc_row]<\/p>\n","protected":false},"excerpt":{"rendered":"<p>[vc_row equal_height=&#8221;yes&#8221; css=&#8221;.vc_custom_1554977643456{margin-bottom: 6vh !important;}&#8221; woodmart_parallax=&#8221;0&#8243; woodmart_gradient_switch=&#8221;no&#8221; row_reverse_mobile=&#8221;0&#8243; row_reverse_tablet=&#8221;0&#8243; woodmart_disable_overflow=&#8221;0&#8243; mobile_bg_img_hidden=&#8221;no&#8221; tablet_bg_img_hidden=&#8221;no&#8221;][vc_column woodmart_sticky_column=&#8221;true&#8221; offset=&#8221;vc_col-lg-4 vc_col-md-12&#8243; css=&#8221;.vc_custom_1554977638146{margin-bottom: 8vh !important;}&#8221; mobile_bg_img_hidden=&#8221;no&#8221; tablet_bg_img_hidden=&#8221;no&#8221;<\/p>\n","protected":false},"author":8,"featured_media":0,"parent":0,"menu_order":0,"comment_status":"closed","ping_status":"closed","template":"","meta":{"footnotes":""},"class_list":["post-13618","page","type-page","status-publish","hentry"],"_links":{"self":[{"href":"https:\/\/limage-et-le-livre.com\/en\/wp-json\/wp\/v2\/pages\/13618","targetHints":{"allow":["GET"]}}],"collection":[{"href":"https:\/\/limage-et-le-livre.com\/en\/wp-json\/wp\/v2\/pages"}],"about":[{"href":"https:\/\/limage-et-le-livre.com\/en\/wp-json\/wp\/v2\/types\/page"}],"author":[{"embeddable":true,"href":"https:\/\/limage-et-le-livre.com\/en\/wp-json\/wp\/v2\/users\/8"}],"replies":[{"embeddable":true,"href":"https:\/\/limage-et-le-livre.com\/en\/wp-json\/wp\/v2\/comments?post=13618"}],"version-history":[{"count":0,"href":"https:\/\/limage-et-le-livre.com\/en\/wp-json\/wp\/v2\/pages\/13618\/revisions"}],"wp:attachment":[{"href":"https:\/\/limage-et-le-livre.com\/en\/wp-json\/wp\/v2\/media?parent=13618"}],"curies":[{"name":"wp","href":"https:\/\/api.w.org\/{rel}","templated":true}]}}