{"id":13712,"date":"2017-06-27T06:45:25","date_gmt":"2017-06-27T04:45:25","guid":{"rendered":"https:\/\/staging.limage-et-le-livre.com\/faq\/"},"modified":"2025-03-19T17:09:41","modified_gmt":"2025-03-19T16:09:41","slug":"faq","status":"publish","type":"page","link":"https:\/\/limage-et-le-livre.com\/en\/faq\/","title":{"rendered":"FAQ"},"content":{"rendered":"\t\t<div data-elementor-type=\"wp-page\" data-elementor-id=\"13712\" class=\"elementor elementor-13712 elementor-658\">\n\t\t\t\t<div class=\"wd-negative-gap elementor-element elementor-element-4f602e6 e-flex e-con-boxed e-con e-parent\" data-id=\"4f602e6\" data-element_type=\"container\" data-e-type=\"container\">\n\t\t\t\t\t<div class=\"e-con-inner\">\n\t\t\t\t<div class=\"elementor-element elementor-element-34e3bb7 elementor-widget elementor-widget-heading\" data-id=\"34e3bb7\" data-element_type=\"widget\" data-e-type=\"widget\" data-widget_type=\"heading.default\">\n\t\t\t\t<div class=\"elementor-widget-container\">\n\t\t\t\t\t<h2 class=\"elementor-heading-title elementor-size-default\">What are the fees for online orders?<\/h2>\t\t\t\t<\/div>\n\t\t\t\t<\/div>\n\t\t\t\t<div class=\"elementor-element elementor-element-34b5454a color-scheme-inherit text-left elementor-widget elementor-widget-text-editor\" data-id=\"34b5454a\" data-element_type=\"widget\" data-e-type=\"widget\" data-widget_type=\"text-editor.default\">\n\t\t\t\t<div class=\"elementor-widget-container\">\n\t\t\t\t\t\t\t\t\t<table style=\"height: 372px;\" width=\"761\">\n<tbody>\n<tr>\n<td width=\"80\"><\/td>\n<td width=\"136\">France m\u00e9tropolitaine<\/td>\n<td width=\"127\">France Outre mer<\/td>\n<td width=\"96\">Europe<\/td>\n<td width=\"111\">Monde<\/td>\n<\/tr>\n<tr>\n<td width=\"80\">Cat\u00e9gorie 1<\/td>\n<td width=\"136\">7 \u20ac<\/td>\n<td width=\"127\">11 \u20ac<\/td>\n<td width=\"96\">15 \u20ac<\/td>\n<td width=\"111\">25 \u20ac<\/td>\n<\/tr>\n<tr>\n<td width=\"80\">Cat\u00e9gorie 2<\/td>\n<td width=\"136\">9 \u20ac<\/td>\n<td width=\"127\">16<\/td>\n<td width=\"96\">17<\/td>\n<td width=\"111\">30<\/td>\n<\/tr>\n<tr>\n<td width=\"80\">Cat\u00e9gorie 3<\/td>\n<td width=\"136\">11<\/td>\n<td width=\"127\">21<\/td>\n<td width=\"96\">20<\/td>\n<td width=\"111\">40<\/td>\n<\/tr>\n<tr>\n<td width=\"80\">Cat\u00e9gorie 4<\/td>\n<td width=\"136\">15<\/td>\n<td width=\"127\">32<\/td>\n<td width=\"96\">25<\/td>\n<td width=\"111\">60<\/td>\n<\/tr>\n<tr>\n<td width=\"80\">Cat\u00e9gorie 5<\/td>\n<td width=\"136\">25<\/td>\n<td width=\"127\">50<\/td>\n<td width=\"96\">40<\/td>\n<td width=\"111\">100<\/td>\n<\/tr>\n<tr>\n<td width=\"80\">Cat\u00e9gorie 6<\/td>\n<td width=\"136\">nous contacter<\/td>\n<td width=\"127\">nous contacter<\/td>\n<td width=\"96\">nous contacter<\/td>\n<td width=\"111\">nous contacter<\/td>\n<\/tr>\n<\/tbody>\n<\/table>\n<p><strong>Remarque\u00a0:<\/strong> pour les articles volumineux de plus de 10 kg, seule la livraison par transporteur est applicable et les frais de port seront calcul\u00e9s \u00e0 la fin de la commande et vous seront factur\u00e9s en sus du montant de la commande.<\/p>\n<p>Vous pouvez \u00e9galement retirer votre commande au magasin, situ\u00e9 au 12, rue Jacques Peirotes 67000 Strasbourg.<\/p>\n<p>Que se passe-t-il pr\u00e9cis\u00e9ment apr\u00e8s avoir command\u00e9 ?<\/p>\n<p>Votre commande est prise en charge par L\u2019image et le Livre d\u00e8s que le r\u00e8glement en ligne est effectu\u00e9 et la commande confirm\u00e9e.<\/p>\n<p>Vous recevez une confirmation automatique de prise en charge de votre commande.<\/p>\n<p>Un mail de confirmation d\u2019exp\u00e9dition vous sera envoy\u00e9 d\u00e8s que votre colis sera pris en charge par la soci\u00e9t\u00e9 de transport et de livraison.<\/p>\n<p>Que dois-je faire si mon achat ne me convient pas ?<\/p>\n<p>En vente \u00e0 distance, vous b\u00e9n\u00e9ficiez d&#8217;un d\u00e9lai de r\u00e9tractation de 14 jours, si votre achat re\u00e7u ne vous convenait pas ou n&#8217;\u00e9tait pas conforme \u00e0 la description, les frais de port restent \u00e0 votre charge.<\/p>\n<p>Quel est le d\u00e9lai de livraison ?<\/p>\n<p>Dans la mesure du possible, les commandes sont exp\u00e9di\u00e9es dans les 48 heures suivant la r\u00e9ception de leur r\u00e8glement, au plus tard dans les 7 jours.<\/p>\n<p>Lors de certaines p\u00e9riodes calendaires tr\u00e8s denses ou lors de situation exceptionnelle, le d\u00e9lai peut exceptionnellement s\u2019allonger ; veuillez d\u2019avance nous en excuser.<\/p>\n<p>Quels moyens de paiement sont accept\u00e9s ? Les moyens de paiement sont les suivants :<\/p>\n<p>Carte bancaire (VISA, Mastercard, Maestro, American Express) pour le site internet,<\/p>\n<p>Ch\u00e8ques et esp\u00e8ces en magasin et sur les salons.<\/p>\n<p>Quel transporteur est-utilis\u00e9 pour la livraison ?<\/p>\n<p>La Poste &#8211; Collissimo sont utilis\u00e9s pour les envois courants.<\/p>\n<p>Fedex, UPS ou DHL sont susceptibles d\u2019\u00eatre utilis\u00e9s, notamment pour les envois plus volumineux.<\/p>\n\t\t\t\t\t\t\t\t<\/div>\n\t\t\t\t<\/div>\n\t\t\t\t\t<\/div>\n\t\t\t\t<\/div>\n\t\t<div class=\"wd-negative-gap elementor-element elementor-element-574c9ec e-flex e-con-boxed e-con e-parent\" data-id=\"574c9ec\" data-element_type=\"container\" data-e-type=\"container\">\n\t\t\t\t\t<div class=\"e-con-inner\">\n\t\t\t\t<div class=\"elementor-element elementor-element-c824014 elementor-widget elementor-widget-wd_accordion\" data-id=\"c824014\" data-element_type=\"widget\" data-e-type=\"widget\" data-widget_type=\"wd_accordion.default\">\n\t\t\t\t<div class=\"elementor-widget-container\">\n\t\t\t\t\t\n\t\t<div class=\"wd-accordion wd-style-default wd-titles-left wd-opener-pos-left wd-opener-style-arrow\" data-state=\"first\">\n\t\t\t\t\t\t\t\n\t\t\t\t<div class=\"wd-accordion-item\">\n\t\t\t\t\t<div class=\"wd-accordion-title wd-role-btn wd-active\" data-accordion-index=\"0\" tabindex=\"0\">\n\t\t\t\t\t\t<div class=\"wd-accordion-title-text\">\n\t\t\t\t\t\t\t\t\t\t\t\t\t\t<span>\n\t\t\t\t\t\t\t\tWhat exactly happens after placing an order?\t\t\t\t\t\t\t<\/span>\n\t\t\t\t\t\t<\/div>\n\t\t\t\t\t\t<span class=\"wd-accordion-opener\"><\/span>\n\t\t\t\t\t<\/div>\n\n\t\t\t\t\t<div class=\"wd-accordion-content wd-entry-content wd-active\" data-accordion-index=\"0\">\n\t\t\t\t\t\t\t\t\t\t\t\t\t\n\t\t\t\t\t\t\t<p>Your order is processed by L'Image et le Livre as soon as the online payment is completed and the order is confirmed.<br \/>You will receive an automatic confirmation that your order is being processed.<br \/>A shipping confirmation email will be sent to you once your package has been handed over to the shipping and delivery company.<\/p>\r\n\n\t\t\t\t\t\t\t\t\t\t\t\t\t\t\t\t\t\t<\/div>\n\t\t\t\t<\/div>\n\t\t\t\t\t\t\t\n\t\t\t\t<div class=\"wd-accordion-item\">\n\t\t\t\t\t<div class=\"wd-accordion-title wd-role-btn\" data-accordion-index=\"1\" tabindex=\"0\">\n\t\t\t\t\t\t<div class=\"wd-accordion-title-text\">\n\t\t\t\t\t\t\t\t\t\t\t\t\t\t<span>\n\t\t\t\t\t\t\t\tWhat should I do if I am not satisfied with my purchase?\t\t\t\t\t\t\t<\/span>\n\t\t\t\t\t\t<\/div>\n\t\t\t\t\t\t<span class=\"wd-accordion-opener\"><\/span>\n\t\t\t\t\t<\/div>\n\n\t\t\t\t\t<div class=\"wd-accordion-content wd-entry-content\" data-accordion-index=\"1\">\n\t\t\t\t\t\t\t\t\t\t\t\t\t\n\t\t\t\t\t\t\t<p>For distance selling, you have a 14-day withdrawal period if the purchase you received does not meet your expectations or does not match the description. Return shipping costs will be at your expense.<\/p>\r\n\n\t\t\t\t\t\t\t\t\t\t\t\t\t\t\t\t\t\t<\/div>\n\t\t\t\t<\/div>\n\t\t\t\t\t\t\t\n\t\t\t\t<div class=\"wd-accordion-item\">\n\t\t\t\t\t<div class=\"wd-accordion-title wd-role-btn\" data-accordion-index=\"2\" tabindex=\"0\">\n\t\t\t\t\t\t<div class=\"wd-accordion-title-text\">\n\t\t\t\t\t\t\t\t\t\t\t\t\t\t<span>\n\t\t\t\t\t\t\t\tWhat is the delivery time?\t\t\t\t\t\t\t<\/span>\n\t\t\t\t\t\t<\/div>\n\t\t\t\t\t\t<span class=\"wd-accordion-opener\"><\/span>\n\t\t\t\t\t<\/div>\n\n\t\t\t\t\t<div class=\"wd-accordion-content wd-entry-content\" data-accordion-index=\"2\">\n\t\t\t\t\t\t\t\t\t\t\t\t\t\n\t\t\t\t\t\t\t<p>Whenever possible, orders are shipped within 48 hours of receiving payment, and no later than 7 days.<\/p><p>During busy calendar periods or exceptional situations, the delivery time may be extended; we apologize in advance for any inconvenience.<\/p>\r\n\n\t\t\t\t\t\t\t\t\t\t\t\t\t\t\t\t\t\t<\/div>\n\t\t\t\t<\/div>\n\t\t\t\t\t\t\t\n\t\t\t\t<div class=\"wd-accordion-item\">\n\t\t\t\t\t<div class=\"wd-accordion-title wd-role-btn\" data-accordion-index=\"3\" tabindex=\"0\">\n\t\t\t\t\t\t<div class=\"wd-accordion-title-text\">\n\t\t\t\t\t\t\t\t\t\t\t\t\t\t<span>\n\t\t\t\t\t\t\t\tWhat payment methods are accepted?\t\t\t\t\t\t\t<\/span>\n\t\t\t\t\t\t<\/div>\n\t\t\t\t\t\t<span class=\"wd-accordion-opener\"><\/span>\n\t\t\t\t\t<\/div>\n\n\t\t\t\t\t<div class=\"wd-accordion-content wd-entry-content\" data-accordion-index=\"3\">\n\t\t\t\t\t\t\t\t\t\t\t\t\t\n\t\t\t\t\t\t\t<p>The accepted payment methods are as follows:<\/p>\r\n<p>Credit card (VISA, Mastercard, Maestro, American Express) for the website,<br \/>Checks and cash in-store and at trade shows.<\/p>\r\n\n\t\t\t\t\t\t\t\t\t\t\t\t\t\t\t\t\t\t<\/div>\n\t\t\t\t<\/div>\n\t\t\t\t\t\t\t\n\t\t\t\t<div class=\"wd-accordion-item\">\n\t\t\t\t\t<div class=\"wd-accordion-title wd-role-btn\" data-accordion-index=\"4\" tabindex=\"0\">\n\t\t\t\t\t\t<div class=\"wd-accordion-title-text\">\n\t\t\t\t\t\t\t\t\t\t\t\t\t\t<span>\n\t\t\t\t\t\t\t\tWhich carrier is used for delivery?\t\t\t\t\t\t\t<\/span>\n\t\t\t\t\t\t<\/div>\n\t\t\t\t\t\t<span class=\"wd-accordion-opener\"><\/span>\n\t\t\t\t\t<\/div>\n\n\t\t\t\t\t<div class=\"wd-accordion-content wd-entry-content\" data-accordion-index=\"4\">\n\t\t\t\t\t\t\t\t\t\t\t\t\t\n\t\t\t\t\t\t\t<p>La Poste \u2013 Colissimo is used for regular shipments.<br \/>FedEx, UPS, or DHL may be used, especially for larger shipments.<\/p>\r\n\n\t\t\t\t\t\t\t\t\t\t\t\t\t\t\t\t\t\t<\/div>\n\t\t\t\t<\/div>\n\t\t\t\t\t<\/div>\n\t\t\t\t\t\t<\/div>\n\t\t\t\t<\/div>\n\t\t\t\t\t<\/div>\n\t\t\t\t<\/div>\n\t\t\t\t<\/div>\n\t\t","protected":false},"excerpt":{"rendered":"<p>What are the fees for online orders? France m\u00e9tropolitaine France Outre mer Europe Monde Cat\u00e9gorie 1 7 \u20ac 11 \u20ac<\/p>\n","protected":false},"author":4,"featured_media":0,"parent":0,"menu_order":0,"comment_status":"closed","ping_status":"closed","template":"","meta":{"footnotes":""},"class_list":["post-13712","page","type-page","status-publish","hentry"],"_links":{"self":[{"href":"https:\/\/limage-et-le-livre.com\/en\/wp-json\/wp\/v2\/pages\/13712","targetHints":{"allow":["GET"]}}],"collection":[{"href":"https:\/\/limage-et-le-livre.com\/en\/wp-json\/wp\/v2\/pages"}],"about":[{"href":"https:\/\/limage-et-le-livre.com\/en\/wp-json\/wp\/v2\/types\/page"}],"author":[{"embeddable":true,"href":"https:\/\/limage-et-le-livre.com\/en\/wp-json\/wp\/v2\/users\/4"}],"replies":[{"embeddable":true,"href":"https:\/\/limage-et-le-livre.com\/en\/wp-json\/wp\/v2\/comments?post=13712"}],"version-history":[{"count":0,"href":"https:\/\/limage-et-le-livre.com\/en\/wp-json\/wp\/v2\/pages\/13712\/revisions"}],"wp:attachment":[{"href":"https:\/\/limage-et-le-livre.com\/en\/wp-json\/wp\/v2\/media?parent=13712"}],"curies":[{"name":"wp","href":"https:\/\/api.w.org\/{rel}","templated":true}]}}