{"id":18925,"date":"2025-03-19T15:02:06","date_gmt":"2025-03-19T14:02:06","guid":{"rendered":"https:\/\/limage-et-le-livre.com\/boutique\/uncategorized\/baker\/"},"modified":"2025-03-20T14:15:07","modified_gmt":"2025-03-20T13:15:07","slug":"baker","status":"publish","type":"product","link":"https:\/\/limage-et-le-livre.com\/en\/prints-and-engravings\/prints\/oenology-and-gastronomy\/baker\/","title":{"rendered":"Baker"},"content":{"rendered":"<p>Boulanger. Engraved by Prevost. Copper engraving. 18th century. Sheet size: 420 x 256 mm. Board size: 354 x 225 mm. From the Encyclop\u00e9die ou dictionnaire raisonn\u00e9 des sciences, arts et m\u00e9tiers by Diderot and d&#8217;Alembert.<\/p>\n<div id=\"gtx-trans\" style=\"position: absolute; left: -67px; top: -10px;\">\n<div class=\"gtx-trans-icon\"><\/div>\n<\/div>\n","protected":false},"excerpt":{"rendered":"<p>Boulanger. Diderot and d&#8217;Alembert. Copper engraving. 18th century.<\/p>\n","protected":false},"featured_media":16658,"template":"","meta":[],"product_brand":[],"product_cat":[5522,5387,5386,5496],"product_tag":[],"class_list":{"0":"post-18925","1":"product","2":"type-product","3":"status-publish","4":"has-post-thumbnail","6":"product_cat-oenology-and-gastronomy","7":"product_cat-prints","8":"product_cat-prints-and-engravings","9":"product_cat-professions","10":"pa_etat-de-conservation-very-good","11":"pa_langue-french","12":"pa_type-couverture-no-cover","14":"first","15":"instock","16":"purchasable","17":"product-type-simple"},"_links":{"self":[{"href":"https:\/\/limage-et-le-livre.com\/en\/wp-json\/wp\/v2\/product\/18925","targetHints":{"allow":["GET"]}}],"collection":[{"href":"https:\/\/limage-et-le-livre.com\/en\/wp-json\/wp\/v2\/product"}],"about":[{"href":"https:\/\/limage-et-le-livre.com\/en\/wp-json\/wp\/v2\/types\/product"}],"version-history":[{"count":0,"href":"https:\/\/limage-et-le-livre.com\/en\/wp-json\/wp\/v2\/product\/18925\/revisions"}],"wp:featuredmedia":[{"embeddable":true,"href":"https:\/\/limage-et-le-livre.com\/en\/wp-json\/wp\/v2\/media\/16658"}],"wp:attachment":[{"href":"https:\/\/limage-et-le-livre.com\/en\/wp-json\/wp\/v2\/media?parent=18925"}],"wp:term":[{"taxonomy":"product_brand","embeddable":true,"href":"https:\/\/limage-et-le-livre.com\/en\/wp-json\/wp\/v2\/product_brand?post=18925"},{"taxonomy":"product_cat","embeddable":true,"href":"https:\/\/limage-et-le-livre.com\/en\/wp-json\/wp\/v2\/product_cat?post=18925"},{"taxonomy":"product_tag","embeddable":true,"href":"https:\/\/limage-et-le-livre.com\/en\/wp-json\/wp\/v2\/product_tag?post=18925"}],"curies":[{"name":"wp","href":"https:\/\/api.w.org\/{rel}","templated":true}]}}