{"id":18966,"date":"2025-03-19T15:01:53","date_gmt":"2025-03-19T14:01:53","guid":{"rendered":"https:\/\/limage-et-le-livre.com\/boutique\/uncategorized\/la-question-des-dix-villes-imperiales-dalsace-depuis-la-paix-de-westphalie-jusquaux-arrets-de-reunion-du-conseil-souverain-de-brisach-1648-1680-the-question-of-the-ten-imperial-towns-of\/"},"modified":"2025-03-21T17:09:02","modified_gmt":"2025-03-21T16:09:02","slug":"la-question-des-dix-villes-imperiales-dalsace-depuis-la-paix-de-westphalie-jusquaux-arrets-de-reunion-du-conseil-souverain-de-brisach-1648-1680-the-question-of-the-ten-imperial-towns-of","status":"publish","type":"product","link":"https:\/\/limage-et-le-livre.com\/en\/books\/la-question-des-dix-villes-imperiales-dalsace-depuis-la-paix-de-westphalie-jusquaux-arrets-de-reunion-du-conseil-souverain-de-brisach-1648-1680-the-question-of-the-ten-imperial-towns-of\/","title":{"rendered":"La Question des dix villes imp\u00e9riales..."},"content":{"rendered":"<p>Paris &#8211; Lyon, Librairie A. Picard et Fils &#8211; A. Rey, Imprimeur-\u00e9diteur, 1899; in-4, 295 pp. Half leather, smooth spine, gilt author and title. Numbered copy, here no. 339, with no indication of the print run. A well-bound copy with the spine and covers preserved.<\/p>\n<div id=\"gtx-trans\" style=\"position: absolute; left: -67px; top: -10px;\">\n<div class=\"gtx-trans-icon\"><\/div>\n<\/div>\n","protected":false},"excerpt":{"rendered":"<p>La Question des dix villes imp\u00e9riales d&#8217;Alsace depuis la paix de Westphalie jusqu&#8217;aux arr\u00eats de &#8220;r\u00e9union&#8221; du conseil souverain de Brisach &#8211; 1648 &#8211; 1680. BARDOT (Georges). 1899.<\/p>\n","protected":false},"featured_media":21011,"template":"","meta":[],"product_brand":[],"product_cat":[5342],"product_tag":[5562,5561,8308,8309],"class_list":{"0":"post-18966","1":"product","2":"type-product","3":"status-publish","4":"has-post-thumbnail","6":"product_cat-books","7":"product_tag-alsace-en","8":"product_tag-alsatique-en","9":"product_tag-imperial-towns-of-alsace","10":"product_tag-rhine-league","11":"pa_annee-de-publication-1899-en","12":"pa_dimension-in-4-en","13":"pa_editeur-librairie-a-picard-en","14":"pa_etat-de-conservation-good","15":"pa_langue-french","16":"pa_lieu-de-publication-paris-en","17":"pa_type-couverture-hard-cover","19":"first","20":"outofstock","21":"purchasable","22":"product-type-simple"},"_links":{"self":[{"href":"https:\/\/limage-et-le-livre.com\/en\/wp-json\/wp\/v2\/product\/18966","targetHints":{"allow":["GET"]}}],"collection":[{"href":"https:\/\/limage-et-le-livre.com\/en\/wp-json\/wp\/v2\/product"}],"about":[{"href":"https:\/\/limage-et-le-livre.com\/en\/wp-json\/wp\/v2\/types\/product"}],"version-history":[{"count":0,"href":"https:\/\/limage-et-le-livre.com\/en\/wp-json\/wp\/v2\/product\/18966\/revisions"}],"wp:featuredmedia":[{"embeddable":true,"href":"https:\/\/limage-et-le-livre.com\/en\/wp-json\/wp\/v2\/media\/21011"}],"wp:attachment":[{"href":"https:\/\/limage-et-le-livre.com\/en\/wp-json\/wp\/v2\/media?parent=18966"}],"wp:term":[{"taxonomy":"product_brand","embeddable":true,"href":"https:\/\/limage-et-le-livre.com\/en\/wp-json\/wp\/v2\/product_brand?post=18966"},{"taxonomy":"product_cat","embeddable":true,"href":"https:\/\/limage-et-le-livre.com\/en\/wp-json\/wp\/v2\/product_cat?post=18966"},{"taxonomy":"product_tag","embeddable":true,"href":"https:\/\/limage-et-le-livre.com\/en\/wp-json\/wp\/v2\/product_tag?post=18966"}],"curies":[{"name":"wp","href":"https:\/\/api.w.org\/{rel}","templated":true}]}}