{"id":18971,"date":"2025-03-19T15:01:53","date_gmt":"2025-03-19T14:01:53","guid":{"rendered":"https:\/\/limage-et-le-livre.com\/boutique\/uncategorized\/explanation-of-the-table-concerning-the-modern-ritual-as-well-as-the-ancient-and-accepted-ritual-dedicated-to-the-resp-%e2%96%a1-de-la-vraie-fraternite-and-to-those-of-the-freres-reunis-a-lo-de\/"},"modified":"2025-03-20T14:14:53","modified_gmt":"2025-03-20T13:14:53","slug":"explanation-of-the-table-concerning-the-modern-ritual-as-well-as-the-ancient-and-accepted-ritual-dedicated-to-the-resp-%e2%96%a1-de-la-vraie-fraternite-and-to-those-of-the-freres-reunis-a-lo-de","status":"publish","type":"product","link":"https:\/\/limage-et-le-livre.com\/en\/books\/history-of-ideas\/explanation-of-the-table-concerning-the-modern-ritual-as-well-as-the-ancient-and-accepted-ritual-dedicated-to-the-resp-%e2%96%a1-de-la-vraie-fraternite-and-to-those-of-the-freres-reunis-a-lo-de\/","title":{"rendered":"Explanation of the table concerning the..."},"content":{"rendered":"<p>S.l. [Strasbourg] Ph. J. Dannbach, 5819 (1819); in-8, 16 pages, in paperback. Small marginal tears to cover and missing upper corner of front cover. Explanations by Chr\u00e9tien-Guilllaume Riebesthal (b. Schiltigheim, 1769) dedicated to the Strasbourg lodges of Vraie-fraternit\u00e9 (founded 1803) and Fr\u00e8res R\u00e9unis (founded 1811).   <\/p>\n<div id=\"gtx-trans\" style=\"position: absolute; left: -67px; top: -10px;\">\n<div class=\"gtx-trans-icon\"><\/div>\n<\/div>\n","protected":false},"excerpt":{"rendered":"<p>Explanation of the table concerning the modern ritual as well as the ancient and accepted ritual. Dedicated to the resp.: \u25a1 de la Vraie-Fraternit\u00e9 and to those of the Fr\u00e8res-r\u00e9unis a l&#8217;O.: de Strasbourg. RIEBESTHAL (Chr\u00e9tien-Guillaume). 5819.<\/p>\n","protected":false},"featured_media":13582,"template":"","meta":[],"product_brand":[],"product_cat":[5342,5357],"product_tag":[5563],"class_list":{"0":"post-18971","1":"product","2":"type-product","3":"status-publish","4":"has-post-thumbnail","6":"product_cat-books","7":"product_cat-history-of-ideas","8":"product_tag-strasbourg-en","9":"pa_annee-de-publication-1819-en","10":"pa_dimension-in-8-en","11":"pa_editeur-dannbach-en","12":"pa_etat-de-conservation-good","13":"pa_langue-french","14":"pa_type-couverture-soft-cover","16":"first","17":"outofstock","18":"purchasable","19":"product-type-simple"},"_links":{"self":[{"href":"https:\/\/limage-et-le-livre.com\/en\/wp-json\/wp\/v2\/product\/18971","targetHints":{"allow":["GET"]}}],"collection":[{"href":"https:\/\/limage-et-le-livre.com\/en\/wp-json\/wp\/v2\/product"}],"about":[{"href":"https:\/\/limage-et-le-livre.com\/en\/wp-json\/wp\/v2\/types\/product"}],"version-history":[{"count":0,"href":"https:\/\/limage-et-le-livre.com\/en\/wp-json\/wp\/v2\/product\/18971\/revisions"}],"wp:featuredmedia":[{"embeddable":true,"href":"https:\/\/limage-et-le-livre.com\/en\/wp-json\/wp\/v2\/media\/13582"}],"wp:attachment":[{"href":"https:\/\/limage-et-le-livre.com\/en\/wp-json\/wp\/v2\/media?parent=18971"}],"wp:term":[{"taxonomy":"product_brand","embeddable":true,"href":"https:\/\/limage-et-le-livre.com\/en\/wp-json\/wp\/v2\/product_brand?post=18971"},{"taxonomy":"product_cat","embeddable":true,"href":"https:\/\/limage-et-le-livre.com\/en\/wp-json\/wp\/v2\/product_cat?post=18971"},{"taxonomy":"product_tag","embeddable":true,"href":"https:\/\/limage-et-le-livre.com\/en\/wp-json\/wp\/v2\/product_tag?post=18971"}],"curies":[{"name":"wp","href":"https:\/\/api.w.org\/{rel}","templated":true}]}}