{"id":18972,"date":"2025-03-19T15:01:55","date_gmt":"2025-03-19T14:01:55","guid":{"rendered":"https:\/\/limage-et-le-livre.com\/boutique\/uncategorized\/rouen\/"},"modified":"2025-03-21T17:09:16","modified_gmt":"2025-03-21T16:09:16","slug":"rouen","status":"publish","type":"product","link":"https:\/\/limage-et-le-livre.com\/en\/books\/geography-and-travel\/france-en\/normandy\/rouen\/","title":{"rendered":"Rouen"},"content":{"rendered":"<p>Rouen. No\u00ebl Le Mire (1724, Rouen &#8211; 1801, Paris). 1775. Etching. A few light stains in the margins and bowl. Sheet size: 220 x 274 mm. Board size: 147 x 220 mm. A pupil of Jacques-Philippe Lebas in Paris, No\u00ebl Le Mire was an active draughtsman and engraver in Rouen and Paris. He was a member of the Acad\u00e9mie Imp\u00e9riale et Royale des Arts de Vienne (1768) and the Acad\u00e9mie des Sciences, Belles-lettres et Arts de Rouen (1769).<\/p>\n<div id=\"gtx-trans\" style=\"position: absolute; left: -67px; top: -10px;\">\n<div class=\"gtx-trans-icon\"><\/div>\n<\/div>\n","protected":false},"excerpt":{"rendered":"<p>Rouen. No\u00ebl Le Mire. 1775.<\/p>\n","protected":false},"featured_media":20995,"template":"","meta":[],"product_brand":[],"product_cat":[5388,5349,5360,5387,5386],"product_tag":[8304,5572,8326],"class_list":{"0":"post-18972","1":"product","2":"type-product","3":"status-publish","4":"has-post-thumbnail","6":"product_cat-cartography-and-travel","7":"product_cat-france-en","8":"product_cat-normandy","9":"product_cat-prints","10":"product_cat-prints-and-engravings","11":"product_tag-normandy","12":"product_tag-old-view","13":"product_tag-rouen-en","14":"pa_etat-de-conservation-good","16":"first","17":"instock","18":"purchasable","19":"product-type-simple"},"_links":{"self":[{"href":"https:\/\/limage-et-le-livre.com\/en\/wp-json\/wp\/v2\/product\/18972","targetHints":{"allow":["GET"]}}],"collection":[{"href":"https:\/\/limage-et-le-livre.com\/en\/wp-json\/wp\/v2\/product"}],"about":[{"href":"https:\/\/limage-et-le-livre.com\/en\/wp-json\/wp\/v2\/types\/product"}],"version-history":[{"count":0,"href":"https:\/\/limage-et-le-livre.com\/en\/wp-json\/wp\/v2\/product\/18972\/revisions"}],"wp:featuredmedia":[{"embeddable":true,"href":"https:\/\/limage-et-le-livre.com\/en\/wp-json\/wp\/v2\/media\/20995"}],"wp:attachment":[{"href":"https:\/\/limage-et-le-livre.com\/en\/wp-json\/wp\/v2\/media?parent=18972"}],"wp:term":[{"taxonomy":"product_brand","embeddable":true,"href":"https:\/\/limage-et-le-livre.com\/en\/wp-json\/wp\/v2\/product_brand?post=18972"},{"taxonomy":"product_cat","embeddable":true,"href":"https:\/\/limage-et-le-livre.com\/en\/wp-json\/wp\/v2\/product_cat?post=18972"},{"taxonomy":"product_tag","embeddable":true,"href":"https:\/\/limage-et-le-livre.com\/en\/wp-json\/wp\/v2\/product_tag?post=18972"}],"curies":[{"name":"wp","href":"https:\/\/api.w.org\/{rel}","templated":true}]}}