{"id":18981,"date":"2025-03-19T15:01:42","date_gmt":"2025-03-19T14:01:42","guid":{"rendered":"https:\/\/limage-et-le-livre.com\/boutique\/uncategorized\/le-havrele-havre-school-set-of-8-drawings-sketches-and-watercolors-and-3-documents-from-the-40s-and-50s-in-connection-with-the-madyl-gallery-in-le-havre\/"},"modified":"2025-03-20T14:14:40","modified_gmt":"2025-03-20T13:14:40","slug":"le-havrele-havre-school-set-of-8-drawings-sketches-and-watercolors-and-3-documents-from-the-40s-and-50s-in-connection-with-the-madyl-gallery-in-le-havre","status":"publish","type":"product","link":"https:\/\/limage-et-le-livre.com\/en\/drawings-and-watercolors\/le-havrele-havre-school-set-of-8-drawings-sketches-and-watercolors-and-3-documents-from-the-40s-and-50s-in-connection-with-the-madyl-gallery-in-le-havre\/","title":{"rendered":"[Le Havre]Le Havre school]. Set of..."},"content":{"rendered":"<p>Set of 8 drawings, sketches and watercolors and 3 documents from the 40s and 50s in connection with the Madyl gallery in Le Havre (size approx. 31 x 24 cm) including: a watercolor by Raymond Bigot (1872 &#8211; 1953), dated and signed; a drawing by Andr\u00e9 Fr\u00e9mond (1884-1965), dated and signed; a watercolor by Ren\u00e9 de Saint-Delis (1873-1958), signed ; a watercolor and drawing by Fred Pailh\u00e8s (1902 -1991), dated and signed; a handwritten speech by Henri Bruhier (1914 &#8211; 1987), journalist, dated and signed; a text by Julien Guillemard (1883 &#8211; 1960), Le Havre writer, dated and signed.<\/p>\n<div id=\"gtx-trans\" style=\"position: absolute; left: -67px; top: -10px;\">\n<div class=\"gtx-trans-icon\"><\/div>\n<\/div>\n","protected":false},"excerpt":{"rendered":"<p>[Le Havre]Le Havre school]. Set of 8 drawings, sketches and watercolors and 3 documents from the 40s and 50s in connection with the Madyl gallery in Le Havre. <\/p>\n","protected":false},"featured_media":13501,"template":"","meta":[],"product_brand":[],"product_cat":[5384,5386],"product_tag":[],"class_list":{"0":"post-18981","1":"product","2":"type-product","3":"status-publish","4":"has-post-thumbnail","6":"product_cat-drawings-and-watercolors","7":"product_cat-prints-and-engravings","8":"pa_etat-de-conservation-good","9":"pa_illustrateur-raymond-bigot-andre-fremond-rene-de-saint-delis-fred-pailhes-en","11":"first","12":"instock","13":"purchasable","14":"product-type-simple"},"_links":{"self":[{"href":"https:\/\/limage-et-le-livre.com\/en\/wp-json\/wp\/v2\/product\/18981","targetHints":{"allow":["GET"]}}],"collection":[{"href":"https:\/\/limage-et-le-livre.com\/en\/wp-json\/wp\/v2\/product"}],"about":[{"href":"https:\/\/limage-et-le-livre.com\/en\/wp-json\/wp\/v2\/types\/product"}],"version-history":[{"count":0,"href":"https:\/\/limage-et-le-livre.com\/en\/wp-json\/wp\/v2\/product\/18981\/revisions"}],"wp:featuredmedia":[{"embeddable":true,"href":"https:\/\/limage-et-le-livre.com\/en\/wp-json\/wp\/v2\/media\/13501"}],"wp:attachment":[{"href":"https:\/\/limage-et-le-livre.com\/en\/wp-json\/wp\/v2\/media?parent=18981"}],"wp:term":[{"taxonomy":"product_brand","embeddable":true,"href":"https:\/\/limage-et-le-livre.com\/en\/wp-json\/wp\/v2\/product_brand?post=18981"},{"taxonomy":"product_cat","embeddable":true,"href":"https:\/\/limage-et-le-livre.com\/en\/wp-json\/wp\/v2\/product_cat?post=18981"},{"taxonomy":"product_tag","embeddable":true,"href":"https:\/\/limage-et-le-livre.com\/en\/wp-json\/wp\/v2\/product_tag?post=18981"}],"curies":[{"name":"wp","href":"https:\/\/api.w.org\/{rel}","templated":true}]}}