{"id":18983,"date":"2025-03-19T15:01:43","date_gmt":"2025-03-19T14:01:43","guid":{"rendered":"https:\/\/limage-et-le-livre.com\/boutique\/uncategorized\/chambery-les-reservistes-de-la-periode-dinstruction-mai-juin-1896-to-lieutenant-mazot\/"},"modified":"2025-03-20T14:14:41","modified_gmt":"2025-03-20T13:14:41","slug":"chambery-les-reservistes-de-la-periode-dinstruction-mai-juin-1896-to-lieutenant-mazot","status":"publish","type":"product","link":"https:\/\/limage-et-le-livre.com\/en\/manuscripts\/chambery-les-reservistes-de-la-periode-dinstruction-mai-juin-1896-to-lieutenant-mazot\/","title":{"rendered":"[Chamb\u00e9ry] Les R\u00e9servistes de la p\u00e9riode..."},"content":{"rendered":"<p>[Chamb\u00e9ry]  Les R\u00e9servistes de la p\u00e9riode d&#8217;instruction Mai &#8211; Juin 1896 to Lieutenant Mazot. Chamb\u00e9ry, June 11, 1896. Pen drawing and handwritten text. Pitting, folds, two small marginal tears. Sheet size: 396 x 289mm. Letter of thanks from the Reservists of the 97th Infantry Regiment of Chamb\u00e9ry to Lieutenant Mazot, who was in charge of their training. Fine marginal drawing of military trophies and the Champ de Mars, signed A. Guiques and dated 1896.     <\/p>\n<div id=\"gtx-trans\" style=\"position: absolute; left: -67px; top: -10px;\">\n<div class=\"gtx-trans-icon\"><\/div>\n<\/div>\n","protected":false},"excerpt":{"rendered":"<p>[Chamb\u00e9ry]  Les R\u00e9servistes de la p\u00e9riode d&#8217;instruction Mai &#8211; Juin 1896 to Lieutenant Mazot. June 1896.<\/p>\n","protected":false},"featured_media":13530,"template":"","meta":[],"product_brand":[],"product_cat":[5379],"product_tag":[],"class_list":{"0":"post-18983","1":"product","2":"type-product","3":"status-publish","4":"has-post-thumbnail","6":"product_cat-manuscripts","7":"pa_etat-de-conservation-acceptable","9":"first","10":"outofstock","11":"purchasable","12":"product-type-simple"},"_links":{"self":[{"href":"https:\/\/limage-et-le-livre.com\/en\/wp-json\/wp\/v2\/product\/18983","targetHints":{"allow":["GET"]}}],"collection":[{"href":"https:\/\/limage-et-le-livre.com\/en\/wp-json\/wp\/v2\/product"}],"about":[{"href":"https:\/\/limage-et-le-livre.com\/en\/wp-json\/wp\/v2\/types\/product"}],"version-history":[{"count":0,"href":"https:\/\/limage-et-le-livre.com\/en\/wp-json\/wp\/v2\/product\/18983\/revisions"}],"wp:featuredmedia":[{"embeddable":true,"href":"https:\/\/limage-et-le-livre.com\/en\/wp-json\/wp\/v2\/media\/13530"}],"wp:attachment":[{"href":"https:\/\/limage-et-le-livre.com\/en\/wp-json\/wp\/v2\/media?parent=18983"}],"wp:term":[{"taxonomy":"product_brand","embeddable":true,"href":"https:\/\/limage-et-le-livre.com\/en\/wp-json\/wp\/v2\/product_brand?post=18983"},{"taxonomy":"product_cat","embeddable":true,"href":"https:\/\/limage-et-le-livre.com\/en\/wp-json\/wp\/v2\/product_cat?post=18983"},{"taxonomy":"product_tag","embeddable":true,"href":"https:\/\/limage-et-le-livre.com\/en\/wp-json\/wp\/v2\/product_tag?post=18983"}],"curies":[{"name":"wp","href":"https:\/\/api.w.org\/{rel}","templated":true}]}}