{"id":18988,"date":"2025-03-19T15:01:47","date_gmt":"2025-03-19T14:01:47","guid":{"rendered":"https:\/\/limage-et-le-livre.com\/boutique\/uncategorized\/bruchstucke-aus-dem-leben-des-charles-schulmeister-von-meinau-als-angeklagter-hauptspion-des-napoleon\/"},"modified":"2025-03-20T14:14:44","modified_gmt":"2025-03-20T13:14:44","slug":"bruchstucke-aus-dem-leben-des-charles-schulmeister-von-meinau-als-angeklagter-hauptspion-des-napoleon","status":"publish","type":"product","link":"https:\/\/limage-et-le-livre.com\/en\/books\/bruchstucke-aus-dem-leben-des-charles-schulmeister-von-meinau-als-angeklagter-hauptspion-des-napoleon\/","title":{"rendered":"Bruchst\u00fccke aus dem Leben des Charles..."},"content":{"rendered":"<p>Leipzig, in der baumg\u00e4rtuerschen Buchhandlung , 1817; in-12, 104 pp. Half cloth, gilt title and date on spine. Some corner and marginal tears, corners slightly dulled, old restorations. Page 15-16 bound after page 8, a complete copy. &#8220;Plaquette publi\u00e9e sur les indiscr\u00e9tions de Schulmeister ou par lui-m\u00eame concernant des erreurs pr\u00e9m\u00e9dit\u00e9es&#8221; (Paul M\u00fcller, &#8220;L&#8217;Espionnage militaire sous Napol\u00e9on Ier: Ch. Schulmeister. Berger-Levrault, Paris &#8211; Nancy, 1896). From the library of Jules Degermann.<\/p>\n<div id=\"gtx-trans\" style=\"position: absolute; left: -67px; top: -10px;\">\n<div class=\"gtx-trans-icon\"><\/div>\n<\/div>\n","protected":false},"excerpt":{"rendered":"<p>Bruchst\u00fccke aus dem Leben des Charles Schulmeister von Meinau als angeklagter Hauptspion des Napoleon. 1817.<\/p>\n","protected":false},"featured_media":13551,"template":"","meta":[],"product_brand":[],"product_cat":[5342],"product_tag":[5562,5561],"class_list":{"0":"post-18988","1":"product","2":"type-product","3":"status-publish","4":"has-post-thumbnail","6":"product_cat-books","7":"product_tag-alsace-en","8":"product_tag-alsatique-en","9":"pa_annee-de-publication-1817-en","10":"pa_dimension-in-12-en","11":"pa_etat-de-conservation-acceptable","12":"pa_langue-german","13":"pa_lieu-de-publication-leipzig-en","14":"pa_type-couverture-hard-cover","16":"first","17":"outofstock","18":"purchasable","19":"product-type-simple"},"_links":{"self":[{"href":"https:\/\/limage-et-le-livre.com\/en\/wp-json\/wp\/v2\/product\/18988","targetHints":{"allow":["GET"]}}],"collection":[{"href":"https:\/\/limage-et-le-livre.com\/en\/wp-json\/wp\/v2\/product"}],"about":[{"href":"https:\/\/limage-et-le-livre.com\/en\/wp-json\/wp\/v2\/types\/product"}],"version-history":[{"count":0,"href":"https:\/\/limage-et-le-livre.com\/en\/wp-json\/wp\/v2\/product\/18988\/revisions"}],"wp:featuredmedia":[{"embeddable":true,"href":"https:\/\/limage-et-le-livre.com\/en\/wp-json\/wp\/v2\/media\/13551"}],"wp:attachment":[{"href":"https:\/\/limage-et-le-livre.com\/en\/wp-json\/wp\/v2\/media?parent=18988"}],"wp:term":[{"taxonomy":"product_brand","embeddable":true,"href":"https:\/\/limage-et-le-livre.com\/en\/wp-json\/wp\/v2\/product_brand?post=18988"},{"taxonomy":"product_cat","embeddable":true,"href":"https:\/\/limage-et-le-livre.com\/en\/wp-json\/wp\/v2\/product_cat?post=18988"},{"taxonomy":"product_tag","embeddable":true,"href":"https:\/\/limage-et-le-livre.com\/en\/wp-json\/wp\/v2\/product_tag?post=18988"}],"curies":[{"name":"wp","href":"https:\/\/api.w.org\/{rel}","templated":true}]}}