{"id":19000,"date":"2025-03-19T15:01:34","date_gmt":"2025-03-19T14:01:34","guid":{"rendered":"https:\/\/limage-et-le-livre.com\/boutique\/uncategorized\/le-mystere-laic-essai-detude-indirecte-with-five-drawings-by-giorgio-de-chirico\/"},"modified":"2025-03-20T14:14:30","modified_gmt":"2025-03-20T13:14:30","slug":"le-mystere-laic-essai-detude-indirecte-with-five-drawings-by-giorgio-de-chirico","status":"publish","type":"product","link":"https:\/\/limage-et-le-livre.com\/en\/books\/le-mystere-laic-essai-detude-indirecte-with-five-drawings-by-giorgio-de-chirico\/","title":{"rendered":"Le Myst\u00e8re la\u00efc, Essai d&#8221;\u00e9tude indirecte..."},"content":{"rendered":"<p>Paris, Editions des quatre chemins, 1928; in-12 paperback, 80 pages. First edition, numbered copy, one of 2875 on Rives \u00e0 la forme paper. <\/p>\n<div id=\"gtx-trans\" style=\"position: absolute; left: -67px; top: -10px;\">\n<div class=\"gtx-trans-icon\"><\/div>\n<\/div>\n","protected":false},"excerpt":{"rendered":"<p>Le Myst\u00e8re la\u00efc, Essai d&#8221;\u00e9tude indirecte with five drawings by Giorgio de Chirico. Cocteau (Jean). 1928.  <\/p>\n","protected":false},"featured_media":13454,"template":"","meta":[],"product_brand":[],"product_cat":[5342],"product_tag":[],"class_list":{"0":"post-19000","1":"product","2":"type-product","3":"status-publish","4":"has-post-thumbnail","6":"product_cat-books","7":"pa_annee-de-publication-1928-en","8":"pa_dimension-in-12-en","9":"pa_editeur-editions-des-quatre-chemins-en","10":"pa_etat-de-conservation-good","11":"pa_illustrateur-giorgio-de-chirico-en","12":"pa_langue-french","13":"pa_lieu-de-publication-paris-en","14":"pa_type-couverture-soft-cover","16":"first","17":"outofstock","18":"purchasable","19":"product-type-simple"},"_links":{"self":[{"href":"https:\/\/limage-et-le-livre.com\/en\/wp-json\/wp\/v2\/product\/19000","targetHints":{"allow":["GET"]}}],"collection":[{"href":"https:\/\/limage-et-le-livre.com\/en\/wp-json\/wp\/v2\/product"}],"about":[{"href":"https:\/\/limage-et-le-livre.com\/en\/wp-json\/wp\/v2\/types\/product"}],"version-history":[{"count":0,"href":"https:\/\/limage-et-le-livre.com\/en\/wp-json\/wp\/v2\/product\/19000\/revisions"}],"wp:featuredmedia":[{"embeddable":true,"href":"https:\/\/limage-et-le-livre.com\/en\/wp-json\/wp\/v2\/media\/13454"}],"wp:attachment":[{"href":"https:\/\/limage-et-le-livre.com\/en\/wp-json\/wp\/v2\/media?parent=19000"}],"wp:term":[{"taxonomy":"product_brand","embeddable":true,"href":"https:\/\/limage-et-le-livre.com\/en\/wp-json\/wp\/v2\/product_brand?post=19000"},{"taxonomy":"product_cat","embeddable":true,"href":"https:\/\/limage-et-le-livre.com\/en\/wp-json\/wp\/v2\/product_cat?post=19000"},{"taxonomy":"product_tag","embeddable":true,"href":"https:\/\/limage-et-le-livre.com\/en\/wp-json\/wp\/v2\/product_tag?post=19000"}],"curies":[{"name":"wp","href":"https:\/\/api.w.org\/{rel}","templated":true}]}}