{"id":19001,"date":"2025-03-19T15:01:36","date_gmt":"2025-03-19T14:01:36","guid":{"rendered":"https:\/\/limage-et-le-livre.com\/boutique\/uncategorized\/dictionnaire-raisonne-of-french-architecture-from-the-11th-to-the-16th-century\/"},"modified":"2025-03-20T14:14:31","modified_gmt":"2025-03-20T13:14:31","slug":"dictionnaire-raisonne-of-french-architecture-from-the-11th-to-the-16th-century","status":"publish","type":"product","link":"https:\/\/limage-et-le-livre.com\/en\/books\/fine-arts\/architecture-en\/dictionnaire-raisonne-of-french-architecture-from-the-11th-to-the-16th-century\/","title":{"rendered":"Dictionnaire raisonn\u00e9 of French architecture from..."},"content":{"rendered":"<p>Paris, Vve Morel et Cie, 1875: 10 volumes in-8 of XV + 506 + 544 + 514 + 509 + 563 + 456 + 570 + 523 + 552 + unpaginated analytical table tom X; red half-chagrin, ribbed spine, gilt author, title and endpapers. Rubbing to boards and corners, foxing. Portrait-frontispiece by Viollet-le-Duc in 1st volume, numerous woodcuts in the text. From the library of Strasbourg architect Waldemar Osterloff, given by his professor Otto Back. A good copy of this reference work on medieval architecture.    <\/p>\n<div id=\"gtx-trans\" style=\"position: absolute; left: -67px; top: -10px;\">\n<div class=\"gtx-trans-icon\"><\/div>\n<\/div>\n","protected":false},"excerpt":{"rendered":"<p>Dictionnaire raisonn\u00e9 de l&#8217;architecture fran\u00e7aise du XIe au XVIe si\u00e8cle. Viollet-le-Duc (Eug\u00e8ne-Emmanuel). 1875.  <\/p>\n","protected":false},"featured_media":13462,"template":"","meta":[],"product_brand":[],"product_cat":[5469,5342,5353],"product_tag":[],"class_list":{"0":"post-19001","1":"product","2":"type-product","3":"status-publish","4":"has-post-thumbnail","6":"product_cat-architecture-en","7":"product_cat-books","8":"product_cat-fine-arts","9":"pa_annee-de-publication-1875-en","10":"pa_dimension-in-8-en","11":"pa_editeur-veuve-a-morel-cie-en","12":"pa_etat-de-conservation-good","13":"pa_langue-french","14":"pa_lieu-de-publication-paris-en","15":"pa_type-couverture-hard-cover","16":"pa_volume-10-en","18":"first","19":"outofstock","20":"purchasable","21":"product-type-simple"},"_links":{"self":[{"href":"https:\/\/limage-et-le-livre.com\/en\/wp-json\/wp\/v2\/product\/19001","targetHints":{"allow":["GET"]}}],"collection":[{"href":"https:\/\/limage-et-le-livre.com\/en\/wp-json\/wp\/v2\/product"}],"about":[{"href":"https:\/\/limage-et-le-livre.com\/en\/wp-json\/wp\/v2\/types\/product"}],"version-history":[{"count":0,"href":"https:\/\/limage-et-le-livre.com\/en\/wp-json\/wp\/v2\/product\/19001\/revisions"}],"wp:featuredmedia":[{"embeddable":true,"href":"https:\/\/limage-et-le-livre.com\/en\/wp-json\/wp\/v2\/media\/13462"}],"wp:attachment":[{"href":"https:\/\/limage-et-le-livre.com\/en\/wp-json\/wp\/v2\/media?parent=19001"}],"wp:term":[{"taxonomy":"product_brand","embeddable":true,"href":"https:\/\/limage-et-le-livre.com\/en\/wp-json\/wp\/v2\/product_brand?post=19001"},{"taxonomy":"product_cat","embeddable":true,"href":"https:\/\/limage-et-le-livre.com\/en\/wp-json\/wp\/v2\/product_cat?post=19001"},{"taxonomy":"product_tag","embeddable":true,"href":"https:\/\/limage-et-le-livre.com\/en\/wp-json\/wp\/v2\/product_tag?post=19001"}],"curies":[{"name":"wp","href":"https:\/\/api.w.org\/{rel}","templated":true}]}}