{"id":19005,"date":"2025-03-19T15:01:38","date_gmt":"2025-03-19T14:01:38","guid":{"rendered":"https:\/\/limage-et-le-livre.com\/boutique\/uncategorized\/lusage-du-compas-de-proportion-explique-et-demontre-dune-maniere-courte-facile-augmente-dun-traite-de-la-division-des-champs\/"},"modified":"2025-03-20T14:14:32","modified_gmt":"2025-03-20T13:14:32","slug":"lusage-du-compas-de-proportion-explique-et-demontre-dune-maniere-courte-facile-augmente-dun-traite-de-la-division-des-champs","status":"publish","type":"product","link":"https:\/\/limage-et-le-livre.com\/en\/books\/science-and-technology\/lusage-du-compas-de-proportion-explique-et-demontre-dune-maniere-courte-facile-augmente-dun-traite-de-la-division-des-champs\/","title":{"rendered":"L&#8217;Usage du compas de proportion expliqu\u00e9..."},"content":{"rendered":"<p>Paris, Etienne Michallet, 1688; in-12, 138 pages. Full contemporary basane, 5-rib spine decorated with fleurons, gilt title. Some spotting, jaws partly split, a few marginal halos, short margins for the first two hors-texte plates. First edition, complete with 4 hors-texts depicting the proportional compass made by Chapotot, a Parisian manufacturer. Numerous figures in the text.    <\/p>\n<div id=\"gtx-trans\" style=\"position: absolute; left: -67px; top: -10px;\">\n<div class=\"gtx-trans-icon\"><\/div>\n<\/div>\n","protected":false},"excerpt":{"rendered":"<p>L&#8217;Usage du compas de proportion expliqu\u00e9 et d\u00e9montr\u00e9 d&#8217;une mani\u00e8re courte &amp; facile, &amp; augment\u00e9 d&#8217;un trait\u00e9 de la division des champs. Ozanam (Jacques). 1688. <\/p>\n","protected":false},"featured_media":13475,"template":"","meta":[],"product_brand":[],"product_cat":[5342,5343],"product_tag":[8351],"class_list":{"0":"post-19005","1":"product","2":"type-product","3":"status-publish","4":"has-post-thumbnail","6":"product_cat-books","7":"product_cat-science-and-technology","8":"product_tag-first-edition","9":"pa_annee-de-publication-1688-en","10":"pa_dimension-in-12-en","11":"pa_editeur-etienne-michallet-en","12":"pa_etat-de-conservation-acceptable","13":"pa_langue-french","14":"pa_lieu-de-publication-paris-en","15":"pa_type-couverture-hard-cover","17":"first","18":"instock","19":"purchasable","20":"product-type-simple"},"_links":{"self":[{"href":"https:\/\/limage-et-le-livre.com\/en\/wp-json\/wp\/v2\/product\/19005","targetHints":{"allow":["GET"]}}],"collection":[{"href":"https:\/\/limage-et-le-livre.com\/en\/wp-json\/wp\/v2\/product"}],"about":[{"href":"https:\/\/limage-et-le-livre.com\/en\/wp-json\/wp\/v2\/types\/product"}],"version-history":[{"count":0,"href":"https:\/\/limage-et-le-livre.com\/en\/wp-json\/wp\/v2\/product\/19005\/revisions"}],"wp:featuredmedia":[{"embeddable":true,"href":"https:\/\/limage-et-le-livre.com\/en\/wp-json\/wp\/v2\/media\/13475"}],"wp:attachment":[{"href":"https:\/\/limage-et-le-livre.com\/en\/wp-json\/wp\/v2\/media?parent=19005"}],"wp:term":[{"taxonomy":"product_brand","embeddable":true,"href":"https:\/\/limage-et-le-livre.com\/en\/wp-json\/wp\/v2\/product_brand?post=19005"},{"taxonomy":"product_cat","embeddable":true,"href":"https:\/\/limage-et-le-livre.com\/en\/wp-json\/wp\/v2\/product_cat?post=19005"},{"taxonomy":"product_tag","embeddable":true,"href":"https:\/\/limage-et-le-livre.com\/en\/wp-json\/wp\/v2\/product_tag?post=19005"}],"curies":[{"name":"wp","href":"https:\/\/api.w.org\/{rel}","templated":true}]}}