{"id":19006,"date":"2025-03-19T15:01:40","date_gmt":"2025-03-19T14:01:40","guid":{"rendered":"https:\/\/limage-et-le-livre.com\/boutique\/uncategorized\/history-of-the-saints-of-alsace\/"},"modified":"2025-03-20T14:14:36","modified_gmt":"2025-03-20T13:14:36","slug":"history-of-the-saints-of-alsace","status":"publish","type":"product","link":"https:\/\/limage-et-le-livre.com\/en\/books\/history-of-the-saints-of-alsace\/","title":{"rendered":"History of the saints of Alsace"},"content":{"rendered":"<p>Strasbourg, Paris, F. G. Levrault, 1837; in-8 of X, 652 pp. Later half-chagrin with corners, smooth spine, gilt author, title, fillets and crosses. Some foxing, small loss at lower corner of first cover. Covers preserved.   <\/p>\n<div id=\"gtx-trans\" style=\"position: absolute; left: -67px; top: -10px;\">\n<div class=\"gtx-trans-icon\"><\/div>\n<\/div>\n","protected":false},"excerpt":{"rendered":"<p>History of the saints of Alsace. Hunckler (Th\u00e9odore Fran\u00e7ois Xavier, Abb\u00e9). 1837.  <\/p>\n","protected":false},"featured_media":13497,"template":"","meta":[],"product_brand":[],"product_cat":[5342],"product_tag":[5562,5561,5560],"class_list":{"0":"post-19006","1":"product","2":"type-product","3":"status-publish","4":"has-post-thumbnail","6":"product_cat-books","7":"product_tag-alsace-en","8":"product_tag-alsatique-en","9":"product_tag-history","10":"pa_annee-de-publication-1837-en","11":"pa_dimension-in-8-en","12":"pa_editeur-f-g-levrault-en","13":"pa_etat-de-conservation-good","14":"pa_langue-french","15":"pa_lieu-de-publication-strasbourg-paris-en","16":"pa_type-couverture-hard-cover","18":"first","19":"outofstock","20":"purchasable","21":"product-type-simple"},"_links":{"self":[{"href":"https:\/\/limage-et-le-livre.com\/en\/wp-json\/wp\/v2\/product\/19006","targetHints":{"allow":["GET"]}}],"collection":[{"href":"https:\/\/limage-et-le-livre.com\/en\/wp-json\/wp\/v2\/product"}],"about":[{"href":"https:\/\/limage-et-le-livre.com\/en\/wp-json\/wp\/v2\/types\/product"}],"version-history":[{"count":0,"href":"https:\/\/limage-et-le-livre.com\/en\/wp-json\/wp\/v2\/product\/19006\/revisions"}],"wp:featuredmedia":[{"embeddable":true,"href":"https:\/\/limage-et-le-livre.com\/en\/wp-json\/wp\/v2\/media\/13497"}],"wp:attachment":[{"href":"https:\/\/limage-et-le-livre.com\/en\/wp-json\/wp\/v2\/media?parent=19006"}],"wp:term":[{"taxonomy":"product_brand","embeddable":true,"href":"https:\/\/limage-et-le-livre.com\/en\/wp-json\/wp\/v2\/product_brand?post=19006"},{"taxonomy":"product_cat","embeddable":true,"href":"https:\/\/limage-et-le-livre.com\/en\/wp-json\/wp\/v2\/product_cat?post=19006"},{"taxonomy":"product_tag","embeddable":true,"href":"https:\/\/limage-et-le-livre.com\/en\/wp-json\/wp\/v2\/product_tag?post=19006"}],"curies":[{"name":"wp","href":"https:\/\/api.w.org\/{rel}","templated":true}]}}