{"id":19008,"date":"2025-03-19T15:01:38","date_gmt":"2025-03-19T14:01:38","guid":{"rendered":"https:\/\/limage-et-le-livre.com\/boutique\/uncategorized\/philosophy-in-19th-century-france\/"},"modified":"2025-03-20T14:14:34","modified_gmt":"2025-03-20T13:14:34","slug":"philosophy-in-19th-century-france","status":"publish","type":"product","link":"https:\/\/limage-et-le-livre.com\/en\/books\/literature\/philosophy-in-19th-century-france\/","title":{"rendered":"Philosophy in 19th-century France"},"content":{"rendered":"<p>Paris, Imprimerie imp\u00e9riale &#8211; Hachette et Cie, 1868; in-4 of 2 f., 266 pages. Brown half-chagrin, spine ribbed, gilt author and title. &#8220;Recueil de rapports sur les progr\u00e8s des lettres et des sciences en France&#8221; by philosopher, philologist and curator F\u00e9lix Ravaisson (1813, Namur &#8211; 1900, Paris). Author&#8217;s letter to the surveyor Evariste Bern\u00e8s.<\/p>\n<div id=\"gtx-trans\" style=\"position: absolute; left: -67px; top: -10px;\">\n<div class=\"gtx-trans-icon\"><\/div>\n<\/div>\n","protected":false},"excerpt":{"rendered":"<p>Philosophy in France in the 19th century. Ravaisson (F\u00e9lix). 1868.  <\/p>\n","protected":false},"featured_media":13480,"template":"","meta":[],"product_brand":[],"product_cat":[5342,5351],"product_tag":[],"class_list":{"0":"post-19008","1":"product","2":"type-product","3":"status-publish","4":"has-post-thumbnail","6":"product_cat-books","7":"product_cat-literature","8":"pa_annee-de-publication-1868-en","9":"pa_dimension-in-4-en","10":"pa_editeur-imperial-printing","11":"pa_etat-de-conservation-good","12":"pa_langue-french","13":"pa_lieu-de-publication-paris-en","14":"pa_signature-from-the-author","15":"pa_type-couverture-hard-cover","17":"first","18":"outofstock","19":"purchasable","20":"product-type-simple"},"_links":{"self":[{"href":"https:\/\/limage-et-le-livre.com\/en\/wp-json\/wp\/v2\/product\/19008","targetHints":{"allow":["GET"]}}],"collection":[{"href":"https:\/\/limage-et-le-livre.com\/en\/wp-json\/wp\/v2\/product"}],"about":[{"href":"https:\/\/limage-et-le-livre.com\/en\/wp-json\/wp\/v2\/types\/product"}],"version-history":[{"count":0,"href":"https:\/\/limage-et-le-livre.com\/en\/wp-json\/wp\/v2\/product\/19008\/revisions"}],"wp:featuredmedia":[{"embeddable":true,"href":"https:\/\/limage-et-le-livre.com\/en\/wp-json\/wp\/v2\/media\/13480"}],"wp:attachment":[{"href":"https:\/\/limage-et-le-livre.com\/en\/wp-json\/wp\/v2\/media?parent=19008"}],"wp:term":[{"taxonomy":"product_brand","embeddable":true,"href":"https:\/\/limage-et-le-livre.com\/en\/wp-json\/wp\/v2\/product_brand?post=19008"},{"taxonomy":"product_cat","embeddable":true,"href":"https:\/\/limage-et-le-livre.com\/en\/wp-json\/wp\/v2\/product_cat?post=19008"},{"taxonomy":"product_tag","embeddable":true,"href":"https:\/\/limage-et-le-livre.com\/en\/wp-json\/wp\/v2\/product_tag?post=19008"}],"curies":[{"name":"wp","href":"https:\/\/api.w.org\/{rel}","templated":true}]}}