{"id":19024,"date":"2025-03-19T15:00:19","date_gmt":"2025-03-19T14:00:19","guid":{"rendered":"https:\/\/limage-et-le-livre.com\/boutique\/uncategorized\/bourlier-saddler\/"},"modified":"2025-03-20T14:16:50","modified_gmt":"2025-03-20T13:16:50","slug":"bourlier-saddler","status":"publish","type":"product","link":"https:\/\/limage-et-le-livre.com\/en\/prints-and-engravings\/prints\/horses-and-riding\/bourlier-saddler\/","title":{"rendered":"Bourlier (saddler)"},"content":{"rendered":"<p>Bourlier (saddler). Diderot and d&#8217;Alembert. Engraved by Defehrt after a drawing by Goussier. Copper engraving. 18th century. Sheet size: 415 x 256 mm. Plate size: 353 x 224 mm. Plate from the Encyclop\u00e9die ou Dictionnaire raisonn\u00e9 des sciences, des arts et des m\u00e9tiers by Diderot and d&#8217;Alembert.  <\/p>\n<div id=\"gtx-trans\" style=\"position: absolute; left: -67px; top: -10px;\">\n<div class=\"gtx-trans-icon\"><\/div>\n<\/div>\n","protected":false},"excerpt":{"rendered":"<p>Bourlier (saddler). Diderot and d&#8217;Alembert. 18th century.<\/p>\n","protected":false},"featured_media":12988,"template":"","meta":[],"product_brand":[],"product_cat":[5468,5387,5386,5496],"product_tag":[5644],"class_list":{"0":"post-19024","1":"product","2":"type-product","3":"status-publish","4":"has-post-thumbnail","6":"product_cat-horses-and-riding","7":"product_cat-prints","8":"product_cat-prints-and-engravings","9":"product_cat-professions","10":"product_tag-horses","11":"pa_etat-de-conservation-very-good","12":"pa_type-couverture-no-cover","14":"first","15":"instock","16":"purchasable","17":"product-type-simple"},"_links":{"self":[{"href":"https:\/\/limage-et-le-livre.com\/en\/wp-json\/wp\/v2\/product\/19024","targetHints":{"allow":["GET"]}}],"collection":[{"href":"https:\/\/limage-et-le-livre.com\/en\/wp-json\/wp\/v2\/product"}],"about":[{"href":"https:\/\/limage-et-le-livre.com\/en\/wp-json\/wp\/v2\/types\/product"}],"version-history":[{"count":0,"href":"https:\/\/limage-et-le-livre.com\/en\/wp-json\/wp\/v2\/product\/19024\/revisions"}],"wp:featuredmedia":[{"embeddable":true,"href":"https:\/\/limage-et-le-livre.com\/en\/wp-json\/wp\/v2\/media\/12988"}],"wp:attachment":[{"href":"https:\/\/limage-et-le-livre.com\/en\/wp-json\/wp\/v2\/media?parent=19024"}],"wp:term":[{"taxonomy":"product_brand","embeddable":true,"href":"https:\/\/limage-et-le-livre.com\/en\/wp-json\/wp\/v2\/product_brand?post=19024"},{"taxonomy":"product_cat","embeddable":true,"href":"https:\/\/limage-et-le-livre.com\/en\/wp-json\/wp\/v2\/product_cat?post=19024"},{"taxonomy":"product_tag","embeddable":true,"href":"https:\/\/limage-et-le-livre.com\/en\/wp-json\/wp\/v2\/product_tag?post=19024"}],"curies":[{"name":"wp","href":"https:\/\/api.w.org\/{rel}","templated":true}]}}