{"id":19025,"date":"2025-03-19T15:00:22","date_gmt":"2025-03-19T14:00:22","guid":{"rendered":"https:\/\/limage-et-le-livre.com\/boutique\/uncategorized\/memoires-de-montecuculi-generalissime-des-troupes-de-lempereur-divisez-en-trois-livres-i-de-lart-militaire-en-general-ii-de-la-guerre-contre-le-turc-iii-relation-de-la-campagne-de-1664-no\/"},"modified":"2025-03-20T14:16:50","modified_gmt":"2025-03-20T13:16:50","slug":"memoires-de-montecuculi-generalissime-des-troupes-de-lempereur-divisez-en-trois-livres-i-de-lart-militaire-en-general-ii-de-la-guerre-contre-le-turc-iii-relation-de-la-campagne-de-1664-no","status":"publish","type":"product","link":"https:\/\/limage-et-le-livre.com\/en\/books\/memoires-de-montecuculi-generalissime-des-troupes-de-lempereur-divisez-en-trois-livres-i-de-lart-militaire-en-general-ii-de-la-guerre-contre-le-turc-iii-relation-de-la-campagne-de-1664-no\/","title":{"rendered":"Memoires de Montecuculi, Generalissime des Troupes..."},"content":{"rendered":"<p>Strasbourg, chez Jean Renauld Doulssecker le P\u00e8re, 1735; in-12, frontispiece, title page, 3 f. epitre, 4 f. avertissement, 469 pages, 9 f. tables. Full calf, 5-rib spine, gilt fillets, title page, date and place of edition at the end. Some spotting, notably on the spine, annotations in pencil. First Strasbourg edition of this important work by Generalissimo Montecuccoli, dealing with military art and warfare against the Turks (including the Battle of Saint-Gothard in Hungary). A fine copy, complete with 3 folding plates.       <\/p>\n<div id=\"gtx-trans\" style=\"position: absolute; left: -67px; top: -10px;\">\n<div class=\"gtx-trans-icon\"><\/div>\n<\/div>\n","protected":false},"excerpt":{"rendered":"<p>Memoires de Montecuculi, Generalissime des Troupes de l&#8217;Empereur, divisez en trois livres. I. De l&#8217;art militaire en g\u00e9n\u00e9ral. II. De la guerre contre le Turc. III. Relation de la campagne de 1664. Nouvelle edition, revu\u00eb &amp; corrig\u00e9e en plusieurs endroits par l&#8217;Auteur, &amp; augment\u00e9e de plus de 200. notes historiques &amp; g\u00e9ographiques. Montecuculi (Raimond de). 1735.         <\/p>\n","protected":false},"featured_media":12997,"template":"","meta":[],"product_brand":[],"product_cat":[5342],"product_tag":[5560],"class_list":{"0":"post-19025","1":"product","2":"type-product","3":"status-publish","4":"has-post-thumbnail","6":"product_cat-books","7":"product_tag-history","8":"pa_annee-de-publication-1735-en","9":"pa_dimension-in-12-en","10":"pa_editeur-jean-renauld-doulssecker-en","11":"pa_etat-de-conservation-very-good","12":"pa_langue-french","13":"pa_lieu-de-publication-strasbourg-en","14":"pa_type-couverture-hard-cover","16":"first","17":"instock","18":"purchasable","19":"product-type-simple"},"_links":{"self":[{"href":"https:\/\/limage-et-le-livre.com\/en\/wp-json\/wp\/v2\/product\/19025","targetHints":{"allow":["GET"]}}],"collection":[{"href":"https:\/\/limage-et-le-livre.com\/en\/wp-json\/wp\/v2\/product"}],"about":[{"href":"https:\/\/limage-et-le-livre.com\/en\/wp-json\/wp\/v2\/types\/product"}],"version-history":[{"count":0,"href":"https:\/\/limage-et-le-livre.com\/en\/wp-json\/wp\/v2\/product\/19025\/revisions"}],"wp:featuredmedia":[{"embeddable":true,"href":"https:\/\/limage-et-le-livre.com\/en\/wp-json\/wp\/v2\/media\/12997"}],"wp:attachment":[{"href":"https:\/\/limage-et-le-livre.com\/en\/wp-json\/wp\/v2\/media?parent=19025"}],"wp:term":[{"taxonomy":"product_brand","embeddable":true,"href":"https:\/\/limage-et-le-livre.com\/en\/wp-json\/wp\/v2\/product_brand?post=19025"},{"taxonomy":"product_cat","embeddable":true,"href":"https:\/\/limage-et-le-livre.com\/en\/wp-json\/wp\/v2\/product_cat?post=19025"},{"taxonomy":"product_tag","embeddable":true,"href":"https:\/\/limage-et-le-livre.com\/en\/wp-json\/wp\/v2\/product_tag?post=19025"}],"curies":[{"name":"wp","href":"https:\/\/api.w.org\/{rel}","templated":true}]}}