{"id":19039,"date":"2025-03-19T15:00:25","date_gmt":"2025-03-19T14:00:25","guid":{"rendered":"https:\/\/limage-et-le-livre.com\/boutique\/uncategorized\/les-orgues-de-la-cathedrale-de-strasbourg-a-travers-les-siecles-historical-study-illustrated-with-engravings-and-hors-texte-plates-on-the-occasion-of-the-blessing-of-the-silbermann-roethinger-great\/"},"modified":"2025-03-20T14:16:56","modified_gmt":"2025-03-20T13:16:56","slug":"les-orgues-de-la-cathedrale-de-strasbourg-a-travers-les-siecles-historical-study-illustrated-with-engravings-and-hors-texte-plates-on-the-occasion-of-the-blessing-of-the-silbermann-roethinger-great","status":"publish","type":"product","link":"https:\/\/limage-et-le-livre.com\/en\/books\/fine-arts\/music\/les-orgues-de-la-cathedrale-de-strasbourg-a-travers-les-siecles-historical-study-illustrated-with-engravings-and-hors-texte-plates-on-the-occasion-of-the-blessing-of-the-silbermann-roethinger-great\/","title":{"rendered":"Les Orgues de la cath\u00e9drale de..."},"content":{"rendered":"<p>Strasbourg, Imprimerie M\u00fch &#8211; Le Roux, (1935) ; in-4 paperback with VII , 33 pages and VII plates. Printed and illustrated cover. Spine hand-titled and split at top, slight sunning, otherwise a fine copy.  <\/p>\n<div id=\"gtx-trans\" style=\"position: absolute; left: -67px; top: -10px;\">\n<div class=\"gtx-trans-icon\"><\/div>\n<\/div>\n","protected":false},"excerpt":{"rendered":"<p>Les Orgues de la cath\u00e9drale de Strasbourg \u00e0 travers les si\u00e8cles. Etude historique, adorned with engravings and hors texte plates on the occasion of the blessing of the Silbermann-Roethinger Great Organs, July 7, 1935. Gass (Joseph). (1935).   <\/p>\n","protected":false},"featured_media":13017,"template":"","meta":[],"product_brand":[],"product_cat":[5342,5353,5366],"product_tag":[5561,5563],"class_list":{"0":"post-19039","1":"product","2":"type-product","3":"status-publish","4":"has-post-thumbnail","6":"product_cat-books","7":"product_cat-fine-arts","8":"product_cat-music","9":"product_tag-alsatique-en","10":"product_tag-strasbourg-en","11":"pa_dimension-in-4-en","12":"pa_editeur-imprimerie-muh-le-roux-en","13":"pa_etat-de-conservation-good","14":"pa_langue-french","15":"pa_lieu-de-publication-strasbourg-en","16":"pa_type-couverture-soft-cover","18":"first","19":"outofstock","20":"purchasable","21":"product-type-simple"},"_links":{"self":[{"href":"https:\/\/limage-et-le-livre.com\/en\/wp-json\/wp\/v2\/product\/19039","targetHints":{"allow":["GET"]}}],"collection":[{"href":"https:\/\/limage-et-le-livre.com\/en\/wp-json\/wp\/v2\/product"}],"about":[{"href":"https:\/\/limage-et-le-livre.com\/en\/wp-json\/wp\/v2\/types\/product"}],"version-history":[{"count":0,"href":"https:\/\/limage-et-le-livre.com\/en\/wp-json\/wp\/v2\/product\/19039\/revisions"}],"wp:featuredmedia":[{"embeddable":true,"href":"https:\/\/limage-et-le-livre.com\/en\/wp-json\/wp\/v2\/media\/13017"}],"wp:attachment":[{"href":"https:\/\/limage-et-le-livre.com\/en\/wp-json\/wp\/v2\/media?parent=19039"}],"wp:term":[{"taxonomy":"product_brand","embeddable":true,"href":"https:\/\/limage-et-le-livre.com\/en\/wp-json\/wp\/v2\/product_brand?post=19039"},{"taxonomy":"product_cat","embeddable":true,"href":"https:\/\/limage-et-le-livre.com\/en\/wp-json\/wp\/v2\/product_cat?post=19039"},{"taxonomy":"product_tag","embeddable":true,"href":"https:\/\/limage-et-le-livre.com\/en\/wp-json\/wp\/v2\/product_tag?post=19039"}],"curies":[{"name":"wp","href":"https:\/\/api.w.org\/{rel}","templated":true}]}}