{"id":19042,"date":"2025-03-19T15:00:29","date_gmt":"2025-03-19T14:00:29","guid":{"rendered":"https:\/\/limage-et-le-livre.com\/boutique\/uncategorized\/gruss-aus-saargemund\/"},"modified":"2025-03-19T15:00:29","modified_gmt":"2025-03-19T14:00:29","slug":"gruss-aus-saargemund","status":"publish","type":"product","link":"https:\/\/limage-et-le-livre.com\/en\/varia-en\/postcards\/gruss-aus-saargemund\/","title":{"rendered":"Gruss aus Saargem\u00fcnd"},"content":{"rendered":"<p>Gruss aus Saargem\u00fcnd. Posramt und Neubr\u00fcckenstrasse. Neue Cavallerie-Kaserne. Rathaus. Kunst Anstalt Rosenblatt, Frankfurt am Main. Antique postcard, late 19th century.     <\/p>\n<div id=\"gtx-trans\" style=\"position: absolute; left: -67px; top: -10px;\">\n<div class=\"gtx-trans-icon\"><\/div>\n<\/div>\n","protected":false},"excerpt":{"rendered":"<p>Gruss aus Saargem\u00fcnd. Antique postcard. Late 19th century.  <\/p>\n","protected":false},"featured_media":13045,"template":"","meta":[],"product_brand":[],"product_cat":[5479,5386,5451],"product_tag":[],"class_list":{"0":"post-19042","1":"product","2":"type-product","3":"status-publish","4":"has-post-thumbnail","6":"product_cat-postcards","7":"product_cat-prints-and-engravings","8":"product_cat-varia-en","9":"pa_etat-de-conservation-good","10":"pa_langue-german","11":"pa_type-couverture-no-cover","13":"first","14":"outofstock","15":"purchasable","16":"product-type-simple"},"_links":{"self":[{"href":"https:\/\/limage-et-le-livre.com\/en\/wp-json\/wp\/v2\/product\/19042","targetHints":{"allow":["GET"]}}],"collection":[{"href":"https:\/\/limage-et-le-livre.com\/en\/wp-json\/wp\/v2\/product"}],"about":[{"href":"https:\/\/limage-et-le-livre.com\/en\/wp-json\/wp\/v2\/types\/product"}],"version-history":[{"count":0,"href":"https:\/\/limage-et-le-livre.com\/en\/wp-json\/wp\/v2\/product\/19042\/revisions"}],"wp:featuredmedia":[{"embeddable":true,"href":"https:\/\/limage-et-le-livre.com\/en\/wp-json\/wp\/v2\/media\/13045"}],"wp:attachment":[{"href":"https:\/\/limage-et-le-livre.com\/en\/wp-json\/wp\/v2\/media?parent=19042"}],"wp:term":[{"taxonomy":"product_brand","embeddable":true,"href":"https:\/\/limage-et-le-livre.com\/en\/wp-json\/wp\/v2\/product_brand?post=19042"},{"taxonomy":"product_cat","embeddable":true,"href":"https:\/\/limage-et-le-livre.com\/en\/wp-json\/wp\/v2\/product_cat?post=19042"},{"taxonomy":"product_tag","embeddable":true,"href":"https:\/\/limage-et-le-livre.com\/en\/wp-json\/wp\/v2\/product_tag?post=19042"}],"curies":[{"name":"wp","href":"https:\/\/api.w.org\/{rel}","templated":true}]}}