{"id":19043,"date":"2025-03-19T15:00:25","date_gmt":"2025-03-19T14:00:25","guid":{"rendered":"https:\/\/limage-et-le-livre.com\/boutique\/uncategorized\/extraordinary-session-held-by-louis-xvi-at-the-palais-on-november-19-1787\/"},"modified":"2025-03-20T14:17:01","modified_gmt":"2025-03-20T13:17:01","slug":"extraordinary-session-held-by-louis-xvi-at-the-palais-on-november-19-1787","status":"publish","type":"product","link":"https:\/\/limage-et-le-livre.com\/en\/prints-and-engravings\/prints\/professions\/extraordinary-session-held-by-louis-xvi-at-the-palais-on-november-19-1787\/","title":{"rendered":"Extraordinary session held by Louis XVI,..."},"content":{"rendered":"<p>S\u00e9ance extraordinaire tenue par Louis XVI, au Palais, le 19 Novembre 1787. Engraved by Claude Niquet dit l&#8217;a\u00een\u00e9 after Meunier and Girardet.  Copper engraving. 1802. Sheet size: 305 x 456 mm. Sheet size: 265 x 333 mm.  <\/p>\n<div id=\"gtx-trans\" style=\"position: absolute; left: -67px; top: -10px;\">\n<div class=\"gtx-trans-icon\"><\/div>\n<\/div>\n","protected":false},"excerpt":{"rendered":"<p>S\u00e9ance extraordinaire tenue par Louis XVI, au Palais, le 19 Novembre 1787. Engraved by Claude Niquet dit l&#8217;a\u00een\u00e9 after Meunier and Girardet. 1802.  <\/p>\n","protected":false},"featured_media":13007,"template":"","meta":[],"product_brand":[],"product_cat":[5387,5386,5496],"product_tag":[],"class_list":{"0":"post-19043","1":"product","2":"type-product","3":"status-publish","4":"has-post-thumbnail","6":"product_cat-prints","7":"product_cat-prints-and-engravings","8":"product_cat-professions","9":"pa_etat-de-conservation-very-good","10":"pa_langue-french","11":"pa_type-couverture-no-cover","13":"first","14":"outofstock","15":"purchasable","16":"product-type-simple"},"_links":{"self":[{"href":"https:\/\/limage-et-le-livre.com\/en\/wp-json\/wp\/v2\/product\/19043","targetHints":{"allow":["GET"]}}],"collection":[{"href":"https:\/\/limage-et-le-livre.com\/en\/wp-json\/wp\/v2\/product"}],"about":[{"href":"https:\/\/limage-et-le-livre.com\/en\/wp-json\/wp\/v2\/types\/product"}],"version-history":[{"count":0,"href":"https:\/\/limage-et-le-livre.com\/en\/wp-json\/wp\/v2\/product\/19043\/revisions"}],"wp:featuredmedia":[{"embeddable":true,"href":"https:\/\/limage-et-le-livre.com\/en\/wp-json\/wp\/v2\/media\/13007"}],"wp:attachment":[{"href":"https:\/\/limage-et-le-livre.com\/en\/wp-json\/wp\/v2\/media?parent=19043"}],"wp:term":[{"taxonomy":"product_brand","embeddable":true,"href":"https:\/\/limage-et-le-livre.com\/en\/wp-json\/wp\/v2\/product_brand?post=19043"},{"taxonomy":"product_cat","embeddable":true,"href":"https:\/\/limage-et-le-livre.com\/en\/wp-json\/wp\/v2\/product_cat?post=19043"},{"taxonomy":"product_tag","embeddable":true,"href":"https:\/\/limage-et-le-livre.com\/en\/wp-json\/wp\/v2\/product_tag?post=19043"}],"curies":[{"name":"wp","href":"https:\/\/api.w.org\/{rel}","templated":true}]}}