{"id":19049,"date":"2025-03-19T15:00:29","date_gmt":"2025-03-19T14:00:29","guid":{"rendered":"https:\/\/limage-et-le-livre.com\/boutique\/uncategorized\/les-sapinieres-du-plateau-de-malzeville-creation-and-financial-results\/"},"modified":"2025-03-20T14:17:02","modified_gmt":"2025-03-20T13:17:02","slug":"les-sapinieres-du-plateau-de-malzeville-creation-and-financial-results","status":"publish","type":"product","link":"https:\/\/limage-et-le-livre.com\/en\/books\/geography-and-travel\/france-en\/lorraine-en\/les-sapinieres-du-plateau-de-malzeville-creation-and-financial-results\/","title":{"rendered":"Les Sapini\u00e8res du plateau de Malz\u00e9ville...."},"content":{"rendered":"<p>Nancy, Librairie Sidot Fr\u00e8res, Vagner et Lambert, 1910; in-8 paperback, 28 pages, printed cover. Complete with in fine color plan showing the fir forests of the Plateau de Malz\u00e9ville. Study on the afforestation of the Plateau, the species used and the economic results. Sent by the author to the artist Etienne Cournault.    A very fine copy.<\/p>\n<div id=\"gtx-trans\" style=\"position: absolute; left: -67px; top: -10px;\">\n<div class=\"gtx-trans-icon\"><\/div>\n<\/div>\n","protected":false},"excerpt":{"rendered":"<p>Les Sapini\u00e8res du plateau de Malz\u00e9ville. Creation and financial results.  Riston (Jacques). 1910. <\/p>\n","protected":false},"featured_media":13029,"template":"","meta":[],"product_brand":[],"product_cat":[5342,5349,5348,5376],"product_tag":[],"class_list":{"0":"post-19049","1":"product","2":"type-product","3":"status-publish","4":"has-post-thumbnail","6":"product_cat-books","7":"product_cat-france-en","8":"product_cat-geography-and-travel","9":"product_cat-lorraine-en","10":"pa_annee-de-publication-1910-en","11":"pa_dimension-in-8-en","12":"pa_editeur-sidot-freres-bookstore","13":"pa_etat-de-conservation-very-good","14":"pa_langue-french","15":"pa_lieu-de-publication-nancy-en","16":"pa_signature-signed-by-the-author","17":"pa_type-couverture-soft-cover","19":"first","20":"instock","21":"purchasable","22":"product-type-simple"},"_links":{"self":[{"href":"https:\/\/limage-et-le-livre.com\/en\/wp-json\/wp\/v2\/product\/19049","targetHints":{"allow":["GET"]}}],"collection":[{"href":"https:\/\/limage-et-le-livre.com\/en\/wp-json\/wp\/v2\/product"}],"about":[{"href":"https:\/\/limage-et-le-livre.com\/en\/wp-json\/wp\/v2\/types\/product"}],"version-history":[{"count":0,"href":"https:\/\/limage-et-le-livre.com\/en\/wp-json\/wp\/v2\/product\/19049\/revisions"}],"wp:featuredmedia":[{"embeddable":true,"href":"https:\/\/limage-et-le-livre.com\/en\/wp-json\/wp\/v2\/media\/13029"}],"wp:attachment":[{"href":"https:\/\/limage-et-le-livre.com\/en\/wp-json\/wp\/v2\/media?parent=19049"}],"wp:term":[{"taxonomy":"product_brand","embeddable":true,"href":"https:\/\/limage-et-le-livre.com\/en\/wp-json\/wp\/v2\/product_brand?post=19049"},{"taxonomy":"product_cat","embeddable":true,"href":"https:\/\/limage-et-le-livre.com\/en\/wp-json\/wp\/v2\/product_cat?post=19049"},{"taxonomy":"product_tag","embeddable":true,"href":"https:\/\/limage-et-le-livre.com\/en\/wp-json\/wp\/v2\/product_tag?post=19049"}],"curies":[{"name":"wp","href":"https:\/\/api.w.org\/{rel}","templated":true}]}}