{"id":19057,"date":"2025-03-19T15:00:33","date_gmt":"2025-03-19T14:00:33","guid":{"rendered":"https:\/\/limage-et-le-livre.com\/boutique\/uncategorized\/verwandlungs-tabellen-worin-sowohl-die-alten-masse-mit-den-neuen-als-auch-die-neuen-mit-den-alten-massen-verglichen-werden\/"},"modified":"2025-03-20T14:17:06","modified_gmt":"2025-03-20T13:17:06","slug":"verwandlungs-tabellen-worin-sowohl-die-alten-masse-mit-den-neuen-als-auch-die-neuen-mit-den-alten-massen-verglichen-werden","status":"publish","type":"product","link":"https:\/\/limage-et-le-livre.com\/en\/books\/science-and-technology\/verwandlungs-tabellen-worin-sowohl-die-alten-masse-mit-den-neuen-als-auch-die-neuen-mit-den-alten-massen-verglichen-werden\/","title":{"rendered":"Verwandlungs-Tabellen, worin sowohl die alten Masse..."},"content":{"rendered":"<p>Strasbourg, Levrault, An X (1802); in-8 of XVII, 125 pages. Brown half cloth, spine titled. Cracked spine ends, else a fine copy. Tables de conversion de mesures \u00e9tablies par Carondelet, chef de bureau \u00e0 la Pr\u00e9fecture du Bas-Rhin, de la Soci\u00e9t\u00e9 libre des sciences et arts de Strasbourg, et de celle d&#8217;agriculture et d&#8217;\u00e9conomie int\u00e9rieure. Copy acknowledged and signed by the author.    <\/p>\n<div id=\"gtx-trans\" style=\"position: absolute; left: -67px; top: -10px;\">\n<div class=\"gtx-trans-icon\"><\/div>\n<\/div>\n","protected":false},"excerpt":{"rendered":"<p>Verwandlungs-Tabellen, worin sowohl die alten Masse mit den neuen, als auch die neuen mit den alten Massen verglichen werden. Carondelet. An X (1802). <\/p>\n","protected":false},"featured_media":13057,"template":"","meta":[],"product_brand":[],"product_cat":[5342,5343],"product_tag":[5562,5561],"class_list":{"0":"post-19057","1":"product","2":"type-product","3":"status-publish","4":"has-post-thumbnail","6":"product_cat-books","7":"product_cat-science-and-technology","8":"product_tag-alsace-en","9":"product_tag-alsatique-en","10":"pa_annee-de-publication-1802-en","11":"pa_dimension-in-8-en","12":"pa_editeur-levrault-en","13":"pa_etat-de-conservation-very-good","14":"pa_langue-german","15":"pa_lieu-de-publication-strasbourg-en","16":"pa_type-couverture-hard-cover","18":"first","19":"outofstock","20":"purchasable","21":"product-type-simple"},"_links":{"self":[{"href":"https:\/\/limage-et-le-livre.com\/en\/wp-json\/wp\/v2\/product\/19057","targetHints":{"allow":["GET"]}}],"collection":[{"href":"https:\/\/limage-et-le-livre.com\/en\/wp-json\/wp\/v2\/product"}],"about":[{"href":"https:\/\/limage-et-le-livre.com\/en\/wp-json\/wp\/v2\/types\/product"}],"version-history":[{"count":0,"href":"https:\/\/limage-et-le-livre.com\/en\/wp-json\/wp\/v2\/product\/19057\/revisions"}],"wp:featuredmedia":[{"embeddable":true,"href":"https:\/\/limage-et-le-livre.com\/en\/wp-json\/wp\/v2\/media\/13057"}],"wp:attachment":[{"href":"https:\/\/limage-et-le-livre.com\/en\/wp-json\/wp\/v2\/media?parent=19057"}],"wp:term":[{"taxonomy":"product_brand","embeddable":true,"href":"https:\/\/limage-et-le-livre.com\/en\/wp-json\/wp\/v2\/product_brand?post=19057"},{"taxonomy":"product_cat","embeddable":true,"href":"https:\/\/limage-et-le-livre.com\/en\/wp-json\/wp\/v2\/product_cat?post=19057"},{"taxonomy":"product_tag","embeddable":true,"href":"https:\/\/limage-et-le-livre.com\/en\/wp-json\/wp\/v2\/product_tag?post=19057"}],"curies":[{"name":"wp","href":"https:\/\/api.w.org\/{rel}","templated":true}]}}