{"id":19061,"date":"2025-03-19T15:00:33","date_gmt":"2025-03-19T14:00:33","guid":{"rendered":"https:\/\/limage-et-le-livre.com\/boutique\/uncategorized\/arrete-du-prefet-du-var-le-baron-defermon-en-date-du-21-avril-1815-concernant-la-defense-de-la-chasse\/"},"modified":"2025-03-20T14:17:07","modified_gmt":"2025-03-20T13:17:07","slug":"arrete-du-prefet-du-var-le-baron-defermon-en-date-du-21-avril-1815-concernant-la-defense-de-la-chasse","status":"publish","type":"product","link":"https:\/\/limage-et-le-livre.com\/en\/manuscripts\/arrete-du-prefet-du-var-le-baron-defermon-en-date-du-21-avril-1815-concernant-la-defense-de-la-chasse\/","title":{"rendered":"Arr\u00eat\u00e9 du Pr\u00e9fet du Var, le..."},"content":{"rendered":"<p>Draguignan, Fabre, 1815; 40 x 30.5 cm, 1 folio. Very slight brown marks to folds.  Arr\u00eat\u00e9 du Pr\u00e9fet du Var, le Baron Defermon, en date du 21 avril 1815, concernant la d\u00e9fense de la chasse. Placard divided into 7 articles, dated April 21, 1815, prohibiting hunting &#8220;until a time to be determined later, when the spoils of the harvest will allow its exercise&#8221;.<\/p>\n<div id=\"gtx-trans\" style=\"position: absolute; left: -67px; top: -10px;\">\n<div class=\"gtx-trans-icon\"><\/div>\n<\/div>\n","protected":false},"excerpt":{"rendered":"<p>Arr\u00eat\u00e9 du Pr\u00e9fet du Var, le Baron Defermon, en date du 21 avril 1815, concernant la d\u00e9fense de la chasse.<\/p>\n","protected":false},"featured_media":13050,"template":"","meta":[],"product_brand":[],"product_cat":[5379],"product_tag":[],"class_list":{"0":"post-19061","1":"product","2":"type-product","3":"status-publish","4":"has-post-thumbnail","6":"product_cat-manuscripts","7":"pa_annee-de-publication-1815-en","8":"pa_editeur-fabre-en","9":"pa_etat-de-conservation-very-good","10":"pa_langue-french","11":"pa_lieu-de-publication-draguignon-en","12":"pa_type-couverture-no-cover","14":"first","15":"outofstock","16":"purchasable","17":"product-type-simple"},"_links":{"self":[{"href":"https:\/\/limage-et-le-livre.com\/en\/wp-json\/wp\/v2\/product\/19061","targetHints":{"allow":["GET"]}}],"collection":[{"href":"https:\/\/limage-et-le-livre.com\/en\/wp-json\/wp\/v2\/product"}],"about":[{"href":"https:\/\/limage-et-le-livre.com\/en\/wp-json\/wp\/v2\/types\/product"}],"version-history":[{"count":0,"href":"https:\/\/limage-et-le-livre.com\/en\/wp-json\/wp\/v2\/product\/19061\/revisions"}],"wp:featuredmedia":[{"embeddable":true,"href":"https:\/\/limage-et-le-livre.com\/en\/wp-json\/wp\/v2\/media\/13050"}],"wp:attachment":[{"href":"https:\/\/limage-et-le-livre.com\/en\/wp-json\/wp\/v2\/media?parent=19061"}],"wp:term":[{"taxonomy":"product_brand","embeddable":true,"href":"https:\/\/limage-et-le-livre.com\/en\/wp-json\/wp\/v2\/product_brand?post=19061"},{"taxonomy":"product_cat","embeddable":true,"href":"https:\/\/limage-et-le-livre.com\/en\/wp-json\/wp\/v2\/product_cat?post=19061"},{"taxonomy":"product_tag","embeddable":true,"href":"https:\/\/limage-et-le-livre.com\/en\/wp-json\/wp\/v2\/product_tag?post=19061"}],"curies":[{"name":"wp","href":"https:\/\/api.w.org\/{rel}","templated":true}]}}