{"id":19063,"date":"2025-03-19T15:00:34","date_gmt":"2025-03-19T14:00:34","guid":{"rendered":"https:\/\/limage-et-le-livre.com\/boutique\/uncategorized\/okoma-illustrated-japanese-novel-based-on-text-by-takizava-bakin-and-drawings-by-chiguenoi\/"},"modified":"2025-03-20T14:17:07","modified_gmt":"2025-03-20T13:17:07","slug":"okoma-illustrated-japanese-novel-based-on-text-by-takizava-bakin-and-drawings-by-chiguenoi","status":"publish","type":"product","link":"https:\/\/limage-et-le-livre.com\/en\/books\/okoma-illustrated-japanese-novel-based-on-text-by-takizava-bakin-and-drawings-by-chiguenoi\/","title":{"rendered":"Okoma. Illustrated Japanese novel, based on..."},"content":{"rendered":"<p>Paris, E. Plon et Cie, 1883. In folio oblong of 83 pages. Yellow half cloth, top board printed and decorated with Japanese motifs. A few small rings on the cloth. R\u00e9gamey&#8217;s summary of Takizava-Bak\u00efn&#8217;s novel is prefaced by Emile Guimet. Edition with color illustrations after drawings by Chigueno\u00ef.      A fine copy.<\/p>\n<div id=\"gtx-trans\" style=\"position: absolute; left: -67px; top: -10px;\">\n<div class=\"gtx-trans-icon\"><\/div>\n<\/div>\n","protected":false},"excerpt":{"rendered":"<p>Okoma. Illustrated Japanese novel, based on text by Takizava-Bak\u00efn and drawings by Chigueno\u00ef. R\u00e9gamey (F\u00e9lix). 1883.   <\/p>\n","protected":false},"featured_media":13079,"template":"","meta":[],"product_brand":[],"product_cat":[5342],"product_tag":[],"class_list":{"0":"post-19063","1":"product","2":"type-product","3":"status-publish","4":"has-post-thumbnail","6":"product_cat-books","7":"pa_annee-de-publication-1883-en","8":"pa_dimension-in-folio-en","9":"pa_editeur-e-plon-et-cie-en","10":"pa_etat-de-conservation-very-good","11":"pa_illustrateur-chigenoi-en","12":"pa_langue-french","13":"pa_lieu-de-publication-paris-en","14":"pa_type-couverture-hard-cover","16":"first","17":"outofstock","18":"purchasable","19":"product-type-simple"},"_links":{"self":[{"href":"https:\/\/limage-et-le-livre.com\/en\/wp-json\/wp\/v2\/product\/19063","targetHints":{"allow":["GET"]}}],"collection":[{"href":"https:\/\/limage-et-le-livre.com\/en\/wp-json\/wp\/v2\/product"}],"about":[{"href":"https:\/\/limage-et-le-livre.com\/en\/wp-json\/wp\/v2\/types\/product"}],"version-history":[{"count":0,"href":"https:\/\/limage-et-le-livre.com\/en\/wp-json\/wp\/v2\/product\/19063\/revisions"}],"wp:featuredmedia":[{"embeddable":true,"href":"https:\/\/limage-et-le-livre.com\/en\/wp-json\/wp\/v2\/media\/13079"}],"wp:attachment":[{"href":"https:\/\/limage-et-le-livre.com\/en\/wp-json\/wp\/v2\/media?parent=19063"}],"wp:term":[{"taxonomy":"product_brand","embeddable":true,"href":"https:\/\/limage-et-le-livre.com\/en\/wp-json\/wp\/v2\/product_brand?post=19063"},{"taxonomy":"product_cat","embeddable":true,"href":"https:\/\/limage-et-le-livre.com\/en\/wp-json\/wp\/v2\/product_cat?post=19063"},{"taxonomy":"product_tag","embeddable":true,"href":"https:\/\/limage-et-le-livre.com\/en\/wp-json\/wp\/v2\/product_tag?post=19063"}],"curies":[{"name":"wp","href":"https:\/\/api.w.org\/{rel}","templated":true}]}}