{"id":19077,"date":"2025-03-19T15:00:40","date_gmt":"2025-03-19T14:00:40","guid":{"rendered":"https:\/\/limage-et-le-livre.com\/boutique\/uncategorized\/soultz-sous-forets-and-surrounding-area\/"},"modified":"2025-03-20T14:17:14","modified_gmt":"2025-03-20T13:17:14","slug":"soultz-sous-forets-and-surrounding-area","status":"publish","type":"product","link":"https:\/\/limage-et-le-livre.com\/en\/books\/alsatique-en\/soultz-sous-forets-and-surrounding-area\/","title":{"rendered":"Soultz-sous-F\u00f4rets and surrounding area."},"content":{"rendered":"<p>Guebwiller, Soci\u00e9t\u00e9 Alsacienne d&#8217;\u00c9dition &#8220;Alsatia&#8221; S. A., 1924; in-4 of 102 pages and 22 ff.n.ch. of advertisements for companies and businesses in the canton. Paperback, cover printed and illustrated by Henri Bacher. Articles written in German or French. Numerous illustrations in the text by Henri Bacher and also by Louis-Philippe Kamm and Th\u00e9ophile Schuler. A good copy, complete with Bacher&#8217;s hors-texte.<\/p>\n<div id=\"gtx-trans\" style=\"position: absolute; left: -67px; top: -10px;\">\n<div class=\"gtx-trans-icon\"><\/div>\n<\/div>\n","protected":false},"excerpt":{"rendered":"<p>Soultz-sous-F\u00f4rets and surrounding area. Collectif. 1924.<\/p>\n","protected":false},"featured_media":13106,"template":"","meta":[],"product_brand":[],"product_cat":[5375,5342],"product_tag":[5562,5561,5565,5560,5564,5566,5567],"class_list":{"0":"post-19077","1":"product","2":"type-product","3":"status-publish","4":"has-post-thumbnail","6":"product_cat-alsatique-en","7":"product_cat-books","8":"product_tag-alsace-en","9":"product_tag-alsatique-en","10":"product_tag-henri-bacher-en","11":"product_tag-history","12":"product_tag-illustrated-book","13":"product_tag-louis-philippe-kamm-en","14":"product_tag-theophile-schuler-en","15":"pa_annee-de-publication-1924-en","16":"pa_dimension-in-4-en","17":"pa_editeur-alsatia-en","18":"pa_etat-de-conservation-very-good","19":"pa_illustrateur-henri-bacherlouis-philippe-kammtheophile-schuler-en","20":"pa_lieu-de-publication-guebwiller-en","21":"pa_type-couverture-soft-cover","23":"first","24":"instock","25":"purchasable","26":"product-type-simple"},"_links":{"self":[{"href":"https:\/\/limage-et-le-livre.com\/en\/wp-json\/wp\/v2\/product\/19077","targetHints":{"allow":["GET"]}}],"collection":[{"href":"https:\/\/limage-et-le-livre.com\/en\/wp-json\/wp\/v2\/product"}],"about":[{"href":"https:\/\/limage-et-le-livre.com\/en\/wp-json\/wp\/v2\/types\/product"}],"version-history":[{"count":0,"href":"https:\/\/limage-et-le-livre.com\/en\/wp-json\/wp\/v2\/product\/19077\/revisions"}],"wp:featuredmedia":[{"embeddable":true,"href":"https:\/\/limage-et-le-livre.com\/en\/wp-json\/wp\/v2\/media\/13106"}],"wp:attachment":[{"href":"https:\/\/limage-et-le-livre.com\/en\/wp-json\/wp\/v2\/media?parent=19077"}],"wp:term":[{"taxonomy":"product_brand","embeddable":true,"href":"https:\/\/limage-et-le-livre.com\/en\/wp-json\/wp\/v2\/product_brand?post=19077"},{"taxonomy":"product_cat","embeddable":true,"href":"https:\/\/limage-et-le-livre.com\/en\/wp-json\/wp\/v2\/product_cat?post=19077"},{"taxonomy":"product_tag","embeddable":true,"href":"https:\/\/limage-et-le-livre.com\/en\/wp-json\/wp\/v2\/product_tag?post=19077"}],"curies":[{"name":"wp","href":"https:\/\/api.w.org\/{rel}","templated":true}]}}