{"id":19096,"date":"2025-03-19T15:00:47","date_gmt":"2025-03-19T14:00:47","guid":{"rendered":"https:\/\/limage-et-le-livre.com\/boutique\/uncategorized\/oberrheinisches-kochbuch-oder-anweisung-fur-junge-hausmutter-und-tochter-die-in-der-kunst-zu-kochen-und-einzumachen-einige-geschicklichkeit-erlangen-wollen-nebst-einem-anhang-von-speisen-fur-kranke\/"},"modified":"2025-03-20T14:17:23","modified_gmt":"2025-03-20T13:17:23","slug":"oberrheinisches-kochbuch-oder-anweisung-fur-junge-hausmutter-und-tochter-die-in-der-kunst-zu-kochen-und-einzumachen-einige-geschicklichkeit-erlangen-wollen-nebst-einem-anhang-von-speisen-fur-kranke","status":"publish","type":"product","link":"https:\/\/limage-et-le-livre.com\/en\/books\/art-of-living\/gastronomy\/oberrheinisches-kochbuch-oder-anweisung-fur-junge-hausmutter-und-tochter-die-in-der-kunst-zu-kochen-und-einzumachen-einige-geschicklichkeit-erlangen-wollen-nebst-einem-anhang-von-speisen-fur-kranke\/","title":{"rendered":"Oberrheinisches Kochbuch oder Anweisung f\u00fcr junge..."},"content":{"rendered":"<p>Mulhouse, Johannes Rissler, 1819. In-12, 400 pp. 12 f.n.p.. Full brown cloth, spine muted. Usual foxing, soiling to binding. Third enlarged edition of this famous Alsatian cookbook by Marguerite Spoerlin, daughter of Mulhouse innkeepers.    <\/p>\n<div id=\"gtx-trans\" style=\"position: absolute; left: -67px; top: -10px;\">\n<div class=\"gtx-trans-icon\"><\/div>\n<\/div>\n","protected":false},"excerpt":{"rendered":"<p>Oberrheinisches Kochbuch oder Anweisung f\u00fcr junge Hausm\u00fctter und T\u00f6chter, die in der Kunst zu kochen und einzumachen einige Geschicklichkeit erlangen wollen. Nebst einem Anhang von Speisen f\u00fcr Kranke. Spoerlin (Marguerite). 1819.   <\/p>\n","protected":false},"featured_media":23459,"template":"","meta":[],"product_brand":[],"product_cat":[5375,5354,5342,5378],"product_tag":[5561],"class_list":{"0":"post-19096","1":"product","2":"type-product","3":"status-publish","4":"has-post-thumbnail","6":"product_cat-alsatique-en","7":"product_cat-art-of-living","8":"product_cat-books","9":"product_cat-gastronomy","10":"product_tag-alsatique-en","11":"pa_annee-de-publication-1819-en","12":"pa_dimension-in-12-en","13":"pa_editeur-johannes-rissler-en","14":"pa_etat-de-conservation-good","15":"pa_langue-german","16":"pa_lieu-de-publication-mulhouse-en","17":"pa_type-couverture-hard-cover","19":"first","20":"outofstock","21":"purchasable","22":"product-type-simple"},"_links":{"self":[{"href":"https:\/\/limage-et-le-livre.com\/en\/wp-json\/wp\/v2\/product\/19096","targetHints":{"allow":["GET"]}}],"collection":[{"href":"https:\/\/limage-et-le-livre.com\/en\/wp-json\/wp\/v2\/product"}],"about":[{"href":"https:\/\/limage-et-le-livre.com\/en\/wp-json\/wp\/v2\/types\/product"}],"version-history":[{"count":0,"href":"https:\/\/limage-et-le-livre.com\/en\/wp-json\/wp\/v2\/product\/19096\/revisions"}],"wp:featuredmedia":[{"embeddable":true,"href":"https:\/\/limage-et-le-livre.com\/en\/wp-json\/wp\/v2\/media\/23459"}],"wp:attachment":[{"href":"https:\/\/limage-et-le-livre.com\/en\/wp-json\/wp\/v2\/media?parent=19096"}],"wp:term":[{"taxonomy":"product_brand","embeddable":true,"href":"https:\/\/limage-et-le-livre.com\/en\/wp-json\/wp\/v2\/product_brand?post=19096"},{"taxonomy":"product_cat","embeddable":true,"href":"https:\/\/limage-et-le-livre.com\/en\/wp-json\/wp\/v2\/product_cat?post=19096"},{"taxonomy":"product_tag","embeddable":true,"href":"https:\/\/limage-et-le-livre.com\/en\/wp-json\/wp\/v2\/product_tag?post=19096"}],"curies":[{"name":"wp","href":"https:\/\/api.w.org\/{rel}","templated":true}]}}