{"id":19097,"date":"2025-03-19T15:00:49","date_gmt":"2025-03-19T14:00:49","guid":{"rendered":"https:\/\/limage-et-le-livre.com\/boutique\/uncategorized\/solfeges-or-new-method-of-music-by-requests-and-answers-divided-into-two-parts\/"},"modified":"2025-03-20T14:17:28","modified_gmt":"2025-03-20T13:17:28","slug":"solfeges-or-new-method-of-music-by-requests-and-answers-divided-into-two-parts","status":"publish","type":"product","link":"https:\/\/limage-et-le-livre.com\/en\/books\/fine-arts\/music\/solfeges-or-new-method-of-music-by-requests-and-answers-divided-into-two-parts\/","title":{"rendered":"Solf\u00e8ges or New Method of Music..."},"content":{"rendered":"<p>Paris, Naderman, (1784); in-folio, title and 168 pages. Half vellum with corners. Used condition, some foxing, one book partially unbound. First edition, complete with engraved folding plate presenting the general keyboard chart. Jean-Joseph Rodolphe (1730, Strasbourg &#8211; 1812, Paris) was a musician (horn and violin) and composer. This work is his most famous.     <\/p>\n<div id=\"gtx-trans\" style=\"position: absolute; left: -67px; top: -10px;\">\n<div class=\"gtx-trans-icon\"><\/div>\n<\/div>\n","protected":false},"excerpt":{"rendered":"<p>Solf\u00e8ges ou Nouvelle M\u00e9thode de Musique par Demandes et par R\u00e9ponses divided into two parts. Rodolphe (Jean-Joseph). (1784).  <\/p>\n","protected":false},"featured_media":21043,"template":"","meta":[],"product_brand":[],"product_cat":[5342,5353,5366],"product_tag":[],"class_list":{"0":"post-19097","1":"product","2":"type-product","3":"status-publish","4":"has-post-thumbnail","6":"product_cat-books","7":"product_cat-fine-arts","8":"product_cat-music","9":"pa_annee-de-publication-1784-en","10":"pa_dimension-in-folio-en","11":"pa_editeur-naderman-en","12":"pa_etat-de-conservation-acceptable","13":"pa_langue-french","14":"pa_lieu-de-publication-paris-en","15":"pa_type-couverture-hard-cover","17":"first","18":"instock","19":"purchasable","20":"product-type-simple"},"_links":{"self":[{"href":"https:\/\/limage-et-le-livre.com\/en\/wp-json\/wp\/v2\/product\/19097","targetHints":{"allow":["GET"]}}],"collection":[{"href":"https:\/\/limage-et-le-livre.com\/en\/wp-json\/wp\/v2\/product"}],"about":[{"href":"https:\/\/limage-et-le-livre.com\/en\/wp-json\/wp\/v2\/types\/product"}],"version-history":[{"count":0,"href":"https:\/\/limage-et-le-livre.com\/en\/wp-json\/wp\/v2\/product\/19097\/revisions"}],"wp:featuredmedia":[{"embeddable":true,"href":"https:\/\/limage-et-le-livre.com\/en\/wp-json\/wp\/v2\/media\/21043"}],"wp:attachment":[{"href":"https:\/\/limage-et-le-livre.com\/en\/wp-json\/wp\/v2\/media?parent=19097"}],"wp:term":[{"taxonomy":"product_brand","embeddable":true,"href":"https:\/\/limage-et-le-livre.com\/en\/wp-json\/wp\/v2\/product_brand?post=19097"},{"taxonomy":"product_cat","embeddable":true,"href":"https:\/\/limage-et-le-livre.com\/en\/wp-json\/wp\/v2\/product_cat?post=19097"},{"taxonomy":"product_tag","embeddable":true,"href":"https:\/\/limage-et-le-livre.com\/en\/wp-json\/wp\/v2\/product_tag?post=19097"}],"curies":[{"name":"wp","href":"https:\/\/api.w.org\/{rel}","templated":true}]}}