{"id":19102,"date":"2025-03-19T15:00:49","date_gmt":"2025-03-19T14:00:49","guid":{"rendered":"https:\/\/limage-et-le-livre.com\/boutique\/uncategorized\/the-abduction-of-the-sabine-women\/"},"modified":"2025-03-20T14:17:25","modified_gmt":"2025-03-20T13:17:25","slug":"the-abduction-of-the-sabine-women","status":"publish","type":"product","link":"https:\/\/limage-et-le-livre.com\/en\/prints-and-engravings\/the-abduction-of-the-sabine-women\/","title":{"rendered":"The Abduction of the Sabine women"},"content":{"rendered":"<p>The Abduction of the Sabine women. Th\u00e9r\u00e8se-El\u00e9onore Ling\u00e9e (1753 &#8211; after 1814) after Charles-Nicolas II Cochin (1715-1790). Pencil manner printed in sanguine. Circa 1780. Insolate proof, wetness, some foxing, one marginal epidermure. Frame size: 41 x 49.5 cm. Subject size: 252 x 378 mm. Th\u00e9r\u00e8se-El\u00e9onore Ling\u00e9e, daughter of the painter H\u00e9mery, was an engraver, notably in stipple and pencil manner, and a member of the Acad\u00e9mie Royale de Peinture et de Sculpture de Marseille.       <\/p>\n<div id=\"gtx-trans\" style=\"position: absolute; left: -67px; top: -10px;\">\n<div class=\"gtx-trans-icon\"><\/div>\n<\/div>\n","protected":false},"excerpt":{"rendered":"<p>The Abduction of the Sabine women. Th\u00e9r\u00e8se-El\u00e9onore Ling\u00e9e. Circa 1780.  <\/p>\n","protected":false},"featured_media":13173,"template":"","meta":[],"product_brand":[],"product_cat":[5386],"product_tag":[],"class_list":{"0":"post-19102","1":"product","2":"type-product","3":"status-publish","4":"has-post-thumbnail","6":"product_cat-prints-and-engravings","7":"pa_etat-de-conservation-acceptable","9":"first","10":"instock","11":"purchasable","12":"product-type-simple"},"_links":{"self":[{"href":"https:\/\/limage-et-le-livre.com\/en\/wp-json\/wp\/v2\/product\/19102","targetHints":{"allow":["GET"]}}],"collection":[{"href":"https:\/\/limage-et-le-livre.com\/en\/wp-json\/wp\/v2\/product"}],"about":[{"href":"https:\/\/limage-et-le-livre.com\/en\/wp-json\/wp\/v2\/types\/product"}],"version-history":[{"count":0,"href":"https:\/\/limage-et-le-livre.com\/en\/wp-json\/wp\/v2\/product\/19102\/revisions"}],"wp:featuredmedia":[{"embeddable":true,"href":"https:\/\/limage-et-le-livre.com\/en\/wp-json\/wp\/v2\/media\/13173"}],"wp:attachment":[{"href":"https:\/\/limage-et-le-livre.com\/en\/wp-json\/wp\/v2\/media?parent=19102"}],"wp:term":[{"taxonomy":"product_brand","embeddable":true,"href":"https:\/\/limage-et-le-livre.com\/en\/wp-json\/wp\/v2\/product_brand?post=19102"},{"taxonomy":"product_cat","embeddable":true,"href":"https:\/\/limage-et-le-livre.com\/en\/wp-json\/wp\/v2\/product_cat?post=19102"},{"taxonomy":"product_tag","embeddable":true,"href":"https:\/\/limage-et-le-livre.com\/en\/wp-json\/wp\/v2\/product_tag?post=19102"}],"curies":[{"name":"wp","href":"https:\/\/api.w.org\/{rel}","templated":true}]}}