{"id":19108,"date":"2025-03-19T15:00:51","date_gmt":"2025-03-19T14:00:51","guid":{"rendered":"https:\/\/limage-et-le-livre.com\/boutique\/uncategorized\/memoire-sur-un-niveau-a-bulle-dair-et-a-lunettes-de-nouvelle-construction-memoire-sur-les-perfectionnements-a-apporter-au-cercle-repetiteur-notes-on-trigonometry\/"},"modified":"2025-03-20T14:17:29","modified_gmt":"2025-03-20T13:17:29","slug":"memoire-sur-un-niveau-a-bulle-dair-et-a-lunettes-de-nouvelle-construction-memoire-sur-les-perfectionnements-a-apporter-au-cercle-repetiteur-notes-on-trigonometry","status":"publish","type":"product","link":"https:\/\/limage-et-le-livre.com\/en\/books\/science-and-technology\/memoire-sur-un-niveau-a-bulle-dair-et-a-lunettes-de-nouvelle-construction-memoire-sur-les-perfectionnements-a-apporter-au-cercle-repetiteur-notes-on-trigonometry\/","title":{"rendered":"Memoire sur un niveau \u00e0 bulle..."},"content":{"rendered":"<p>Paris, Firmin Didot, 1824; small in-8, 76 pages. In modern blue cover, label on upper cover.  Dedication by the author. Complete with in-fine hors-texte plate.<\/p>\n<div id=\"gtx-trans\" style=\"position: absolute; left: -67px; top: -10px;\">\n<div class=\"gtx-trans-icon\"><\/div>\n<\/div>\n","protected":false},"excerpt":{"rendered":"<p>Memoir on a new bubble and spectacle level. Memoire sur les perfectionnements \u00e0 apporter au Cercle r\u00e9p\u00e9titeur(&#8230;) Notes sur la Trigonom\u00e9trie. [Girault]. 1824.  <\/p>\n","protected":false},"featured_media":13175,"template":"","meta":[],"product_brand":[],"product_cat":[5342,5343],"product_tag":[],"class_list":{"0":"post-19108","1":"product","2":"type-product","3":"status-publish","4":"has-post-thumbnail","6":"product_cat-books","7":"product_cat-science-and-technology","8":"pa_annee-de-publication-1824-en","9":"pa_dimension-in-8-en","10":"pa_editeur-firmin-didot-en","11":"pa_etat-de-conservation-very-good","12":"pa_langue-french","13":"pa_lieu-de-publication-paris-en","14":"pa_signature-signed-by-the-author","15":"pa_type-couverture-soft-cover","17":"first","18":"instock","19":"purchasable","20":"product-type-simple"},"_links":{"self":[{"href":"https:\/\/limage-et-le-livre.com\/en\/wp-json\/wp\/v2\/product\/19108","targetHints":{"allow":["GET"]}}],"collection":[{"href":"https:\/\/limage-et-le-livre.com\/en\/wp-json\/wp\/v2\/product"}],"about":[{"href":"https:\/\/limage-et-le-livre.com\/en\/wp-json\/wp\/v2\/types\/product"}],"version-history":[{"count":0,"href":"https:\/\/limage-et-le-livre.com\/en\/wp-json\/wp\/v2\/product\/19108\/revisions"}],"wp:featuredmedia":[{"embeddable":true,"href":"https:\/\/limage-et-le-livre.com\/en\/wp-json\/wp\/v2\/media\/13175"}],"wp:attachment":[{"href":"https:\/\/limage-et-le-livre.com\/en\/wp-json\/wp\/v2\/media?parent=19108"}],"wp:term":[{"taxonomy":"product_brand","embeddable":true,"href":"https:\/\/limage-et-le-livre.com\/en\/wp-json\/wp\/v2\/product_brand?post=19108"},{"taxonomy":"product_cat","embeddable":true,"href":"https:\/\/limage-et-le-livre.com\/en\/wp-json\/wp\/v2\/product_cat?post=19108"},{"taxonomy":"product_tag","embeddable":true,"href":"https:\/\/limage-et-le-livre.com\/en\/wp-json\/wp\/v2\/product_tag?post=19108"}],"curies":[{"name":"wp","href":"https:\/\/api.w.org\/{rel}","templated":true}]}}