{"id":19109,"date":"2025-03-19T15:00:53","date_gmt":"2025-03-19T14:00:53","guid":{"rendered":"https:\/\/limage-et-le-livre.com\/boutique\/uncategorized\/the-edible-mushrooms-of-the-canton-of-neuchatel-and-the-poisonous-species-with-which-they-could-be-confused\/"},"modified":"2025-03-20T14:17:34","modified_gmt":"2025-03-20T13:17:34","slug":"the-edible-mushrooms-of-the-canton-of-neuchatel-and-the-poisonous-species-with-which-they-could-be-confused","status":"publish","type":"product","link":"https:\/\/limage-et-le-livre.com\/en\/books\/science-and-technology\/natural-history-and-botany\/the-edible-mushrooms-of-the-canton-of-neuchatel-and-the-poisonous-species-with-which-they-could-be-confused\/","title":{"rendered":"The edible mushrooms of the canton..."},"content":{"rendered":"<p>Neuch\u00e2tel, Imprimerie de Charles Leidecker et Librairie G\u00e9n\u00e9rale de J. Sandoz, 1861 &#8211; 1869; 2 parts in an in-8 volume of 53 and 47 pages. Half calf, smooth spine titled and gilt headbands. More pronounced foxing in the first part, spotting. Copy complete with all chromolithographed plates, 21 for the first part and 20 for the second.   <\/p>\n<div id=\"gtx-trans\" style=\"position: absolute; left: -67px; top: -10px;\">\n<div class=\"gtx-trans-icon\"><\/div>\n<\/div>\n","protected":false},"excerpt":{"rendered":"<p>The edible mushrooms of the canton of Neuch\u00e2tel and the poisonous species with which they could be confused. Favre-Guillarmod (Louis). 1861 and 1869. <\/p>\n","protected":false},"featured_media":13188,"template":"","meta":[],"product_brand":[],"product_cat":[5342,5381,5343],"product_tag":[5654],"class_list":{"0":"post-19109","1":"product","2":"type-product","3":"status-publish","4":"has-post-thumbnail","6":"product_cat-books","7":"product_cat-natural-history-and-botany","8":"product_cat-science-and-technology","9":"product_tag-botany","10":"pa_annee-de-publication-1861-en","11":"pa_dimension-in-8-en","12":"pa_editeur-charles-leidecker-en","13":"pa_etat-de-conservation-good","14":"pa_langue-french","15":"pa_lieu-de-publication-neuchatel-en","16":"pa_type-couverture-hard-cover","18":"first","19":"instock","20":"purchasable","21":"product-type-simple"},"_links":{"self":[{"href":"https:\/\/limage-et-le-livre.com\/en\/wp-json\/wp\/v2\/product\/19109","targetHints":{"allow":["GET"]}}],"collection":[{"href":"https:\/\/limage-et-le-livre.com\/en\/wp-json\/wp\/v2\/product"}],"about":[{"href":"https:\/\/limage-et-le-livre.com\/en\/wp-json\/wp\/v2\/types\/product"}],"version-history":[{"count":0,"href":"https:\/\/limage-et-le-livre.com\/en\/wp-json\/wp\/v2\/product\/19109\/revisions"}],"wp:featuredmedia":[{"embeddable":true,"href":"https:\/\/limage-et-le-livre.com\/en\/wp-json\/wp\/v2\/media\/13188"}],"wp:attachment":[{"href":"https:\/\/limage-et-le-livre.com\/en\/wp-json\/wp\/v2\/media?parent=19109"}],"wp:term":[{"taxonomy":"product_brand","embeddable":true,"href":"https:\/\/limage-et-le-livre.com\/en\/wp-json\/wp\/v2\/product_brand?post=19109"},{"taxonomy":"product_cat","embeddable":true,"href":"https:\/\/limage-et-le-livre.com\/en\/wp-json\/wp\/v2\/product_cat?post=19109"},{"taxonomy":"product_tag","embeddable":true,"href":"https:\/\/limage-et-le-livre.com\/en\/wp-json\/wp\/v2\/product_tag?post=19109"}],"curies":[{"name":"wp","href":"https:\/\/api.w.org\/{rel}","templated":true}]}}