{"id":19110,"date":"2025-03-19T15:00:53","date_gmt":"2025-03-19T14:00:53","guid":{"rendered":"https:\/\/limage-et-le-livre.com\/boutique\/uncategorized\/decret-de-la-convention-nationale-du-13e-jour-de-ventose-an-second-de-la-republique-francaise-une-indivisible-relatif-aux-envoyes-des-gouvernemens-etranges\/"},"modified":"2025-03-20T14:17:30","modified_gmt":"2025-03-20T13:17:30","slug":"decret-de-la-convention-nationale-du-13e-jour-de-ventose-an-second-de-la-republique-francaise-une-indivisible-relatif-aux-envoyes-des-gouvernemens-etranges","status":"publish","type":"product","link":"https:\/\/limage-et-le-livre.com\/en\/manuscripts\/decret-de-la-convention-nationale-du-13e-jour-de-ventose-an-second-de-la-republique-francaise-une-indivisible-relatif-aux-envoyes-des-gouvernemens-etranges\/","title":{"rendered":"D\u00e9cret de la Convention Nationale, du..."},"content":{"rendered":"<p>Paris, de l&#8217;Imprimerie nationale ex\u00e9cutive du Louvre, 1794; 2-page in-4 brochure. Scattered brown spots. &#8220;The National Convention forbids any constituted authority to attack in any way the person of envoys of foreign governments (&#8230;)&#8221;.  <\/p>\n<div id=\"gtx-trans\" style=\"position: absolute; left: -67px; top: -10px;\">\n<div class=\"gtx-trans-icon\"><\/div>\n<\/div>\n","protected":false},"excerpt":{"rendered":"<p>D\u00e9cret de la Convention Nationale, du 13e jour de vent\u00f4se, an second de la R\u00e9publique Fran\u00e7aise, une &amp; indivisible, relatif aux envoy\u00e9s des gouvernemens \u00e9tranges. 1794.<\/p>\n","protected":false},"featured_media":13196,"template":"","meta":[],"product_brand":[],"product_cat":[5379],"product_tag":[],"class_list":{"0":"post-19110","1":"product","2":"type-product","3":"status-publish","4":"has-post-thumbnail","6":"product_cat-manuscripts","7":"pa_annee-de-publication-1794-en","8":"pa_dimension-in-4-en","9":"pa_editeur-imprimerie-nationale-executive-du-louvre-en","10":"pa_etat-de-conservation-good","11":"pa_langue-french","12":"pa_lieu-de-publication-paris-en","13":"pa_type-couverture-no-cover","15":"first","16":"instock","17":"purchasable","18":"product-type-simple"},"_links":{"self":[{"href":"https:\/\/limage-et-le-livre.com\/en\/wp-json\/wp\/v2\/product\/19110","targetHints":{"allow":["GET"]}}],"collection":[{"href":"https:\/\/limage-et-le-livre.com\/en\/wp-json\/wp\/v2\/product"}],"about":[{"href":"https:\/\/limage-et-le-livre.com\/en\/wp-json\/wp\/v2\/types\/product"}],"version-history":[{"count":0,"href":"https:\/\/limage-et-le-livre.com\/en\/wp-json\/wp\/v2\/product\/19110\/revisions"}],"wp:featuredmedia":[{"embeddable":true,"href":"https:\/\/limage-et-le-livre.com\/en\/wp-json\/wp\/v2\/media\/13196"}],"wp:attachment":[{"href":"https:\/\/limage-et-le-livre.com\/en\/wp-json\/wp\/v2\/media?parent=19110"}],"wp:term":[{"taxonomy":"product_brand","embeddable":true,"href":"https:\/\/limage-et-le-livre.com\/en\/wp-json\/wp\/v2\/product_brand?post=19110"},{"taxonomy":"product_cat","embeddable":true,"href":"https:\/\/limage-et-le-livre.com\/en\/wp-json\/wp\/v2\/product_cat?post=19110"},{"taxonomy":"product_tag","embeddable":true,"href":"https:\/\/limage-et-le-livre.com\/en\/wp-json\/wp\/v2\/product_tag?post=19110"}],"curies":[{"name":"wp","href":"https:\/\/api.w.org\/{rel}","templated":true}]}}