{"id":19113,"date":"2025-03-19T15:00:55","date_gmt":"2025-03-19T14:00:55","guid":{"rendered":"https:\/\/limage-et-le-livre.com\/boutique\/uncategorized\/the-book-of-dance\/"},"modified":"2025-03-20T14:13:08","modified_gmt":"2025-03-20T13:13:08","slug":"the-book-of-dance","status":"publish","type":"product","link":"https:\/\/limage-et-le-livre.com\/en\/books\/fine-arts\/the-book-of-dance\/","title":{"rendered":"The book of dance"},"content":{"rendered":"<p>Paris, Soci\u00e9t\u00e9 fran\u00e7aise de diffusion musicale et artistique, 1954; in-8, 226 pages. Full morocco, top board framed with gilt fillets, smooth spine with title page, gilt bindings. Slight rubbing. First edition, one of the numbered copies on esparto. A well-bound copy retaining the original covers and spine. The dancer and choreographer traces the history of dance and ballet, lavishly illustrated with reproductions of period photographs and illustrations by Pablo Picasso, Christian B\u00e9rard, Jean Cocteau and Aristide Maillol. Signed autograph letter from Serge Lifar, accompanied by his postmark.      <\/p>\n<div id=\"gtx-trans\" style=\"position: absolute; left: -67px; top: -10px;\">\n<div class=\"gtx-trans-icon\"><\/div>\n<\/div>\n","protected":false},"excerpt":{"rendered":"<p>The book of dance. Lifar (Serge). Illustrations by Pablo Picasso, Aristide Maillol, Jean Cocteau, Christian Berard. 1954.   <\/p>\n","protected":false},"featured_media":13204,"template":"","meta":[],"product_brand":[],"product_cat":[5342,5353],"product_tag":[],"class_list":{"0":"post-19113","1":"product","2":"type-product","3":"status-publish","4":"has-post-thumbnail","6":"product_cat-books","7":"product_cat-fine-arts","8":"pa_annee-de-publication-1954-en","9":"pa_dimension-in-8-en","10":"pa_editeur-societe-francaise-de-diffusion-musicale-et-artistique-en","11":"pa_etat-de-conservation-very-good","12":"pa_illustrateur-pablo-picasso-aristide-maillol-jean-cocteau-christian-berard-en","13":"pa_langue-french","14":"pa_lieu-de-publication-paris-en","15":"pa_signature-from-the-author","16":"pa_type-couverture-hard-cover","18":"first","19":"instock","20":"purchasable","21":"product-type-simple"},"_links":{"self":[{"href":"https:\/\/limage-et-le-livre.com\/en\/wp-json\/wp\/v2\/product\/19113","targetHints":{"allow":["GET"]}}],"collection":[{"href":"https:\/\/limage-et-le-livre.com\/en\/wp-json\/wp\/v2\/product"}],"about":[{"href":"https:\/\/limage-et-le-livre.com\/en\/wp-json\/wp\/v2\/types\/product"}],"version-history":[{"count":0,"href":"https:\/\/limage-et-le-livre.com\/en\/wp-json\/wp\/v2\/product\/19113\/revisions"}],"wp:featuredmedia":[{"embeddable":true,"href":"https:\/\/limage-et-le-livre.com\/en\/wp-json\/wp\/v2\/media\/13204"}],"wp:attachment":[{"href":"https:\/\/limage-et-le-livre.com\/en\/wp-json\/wp\/v2\/media?parent=19113"}],"wp:term":[{"taxonomy":"product_brand","embeddable":true,"href":"https:\/\/limage-et-le-livre.com\/en\/wp-json\/wp\/v2\/product_brand?post=19113"},{"taxonomy":"product_cat","embeddable":true,"href":"https:\/\/limage-et-le-livre.com\/en\/wp-json\/wp\/v2\/product_cat?post=19113"},{"taxonomy":"product_tag","embeddable":true,"href":"https:\/\/limage-et-le-livre.com\/en\/wp-json\/wp\/v2\/product_tag?post=19113"}],"curies":[{"name":"wp","href":"https:\/\/api.w.org\/{rel}","templated":true}]}}