{"id":19116,"date":"2025-03-19T14:58:42","date_gmt":"2025-03-19T13:58:42","guid":{"rendered":"https:\/\/limage-et-le-livre.com\/boutique\/uncategorized\/landscapes-picturesque-sites-and-curiosities-of-the-vosges-department-locations-descriptions-historical-or-legendary-facts-viewpoints\/"},"modified":"2025-03-20T14:20:20","modified_gmt":"2025-03-20T13:20:20","slug":"landscapes-picturesque-sites-and-curiosities-of-the-vosges-department-locations-descriptions-historical-or-legendary-facts-viewpoints","status":"publish","type":"product","link":"https:\/\/limage-et-le-livre.com\/en\/books\/landscapes-picturesque-sites-and-curiosities-of-the-vosges-department-locations-descriptions-historical-or-legendary-facts-viewpoints\/","title":{"rendered":"Landscapes, picturesque sites and curiosities of..."},"content":{"rendered":"<p>S.l.n.d. (1906), s.n.; in-8, 282 pages. Bradel-style red half cloth, title page. Spine unstained and wet on cloth, former owner&#8217;s name removed from title page. Published by the Soci\u00e9t\u00e9 d&#8217;Emulation des Vosges, of which the author, a sub-engineer in the Ponts et Chauss\u00e9es department, is a member, illustrated with numerous photographs. The book provides a detailed inventory of the &#8220;works of nature&#8221; in the Vosges department, focusing on thermal and mineral springs, valleys and gorges, lakes, cascades and waterfalls, rocks, boulders and caves, remarkable trees&#8230;    <\/p>\n<div id=\"gtx-trans\" style=\"position: absolute; left: -67px; top: -10px;\">\n<div class=\"gtx-trans-icon\"><\/div>\n<\/div>\n","protected":false},"excerpt":{"rendered":"<p>Landscapes, picturesque sites and curiosities of the Vosges department. Locations, descriptions, historical and legendary facts, viewpoints. Garnier (Ad.). (1906).   <\/p>\n","protected":false},"featured_media":12547,"template":"","meta":[],"product_brand":[],"product_cat":[5342],"product_tag":[5560],"class_list":{"0":"post-19116","1":"product","2":"type-product","3":"status-publish","4":"has-post-thumbnail","6":"product_cat-books","7":"product_tag-history","8":"pa_annee-de-publication-s-d-en","9":"pa_dimension-in-8-en","10":"pa_editeur-s-n-en","11":"pa_etat-de-conservation-acceptable","12":"pa_langue-french","13":"pa_lieu-de-publication-s-l-en","14":"pa_type-couverture-hard-cover","16":"first","17":"outofstock","18":"purchasable","19":"product-type-simple"},"_links":{"self":[{"href":"https:\/\/limage-et-le-livre.com\/en\/wp-json\/wp\/v2\/product\/19116","targetHints":{"allow":["GET"]}}],"collection":[{"href":"https:\/\/limage-et-le-livre.com\/en\/wp-json\/wp\/v2\/product"}],"about":[{"href":"https:\/\/limage-et-le-livre.com\/en\/wp-json\/wp\/v2\/types\/product"}],"version-history":[{"count":0,"href":"https:\/\/limage-et-le-livre.com\/en\/wp-json\/wp\/v2\/product\/19116\/revisions"}],"wp:featuredmedia":[{"embeddable":true,"href":"https:\/\/limage-et-le-livre.com\/en\/wp-json\/wp\/v2\/media\/12547"}],"wp:attachment":[{"href":"https:\/\/limage-et-le-livre.com\/en\/wp-json\/wp\/v2\/media?parent=19116"}],"wp:term":[{"taxonomy":"product_brand","embeddable":true,"href":"https:\/\/limage-et-le-livre.com\/en\/wp-json\/wp\/v2\/product_brand?post=19116"},{"taxonomy":"product_cat","embeddable":true,"href":"https:\/\/limage-et-le-livre.com\/en\/wp-json\/wp\/v2\/product_cat?post=19116"},{"taxonomy":"product_tag","embeddable":true,"href":"https:\/\/limage-et-le-livre.com\/en\/wp-json\/wp\/v2\/product_tag?post=19116"}],"curies":[{"name":"wp","href":"https:\/\/api.w.org\/{rel}","templated":true}]}}