{"id":19123,"date":"2025-03-19T14:58:42","date_gmt":"2025-03-19T13:58:42","guid":{"rendered":"https:\/\/limage-et-le-livre.com\/boutique\/uncategorized\/lorenza-and-the-honeysuckle\/"},"modified":"2025-03-20T14:20:19","modified_gmt":"2025-03-20T13:20:19","slug":"lorenza-and-the-honeysuckle","status":"publish","type":"product","link":"https:\/\/limage-et-le-livre.com\/en\/books\/lorenza-and-the-honeysuckle\/","title":{"rendered":"Lorenza and the honeysuckle"},"content":{"rendered":"<p>Paris, A. Blaizot, 1927; in-8, 128 pages. Brown half-maroquin with corners, 5-rib spine, title-pieces, date on tail. Spine very slightly oiled. Well-bound copy in half-maroquin signed Blin. Covers and spine preserved. Edition of 250 copies, this one on Hollande Van Gelder Zonen. The work is illustrated with fine color etchings by L\u00e9once de Jonci\u00e8res, engraved by Th\u00e9venin. The painter L\u00e9once de Jonci\u00e8res was a pupil of G\u00e9r\u00f4me and Bouguereau.        A very fine copy.<\/p>\n<div id=\"gtx-trans\" style=\"position: absolute; left: -67px; top: -10px;\">\n<div class=\"gtx-trans-icon\"><\/div>\n<\/div>\n","protected":false},"excerpt":{"rendered":"<p>Lorenza et le ch\u00e8vrepied. Dhuys (Lucien). 1927.  <\/p>\n","protected":false},"featured_media":12540,"template":"","meta":[],"product_brand":[],"product_cat":[5342],"product_tag":[],"class_list":{"0":"post-19123","1":"product","2":"type-product","3":"status-publish","4":"has-post-thumbnail","6":"product_cat-books","7":"pa_annee-de-publication-1927-en","8":"pa_dimension-in-8-en","9":"pa_editeur-a-blaizot-en","10":"pa_etat-de-conservation-very-good","11":"pa_illustrateur-leonce-de-joncieres-en","12":"pa_langue-french","13":"pa_lieu-de-publication-paris-en","14":"pa_type-couverture-hard-cover","16":"first","17":"instock","18":"purchasable","19":"product-type-simple"},"_links":{"self":[{"href":"https:\/\/limage-et-le-livre.com\/en\/wp-json\/wp\/v2\/product\/19123","targetHints":{"allow":["GET"]}}],"collection":[{"href":"https:\/\/limage-et-le-livre.com\/en\/wp-json\/wp\/v2\/product"}],"about":[{"href":"https:\/\/limage-et-le-livre.com\/en\/wp-json\/wp\/v2\/types\/product"}],"version-history":[{"count":0,"href":"https:\/\/limage-et-le-livre.com\/en\/wp-json\/wp\/v2\/product\/19123\/revisions"}],"wp:featuredmedia":[{"embeddable":true,"href":"https:\/\/limage-et-le-livre.com\/en\/wp-json\/wp\/v2\/media\/12540"}],"wp:attachment":[{"href":"https:\/\/limage-et-le-livre.com\/en\/wp-json\/wp\/v2\/media?parent=19123"}],"wp:term":[{"taxonomy":"product_brand","embeddable":true,"href":"https:\/\/limage-et-le-livre.com\/en\/wp-json\/wp\/v2\/product_brand?post=19123"},{"taxonomy":"product_cat","embeddable":true,"href":"https:\/\/limage-et-le-livre.com\/en\/wp-json\/wp\/v2\/product_cat?post=19123"},{"taxonomy":"product_tag","embeddable":true,"href":"https:\/\/limage-et-le-livre.com\/en\/wp-json\/wp\/v2\/product_tag?post=19123"}],"curies":[{"name":"wp","href":"https:\/\/api.w.org\/{rel}","templated":true}]}}