{"id":19140,"date":"2025-03-19T14:58:51","date_gmt":"2025-03-19T13:58:51","guid":{"rendered":"https:\/\/limage-et-le-livre.com\/boutique\/uncategorized\/map-of-egypt-to-help-understand-roman-history\/"},"modified":"2025-03-20T14:20:33","modified_gmt":"2025-03-20T13:20:33","slug":"map-of-egypt-to-help-understand-roman-history","status":"publish","type":"product","link":"https:\/\/limage-et-le-livre.com\/en\/prints-and-engravings\/prints\/cartography-and-travel\/africa-en\/egypt\/map-of-egypt-to-help-understand-roman-history\/","title":{"rendered":"Map of Egypt to help understand..."},"content":{"rendered":"<p>Carte de l&#8217;Egypte pour servir \u00e0 l&#8217;intelligence de l&#8217;Histoire Romaine, dress\u00e9e pour la plupart partie sur les M\u00e9moires et suivant les conjectures du R. P. Sicard de la Compagnie de J\u00e9sus. Henri Li\u00e9baux, g\u00e9ographe du Roi et de S. A. S. Mgr le Comte de Clermont. 1735.   Copper engraving. Hand-colored. Sheet size: 467 x 365 mm. Board size: 450 x 305 mm. <\/p>\n<div id=\"gtx-trans\" style=\"position: absolute; left: -67px; top: -10px;\">\n<div class=\"gtx-trans-icon\"><\/div>\n<\/div>\n","protected":false},"excerpt":{"rendered":"<p>Map of Egypt to serve the intelligence of Roman History. Li\u00e9baux (Henri). 1735.  <\/p>\n","protected":false},"featured_media":12614,"template":"","meta":[],"product_brand":[],"product_cat":[5419,5342,5388,5513,5387,5386],"product_tag":[8237,8239,8238],"class_list":{"0":"post-19140","1":"product","2":"type-product","3":"status-publish","4":"has-post-thumbnail","6":"product_cat-africa","7":"product_cat-books","8":"product_cat-cartography-and-travel","9":"product_cat-egypt","10":"product_cat-prints","11":"product_cat-prints-and-engravings","12":"product_tag-antiquity","13":"product_tag-egypt","14":"product_tag-old-map","15":"pa_etat-de-conservation-very-good","16":"pa_langue-french","17":"pa_type-couverture-no-cover","19":"first","20":"outofstock","21":"purchasable","22":"product-type-simple"},"_links":{"self":[{"href":"https:\/\/limage-et-le-livre.com\/en\/wp-json\/wp\/v2\/product\/19140","targetHints":{"allow":["GET"]}}],"collection":[{"href":"https:\/\/limage-et-le-livre.com\/en\/wp-json\/wp\/v2\/product"}],"about":[{"href":"https:\/\/limage-et-le-livre.com\/en\/wp-json\/wp\/v2\/types\/product"}],"version-history":[{"count":0,"href":"https:\/\/limage-et-le-livre.com\/en\/wp-json\/wp\/v2\/product\/19140\/revisions"}],"wp:featuredmedia":[{"embeddable":true,"href":"https:\/\/limage-et-le-livre.com\/en\/wp-json\/wp\/v2\/media\/12614"}],"wp:attachment":[{"href":"https:\/\/limage-et-le-livre.com\/en\/wp-json\/wp\/v2\/media?parent=19140"}],"wp:term":[{"taxonomy":"product_brand","embeddable":true,"href":"https:\/\/limage-et-le-livre.com\/en\/wp-json\/wp\/v2\/product_brand?post=19140"},{"taxonomy":"product_cat","embeddable":true,"href":"https:\/\/limage-et-le-livre.com\/en\/wp-json\/wp\/v2\/product_cat?post=19140"},{"taxonomy":"product_tag","embeddable":true,"href":"https:\/\/limage-et-le-livre.com\/en\/wp-json\/wp\/v2\/product_tag?post=19140"}],"curies":[{"name":"wp","href":"https:\/\/api.w.org\/{rel}","templated":true}]}}