{"id":19141,"date":"2025-03-19T14:58:49","date_gmt":"2025-03-19T13:58:49","guid":{"rendered":"https:\/\/limage-et-le-livre.com\/boutique\/uncategorized\/alsace-and-switzerland-through-the-centuries\/"},"modified":"2025-03-20T14:20:29","modified_gmt":"2025-03-20T13:20:29","slug":"alsace-and-switzerland-through-the-centuries","status":"publish","type":"product","link":"https:\/\/limage-et-le-livre.com\/en\/books\/alsace-and-switzerland-through-the-centuries\/","title":{"rendered":"Alsace and Switzerland through the centuries"},"content":{"rendered":"<p>Strasbourg &#8211; Paris, Editions F.-X. Le Roux, 1952; in-8, 488 pages. Red half-chagrin, spine ribbed, gilt title and gilt fillets. Very slight sunning of spine, paper uniformly yellowed. One of 450 ordinary copies. A publication of the Soci\u00e9t\u00e9 savante d&#8217;Alsace et des r\u00e9gions de l&#8217;Est. Collection of articles on relations between Switzerland and Alsace from the Middle Ages to the 20th century. Illustrations by Pierre Nuss. A good copy.<\/p>\n<div id=\"gtx-trans\" style=\"position: absolute; left: -67px; top: -10px;\">\n<div class=\"gtx-trans-icon\"><\/div>\n<\/div>\n","protected":false},"excerpt":{"rendered":"<p>Alsace and Switzerland through the centuries. Collective (preface by Lucien Febvre). 1952.  <\/p>\n","protected":false},"featured_media":12605,"template":"","meta":[],"product_brand":[],"product_cat":[5342],"product_tag":[5562,5561,5560,5624],"class_list":{"0":"post-19141","1":"product","2":"type-product","3":"status-publish","4":"has-post-thumbnail","6":"product_cat-books","7":"product_tag-alsace-en","8":"product_tag-alsatique-en","9":"product_tag-history","10":"product_tag-reform","11":"pa_annee-de-publication-1952-en","12":"pa_dimension-in-8-en","13":"pa_editeur-editions-f-x-le-roux-en","14":"pa_etat-de-conservation-very-good","15":"pa_illustrateur-pierre-nuss-en","16":"pa_langue-french","17":"pa_lieu-de-publication-strasbourg-paris-en","18":"pa_type-couverture-hard-cover","20":"first","21":"outofstock","22":"purchasable","23":"product-type-simple"},"_links":{"self":[{"href":"https:\/\/limage-et-le-livre.com\/en\/wp-json\/wp\/v2\/product\/19141","targetHints":{"allow":["GET"]}}],"collection":[{"href":"https:\/\/limage-et-le-livre.com\/en\/wp-json\/wp\/v2\/product"}],"about":[{"href":"https:\/\/limage-et-le-livre.com\/en\/wp-json\/wp\/v2\/types\/product"}],"version-history":[{"count":0,"href":"https:\/\/limage-et-le-livre.com\/en\/wp-json\/wp\/v2\/product\/19141\/revisions"}],"wp:featuredmedia":[{"embeddable":true,"href":"https:\/\/limage-et-le-livre.com\/en\/wp-json\/wp\/v2\/media\/12605"}],"wp:attachment":[{"href":"https:\/\/limage-et-le-livre.com\/en\/wp-json\/wp\/v2\/media?parent=19141"}],"wp:term":[{"taxonomy":"product_brand","embeddable":true,"href":"https:\/\/limage-et-le-livre.com\/en\/wp-json\/wp\/v2\/product_brand?post=19141"},{"taxonomy":"product_cat","embeddable":true,"href":"https:\/\/limage-et-le-livre.com\/en\/wp-json\/wp\/v2\/product_cat?post=19141"},{"taxonomy":"product_tag","embeddable":true,"href":"https:\/\/limage-et-le-livre.com\/en\/wp-json\/wp\/v2\/product_tag?post=19141"}],"curies":[{"name":"wp","href":"https:\/\/api.w.org\/{rel}","templated":true}]}}