{"id":19189,"date":"2025-03-19T14:58:29","date_gmt":"2025-03-19T13:58:29","guid":{"rendered":"https:\/\/limage-et-le-livre.com\/boutique\/uncategorized\/vie-de-louis-balbe-berton-de-crillon-surnomme-le-brave-et-memoires-des-regnes-de-henri-ii-francois-ii-charles-ix-henri-iii-et-henri-iv-pour-servir-a-lhistoire-de-son-temps\/"},"modified":"2025-03-20T14:20:00","modified_gmt":"2025-03-20T13:20:00","slug":"vie-de-louis-balbe-berton-de-crillon-surnomme-le-brave-et-memoires-des-regnes-de-henri-ii-francois-ii-charles-ix-henri-iii-et-henri-iv-pour-servir-a-lhistoire-de-son-temps","status":"publish","type":"product","link":"https:\/\/limage-et-le-livre.com\/en\/books\/vie-de-louis-balbe-berton-de-crillon-surnomme-le-brave-et-memoires-des-regnes-de-henri-ii-francois-ii-charles-ix-henri-iii-et-henri-iv-pour-servir-a-lhistoire-de-son-temps\/","title":{"rendered":"Vie de Louis Balbe-Berton de Crillon,..."},"content":{"rendered":"<p>Paris, chez Gogu\u00e9 &amp; N\u00e9e de La Rochelle, Nyon l&#8217;a\u00een\u00e9, Delaguette, 1781; in-12, 484 pages, 2 f.n.p. of approval and privileges. Full marbled calf, spine ribbed, decorated with fleurons, red morocco title page, marbled edges. Without the frontispiece. Slight spotting on upper cover, upper headband partly worn, otherwise a fine copy. Attributed to Marguerite de Lussan. With an &#8220;Extrait de l&#8217;histoire de Provence&#8221;, selected pieces from the &#8220;Troph\u00e9s de gloire \u00e9rig\u00e9s \u00e0 la valeur de feu M. de Crillon, par ses concitoyens&#8221; and a &#8220;Histoire de la Maison Balbe de Quiers&#8221; in fine. Louis de Berton, known as the brave Crillon, captain and brother-in-arms of Henri IV, was colonel general of the French infantry and knight of the Holy Spirit.      <\/p>\n<div id=\"gtx-trans\" style=\"position: absolute; left: -67px; top: -10px;\">\n<div class=\"gtx-trans-icon\"><\/div>\n<\/div>\n","protected":false},"excerpt":{"rendered":"<p>Vie de Louis Balbe-Berton de Crillon, Surnomm\u00e9 le Brave : Et M\u00e9moires des Regnes de Henri II, Fran\u00e7ois II, Charles IX, Henri III et Henri IV ; pour servir \u00e0 l&#8217;Histoire de son temps. [LUSSAN (Marguerite, de). 1781. <\/p>\n","protected":false},"featured_media":12480,"template":"","meta":[],"product_brand":[],"product_cat":[5342],"product_tag":[5560],"class_list":{"0":"post-19189","1":"product","2":"type-product","3":"status-publish","4":"has-post-thumbnail","6":"product_cat-books","7":"product_tag-history","8":"pa_annee-de-publication-1781-en","9":"pa_dimension-in-12-en","10":"pa_editeur-chez-gogue-nee-de-la-rochelle-nyon-laine-delaguette-en","11":"pa_etat-de-conservation-good","12":"pa_langue-french","13":"pa_lieu-de-publication-paris-en","14":"pa_type-couverture-hard-cover","16":"first","17":"outofstock","18":"purchasable","19":"product-type-simple"},"_links":{"self":[{"href":"https:\/\/limage-et-le-livre.com\/en\/wp-json\/wp\/v2\/product\/19189","targetHints":{"allow":["GET"]}}],"collection":[{"href":"https:\/\/limage-et-le-livre.com\/en\/wp-json\/wp\/v2\/product"}],"about":[{"href":"https:\/\/limage-et-le-livre.com\/en\/wp-json\/wp\/v2\/types\/product"}],"version-history":[{"count":0,"href":"https:\/\/limage-et-le-livre.com\/en\/wp-json\/wp\/v2\/product\/19189\/revisions"}],"wp:featuredmedia":[{"embeddable":true,"href":"https:\/\/limage-et-le-livre.com\/en\/wp-json\/wp\/v2\/media\/12480"}],"wp:attachment":[{"href":"https:\/\/limage-et-le-livre.com\/en\/wp-json\/wp\/v2\/media?parent=19189"}],"wp:term":[{"taxonomy":"product_brand","embeddable":true,"href":"https:\/\/limage-et-le-livre.com\/en\/wp-json\/wp\/v2\/product_brand?post=19189"},{"taxonomy":"product_cat","embeddable":true,"href":"https:\/\/limage-et-le-livre.com\/en\/wp-json\/wp\/v2\/product_cat?post=19189"},{"taxonomy":"product_tag","embeddable":true,"href":"https:\/\/limage-et-le-livre.com\/en\/wp-json\/wp\/v2\/product_tag?post=19189"}],"curies":[{"name":"wp","href":"https:\/\/api.w.org\/{rel}","templated":true}]}}