{"id":19194,"date":"2025-03-19T14:58:31","date_gmt":"2025-03-19T13:58:31","guid":{"rendered":"https:\/\/limage-et-le-livre.com\/boutique\/uncategorized\/chatillon-and-lac-du-bourget\/"},"modified":"2025-03-20T14:20:02","modified_gmt":"2025-03-20T13:20:02","slug":"chatillon-and-lac-du-bourget","status":"publish","type":"product","link":"https:\/\/limage-et-le-livre.com\/en\/prints-and-engravings\/prints\/cartography-and-travel\/france-en-2\/rhone-alpes-en\/savoie-en\/chatillon-and-lac-du-bourget\/","title":{"rendered":"Ch\u00e2tillon and Lac du Bourget"},"content":{"rendered":"<p>Ch\u00e2tillon and Lac du Bourget (Savoie Department). Color lithograph by Eug\u00e8ne Ciceri after F\u00e9lix Benoist. 1864. Sheet size: 325 x 481 mm. Subject size : 221 x 319 mm. A very fine proof.     <\/p>\n<div id=\"gtx-trans\" style=\"position: absolute; left: -67px; top: -10px;\">\n<div class=\"gtx-trans-icon\"><\/div>\n<\/div>\n","protected":false},"excerpt":{"rendered":"<p>Ch\u00e2tillon and Lac du Bourget. Lithograph by Eug\u00e8ne Ciceri. 1864.  <\/p>\n","protected":false},"featured_media":12487,"template":"","meta":[],"product_brand":[],"product_cat":[5388,5349,5387,5386,5398,5399],"product_tag":[],"class_list":{"0":"post-19194","1":"product","2":"type-product","3":"status-publish","4":"has-post-thumbnail","6":"product_cat-cartography-and-travel","7":"product_cat-france-en","8":"product_cat-prints","9":"product_cat-prints-and-engravings","10":"product_cat-rhone-alpes-en","11":"product_cat-savoie-en","12":"pa_etat-de-conservation-very-good","13":"pa_langue-french","14":"pa_type-couverture-no-cover","16":"first","17":"outofstock","18":"purchasable","19":"product-type-simple"},"_links":{"self":[{"href":"https:\/\/limage-et-le-livre.com\/en\/wp-json\/wp\/v2\/product\/19194","targetHints":{"allow":["GET"]}}],"collection":[{"href":"https:\/\/limage-et-le-livre.com\/en\/wp-json\/wp\/v2\/product"}],"about":[{"href":"https:\/\/limage-et-le-livre.com\/en\/wp-json\/wp\/v2\/types\/product"}],"version-history":[{"count":0,"href":"https:\/\/limage-et-le-livre.com\/en\/wp-json\/wp\/v2\/product\/19194\/revisions"}],"wp:featuredmedia":[{"embeddable":true,"href":"https:\/\/limage-et-le-livre.com\/en\/wp-json\/wp\/v2\/media\/12487"}],"wp:attachment":[{"href":"https:\/\/limage-et-le-livre.com\/en\/wp-json\/wp\/v2\/media?parent=19194"}],"wp:term":[{"taxonomy":"product_brand","embeddable":true,"href":"https:\/\/limage-et-le-livre.com\/en\/wp-json\/wp\/v2\/product_brand?post=19194"},{"taxonomy":"product_cat","embeddable":true,"href":"https:\/\/limage-et-le-livre.com\/en\/wp-json\/wp\/v2\/product_cat?post=19194"},{"taxonomy":"product_tag","embeddable":true,"href":"https:\/\/limage-et-le-livre.com\/en\/wp-json\/wp\/v2\/product_tag?post=19194"}],"curies":[{"name":"wp","href":"https:\/\/api.w.org\/{rel}","templated":true}]}}