{"id":19209,"date":"2025-03-19T14:58:36","date_gmt":"2025-03-19T13:58:36","guid":{"rendered":"https:\/\/limage-et-le-livre.com\/boutique\/uncategorized\/the-art-of-being-a-grandfather\/"},"modified":"2025-03-20T14:20:09","modified_gmt":"2025-03-20T13:20:09","slug":"the-art-of-being-a-grandfather","status":"publish","type":"product","link":"https:\/\/limage-et-le-livre.com\/en\/books\/literature\/poetry\/the-art-of-being-a-grandfather\/","title":{"rendered":"The Art of being a grandfather"},"content":{"rendered":"<p>Paris, Emile Testard et Cie, Edition Nationale, 1888; in-4, 297 pages, 5 hors-texte plates including frontispiece. Publisher&#8217;s boards with polychrome floral motifs designed by Giraldon and engraved by Souze, Magnier&#8217;s signature on spine, all edges gilt. Small scuff on lower board. Frontispiece engraved by Louis Lucas after Th\u00e9venot, 4 hors-texte plates by Rudaux, Ruet after Lemaire, Mongin after Dantan and Champollion after Fouri\u00e9, and 68 vignettes engraved by Michel after Fouri\u00e9, all under serpents. The many illustrations in this volume of the Edition Nationale, the illustrated edition of Hugo&#8217;s complete works, evoke the world of childhood with great delicacy.     A fine copy.<\/p>\n<div id=\"gtx-trans\" style=\"position: absolute; left: -67px; top: -10px;\">\n<div class=\"gtx-trans-icon\"><\/div>\n<\/div>\n","protected":false},"excerpt":{"rendered":"<p>The Art of being a grandfather. Hugo (Victor). 1888.  <\/p>\n","protected":false},"featured_media":12511,"template":"","meta":[],"product_brand":[],"product_cat":[5342,5351,5367],"product_tag":[5614],"class_list":{"0":"post-19209","1":"product","2":"type-product","3":"status-publish","4":"has-post-thumbnail","6":"product_cat-books","7":"product_cat-literature","8":"product_cat-poetry","9":"product_tag-poetry","10":"pa_annee-de-publication-1888-en","11":"pa_dimension-in-4-en","12":"pa_editeur-emile-testard-et-cie-edition-nationale-en","13":"pa_etat-de-conservation-good","14":"pa_langue-french","15":"pa_lieu-de-publication-paris-en","16":"pa_type-couverture-hard-cover","18":"first","19":"outofstock","20":"purchasable","21":"product-type-simple"},"_links":{"self":[{"href":"https:\/\/limage-et-le-livre.com\/en\/wp-json\/wp\/v2\/product\/19209","targetHints":{"allow":["GET"]}}],"collection":[{"href":"https:\/\/limage-et-le-livre.com\/en\/wp-json\/wp\/v2\/product"}],"about":[{"href":"https:\/\/limage-et-le-livre.com\/en\/wp-json\/wp\/v2\/types\/product"}],"version-history":[{"count":0,"href":"https:\/\/limage-et-le-livre.com\/en\/wp-json\/wp\/v2\/product\/19209\/revisions"}],"wp:featuredmedia":[{"embeddable":true,"href":"https:\/\/limage-et-le-livre.com\/en\/wp-json\/wp\/v2\/media\/12511"}],"wp:attachment":[{"href":"https:\/\/limage-et-le-livre.com\/en\/wp-json\/wp\/v2\/media?parent=19209"}],"wp:term":[{"taxonomy":"product_brand","embeddable":true,"href":"https:\/\/limage-et-le-livre.com\/en\/wp-json\/wp\/v2\/product_brand?post=19209"},{"taxonomy":"product_cat","embeddable":true,"href":"https:\/\/limage-et-le-livre.com\/en\/wp-json\/wp\/v2\/product_cat?post=19209"},{"taxonomy":"product_tag","embeddable":true,"href":"https:\/\/limage-et-le-livre.com\/en\/wp-json\/wp\/v2\/product_tag?post=19209"}],"curies":[{"name":"wp","href":"https:\/\/api.w.org\/{rel}","templated":true}]}}