{"id":19232,"date":"2025-03-19T14:58:02","date_gmt":"2025-03-19T13:58:02","guid":{"rendered":"https:\/\/limage-et-le-livre.com\/boutique\/uncategorized\/monographie-de-la-cathedrale-de-nancy-depuis-sa-formation-jusqua-lepoque-actuelle\/"},"modified":"2025-03-20T14:24:46","modified_gmt":"2025-03-20T13:24:46","slug":"monographie-de-la-cathedrale-de-nancy-depuis-sa-formation-jusqua-lepoque-actuelle","status":"publish","type":"product","link":"https:\/\/limage-et-le-livre.com\/en\/books\/geography-and-travel\/france-en\/lorraine-en\/monographie-de-la-cathedrale-de-nancy-depuis-sa-formation-jusqua-lepoque-actuelle\/","title":{"rendered":"Monographie de la cath\u00e9drale de Nancy..."},"content":{"rendered":"<p>Nancy, Berger-Levrault et Cie, 1882; in-folio of XVI and 420 pages. Half-maroquin with corners, 5-rib spine, Lorraine cross, gilt author, title and date.  Dedication by the author. Complete with photocrome frontispiece and 20 plates. Minor blemishes at tail of boards, scattered foxing, otherwise a fine, well-bound copy. <\/p>\n<div id=\"gtx-trans\" style=\"position: absolute; left: -67px; top: -10px;\">\n<div class=\"gtx-trans-icon\"><\/div>\n<\/div>\n","protected":false},"excerpt":{"rendered":"<p>Monographie de la cath\u00e9drale de Nancy depuis sa formation jusqu&#8217;\u00e0 l&#8217;\u00e9poque actuelle. Auguin (Edgard). 1882.  <\/p>\n","protected":false},"featured_media":12345,"template":"","meta":[],"product_brand":[],"product_cat":[5342,5349,5348,5376],"product_tag":[5617,5560],"class_list":{"0":"post-19232","1":"product","2":"type-product","3":"status-publish","4":"has-post-thumbnail","6":"product_cat-books","7":"product_cat-france-en","8":"product_cat-geography-and-travel","9":"product_cat-lorraine-en","10":"product_tag-architecture-en","11":"product_tag-history","12":"pa_annee-de-publication-1882-en","13":"pa_dimension-in-folio-en","14":"pa_editeur-berger-levrault-et-cie-en","15":"pa_etat-de-conservation-good","16":"pa_langue-french","17":"pa_lieu-de-publication-nancy-en","18":"pa_type-couverture-hard-cover","20":"first","21":"outofstock","22":"purchasable","23":"product-type-simple"},"_links":{"self":[{"href":"https:\/\/limage-et-le-livre.com\/en\/wp-json\/wp\/v2\/product\/19232","targetHints":{"allow":["GET"]}}],"collection":[{"href":"https:\/\/limage-et-le-livre.com\/en\/wp-json\/wp\/v2\/product"}],"about":[{"href":"https:\/\/limage-et-le-livre.com\/en\/wp-json\/wp\/v2\/types\/product"}],"version-history":[{"count":0,"href":"https:\/\/limage-et-le-livre.com\/en\/wp-json\/wp\/v2\/product\/19232\/revisions"}],"wp:featuredmedia":[{"embeddable":true,"href":"https:\/\/limage-et-le-livre.com\/en\/wp-json\/wp\/v2\/media\/12345"}],"wp:attachment":[{"href":"https:\/\/limage-et-le-livre.com\/en\/wp-json\/wp\/v2\/media?parent=19232"}],"wp:term":[{"taxonomy":"product_brand","embeddable":true,"href":"https:\/\/limage-et-le-livre.com\/en\/wp-json\/wp\/v2\/product_brand?post=19232"},{"taxonomy":"product_cat","embeddable":true,"href":"https:\/\/limage-et-le-livre.com\/en\/wp-json\/wp\/v2\/product_cat?post=19232"},{"taxonomy":"product_tag","embeddable":true,"href":"https:\/\/limage-et-le-livre.com\/en\/wp-json\/wp\/v2\/product_tag?post=19232"}],"curies":[{"name":"wp","href":"https:\/\/api.w.org\/{rel}","templated":true}]}}