{"id":19247,"date":"2025-03-19T14:57:55","date_gmt":"2025-03-19T13:57:55","guid":{"rendered":"https:\/\/limage-et-le-livre.com\/boutique\/uncategorized\/map-of-western-tartary\/"},"modified":"2025-03-20T14:24:38","modified_gmt":"2025-03-20T13:24:38","slug":"map-of-western-tartary","status":"publish","type":"product","link":"https:\/\/limage-et-le-livre.com\/en\/prints-and-engravings\/prints\/cartography-and-travel\/europe-en-2\/russia\/map-of-western-tartary\/","title":{"rendered":"Map of Western Tartary"},"content":{"rendered":"<p>Carte de la Tartarie Occidentale Pour Servir \u00e0 l&#8217;Histoire G\u00e9n\u00e9rale des Voyages. Jacques-Nicolas Bellin (1703, Paris &#8211; 1772, Versailles) cartographer and hydrographer. 1757.   Copper engraving. Hand-colored. Sheet size: 253 x 362 mm. Board size: 243 x 327 mm. Map showing the country of the Kalkas and the presumed site of Karakorum, seat of Genghis Khan&#8217;s empire. Very fine condition.   <\/p>\n<div id=\"gtx-trans\" style=\"position: absolute; left: -67px; top: -10px;\">\n<div class=\"gtx-trans-icon\"><\/div>\n<\/div>\n","protected":false},"excerpt":{"rendered":"<p>Map of Western Tartary. BELLIN (Jacques-Nicolas). 1749.<\/p>\n","protected":false},"featured_media":12319,"template":"","meta":[],"product_brand":[],"product_cat":[5342,5388,5363,5387,5386,5483],"product_tag":[8238],"class_list":{"0":"post-19247","1":"product","2":"type-product","3":"status-publish","4":"has-post-thumbnail","6":"product_cat-books","7":"product_cat-cartography-and-travel","8":"product_cat-europe-en","9":"product_cat-prints","10":"product_cat-prints-and-engravings","11":"product_cat-russia","12":"product_tag-old-map","13":"pa_annee-de-publication-1749-en","14":"pa_etat-de-conservation-very-good","15":"pa_langue-french","16":"pa_type-couverture-no-cover","18":"first","19":"instock","20":"purchasable","21":"product-type-simple"},"_links":{"self":[{"href":"https:\/\/limage-et-le-livre.com\/en\/wp-json\/wp\/v2\/product\/19247","targetHints":{"allow":["GET"]}}],"collection":[{"href":"https:\/\/limage-et-le-livre.com\/en\/wp-json\/wp\/v2\/product"}],"about":[{"href":"https:\/\/limage-et-le-livre.com\/en\/wp-json\/wp\/v2\/types\/product"}],"version-history":[{"count":0,"href":"https:\/\/limage-et-le-livre.com\/en\/wp-json\/wp\/v2\/product\/19247\/revisions"}],"wp:featuredmedia":[{"embeddable":true,"href":"https:\/\/limage-et-le-livre.com\/en\/wp-json\/wp\/v2\/media\/12319"}],"wp:attachment":[{"href":"https:\/\/limage-et-le-livre.com\/en\/wp-json\/wp\/v2\/media?parent=19247"}],"wp:term":[{"taxonomy":"product_brand","embeddable":true,"href":"https:\/\/limage-et-le-livre.com\/en\/wp-json\/wp\/v2\/product_brand?post=19247"},{"taxonomy":"product_cat","embeddable":true,"href":"https:\/\/limage-et-le-livre.com\/en\/wp-json\/wp\/v2\/product_cat?post=19247"},{"taxonomy":"product_tag","embeddable":true,"href":"https:\/\/limage-et-le-livre.com\/en\/wp-json\/wp\/v2\/product_tag?post=19247"}],"curies":[{"name":"wp","href":"https:\/\/api.w.org\/{rel}","templated":true}]}}