{"id":19264,"date":"2025-03-19T14:57:58","date_gmt":"2025-03-19T13:57:58","guid":{"rendered":"https:\/\/limage-et-le-livre.com\/boutique\/uncategorized\/carte-des-decouvertes-faites-dans-la-mer-pacifique-sur-le-vaisseau-de-roi-la-resolution-commanded-by-captain-cook-in-1774\/"},"modified":"2025-03-20T14:24:42","modified_gmt":"2025-03-20T13:24:42","slug":"carte-des-decouvertes-faites-dans-la-mer-pacifique-sur-le-vaisseau-de-roi-la-resolution-commanded-by-captain-cook-in-1774","status":"publish","type":"product","link":"https:\/\/limage-et-le-livre.com\/en\/prints-and-engravings\/prints\/cartography-and-travel\/oceania\/pacific\/carte-des-decouvertes-faites-dans-la-mer-pacifique-sur-le-vaisseau-de-roi-la-resolution-commanded-by-captain-cook-in-1774\/","title":{"rendered":"Carte des D\u00e9couvertes faites dans la..."},"content":{"rendered":"<p>Carte des D\u00e9couvertes faites dans la Mer Pacifique sur le Vaisseau de Roi, La R\u00e9solution, commanded by Captain Cook in 1774. Copper engraving. 18th century. Hand-colored. Sheet size: 386 x 482 mm. Dimension of motif: 361 x 466 mm. Map showing New Caledonia and the New Hebrides discovered by Captain Cook during his second expedition. Short margins and left marginal restoration.   <\/p>\n<div id=\"gtx-trans\" style=\"position: absolute; left: -67px; top: -10px;\">\n<div class=\"gtx-trans-icon\"><\/div>\n<\/div>\n","protected":false},"excerpt":{"rendered":"<p>Carte des D\u00e9couvertes faites dans la Mer Pacifique sur le Vaisseau de Roi, La R\u00e9solution, commanded by Captain Cook in 1774. Copper engraving. 18th century.<\/p>\n","protected":false},"featured_media":12334,"template":"","meta":[],"product_brand":[],"product_cat":[5342,5388,5484,5486,5387,5386],"product_tag":[8238],"class_list":{"0":"post-19264","1":"product","2":"type-product","3":"status-publish","4":"has-post-thumbnail","6":"product_cat-books","7":"product_cat-cartography-and-travel","8":"product_cat-oceania","9":"product_cat-pacific","10":"product_cat-prints","11":"product_cat-prints-and-engravings","12":"product_tag-old-map","13":"pa_etat-de-conservation-good","14":"pa_langue-french","15":"pa_type-couverture-no-cover","17":"first","18":"outofstock","19":"purchasable","20":"product-type-simple"},"_links":{"self":[{"href":"https:\/\/limage-et-le-livre.com\/en\/wp-json\/wp\/v2\/product\/19264","targetHints":{"allow":["GET"]}}],"collection":[{"href":"https:\/\/limage-et-le-livre.com\/en\/wp-json\/wp\/v2\/product"}],"about":[{"href":"https:\/\/limage-et-le-livre.com\/en\/wp-json\/wp\/v2\/types\/product"}],"version-history":[{"count":0,"href":"https:\/\/limage-et-le-livre.com\/en\/wp-json\/wp\/v2\/product\/19264\/revisions"}],"wp:featuredmedia":[{"embeddable":true,"href":"https:\/\/limage-et-le-livre.com\/en\/wp-json\/wp\/v2\/media\/12334"}],"wp:attachment":[{"href":"https:\/\/limage-et-le-livre.com\/en\/wp-json\/wp\/v2\/media?parent=19264"}],"wp:term":[{"taxonomy":"product_brand","embeddable":true,"href":"https:\/\/limage-et-le-livre.com\/en\/wp-json\/wp\/v2\/product_brand?post=19264"},{"taxonomy":"product_cat","embeddable":true,"href":"https:\/\/limage-et-le-livre.com\/en\/wp-json\/wp\/v2\/product_cat?post=19264"},{"taxonomy":"product_tag","embeddable":true,"href":"https:\/\/limage-et-le-livre.com\/en\/wp-json\/wp\/v2\/product_tag?post=19264"}],"curies":[{"name":"wp","href":"https:\/\/api.w.org\/{rel}","templated":true}]}}