{"id":19269,"date":"2025-03-19T14:57:47","date_gmt":"2025-03-19T13:57:47","guid":{"rendered":"https:\/\/limage-et-le-livre.com\/boutique\/uncategorized\/liber-miraculorum-sancte-fidis-published-from-the-schlestadt-library-manuscript\/"},"modified":"2025-03-19T14:57:47","modified_gmt":"2025-03-19T13:57:47","slug":"liber-miraculorum-sancte-fidis-published-from-the-schlestadt-library-manuscript","status":"publish","type":"product","link":"https:\/\/limage-et-le-livre.com\/en\/books\/religion-en\/liber-miraculorum-sancte-fidis-published-from-the-schlestadt-library-manuscript\/","title":{"rendered":"Liber Miraculorum Sancte Fidis published from..."},"content":{"rendered":"<p>Paris, Alphonse Picard et Fils, 1897; in-8 of XXXVI and 290 pages. Green half-basane with corners, spine with 4 raised bands, author and title in gilt. Latin transcription of the Livre des Miracles de Sainte-Foy de Conques, based on a translation of the manuscript held at the Biblioth\u00e8que Humaniste in S\u00e9lestat. In his introduction, Abb\u00e9 Bouillet explains his method in French. Spine unstained.    <\/p>\n<div id=\"gtx-trans\" style=\"position: absolute; left: -67px; top: -10px;\">\n<div class=\"gtx-trans-icon\"><\/div>\n<\/div>\n","protected":false},"excerpt":{"rendered":"<p>Liber Miraculorum Sancte Fidis published from the manuscript in the Schlestadt Library. Bouillet (A., Abb\u00e9). 1897.  <\/p>\n","protected":false},"featured_media":12270,"template":"","meta":[],"product_brand":[],"product_cat":[5342,5362],"product_tag":[5562,5560,5615],"class_list":{"0":"post-19269","1":"product","2":"type-product","3":"status-publish","4":"has-post-thumbnail","6":"product_cat-books","7":"product_cat-religion-en","8":"product_tag-alsace-en","9":"product_tag-history","10":"product_tag-religion-en","11":"pa_annee-de-publication-1897-en","12":"pa_dimension-in-8-en","13":"pa_editeur-alphonse-picard-et-fils-en","14":"pa_etat-de-conservation-good","15":"pa_langue-french","16":"pa_lieu-de-publication-paris-en","17":"pa_type-couverture-hard-cover","19":"first","20":"instock","21":"purchasable","22":"product-type-simple"},"_links":{"self":[{"href":"https:\/\/limage-et-le-livre.com\/en\/wp-json\/wp\/v2\/product\/19269","targetHints":{"allow":["GET"]}}],"collection":[{"href":"https:\/\/limage-et-le-livre.com\/en\/wp-json\/wp\/v2\/product"}],"about":[{"href":"https:\/\/limage-et-le-livre.com\/en\/wp-json\/wp\/v2\/types\/product"}],"version-history":[{"count":0,"href":"https:\/\/limage-et-le-livre.com\/en\/wp-json\/wp\/v2\/product\/19269\/revisions"}],"wp:featuredmedia":[{"embeddable":true,"href":"https:\/\/limage-et-le-livre.com\/en\/wp-json\/wp\/v2\/media\/12270"}],"wp:attachment":[{"href":"https:\/\/limage-et-le-livre.com\/en\/wp-json\/wp\/v2\/media?parent=19269"}],"wp:term":[{"taxonomy":"product_brand","embeddable":true,"href":"https:\/\/limage-et-le-livre.com\/en\/wp-json\/wp\/v2\/product_brand?post=19269"},{"taxonomy":"product_cat","embeddable":true,"href":"https:\/\/limage-et-le-livre.com\/en\/wp-json\/wp\/v2\/product_cat?post=19269"},{"taxonomy":"product_tag","embeddable":true,"href":"https:\/\/limage-et-le-livre.com\/en\/wp-json\/wp\/v2\/product_tag?post=19269"}],"curies":[{"name":"wp","href":"https:\/\/api.w.org\/{rel}","templated":true}]}}