{"id":19277,"date":"2025-03-19T14:57:49","date_gmt":"2025-03-19T13:57:49","guid":{"rendered":"https:\/\/limage-et-le-livre.com\/boutique\/uncategorized\/la-societe-de-strasbourg-par-madame-la-baronne-etude-suivie-du-carnet-mondain-strasbourgeois-qui-la-complete\/"},"modified":"2025-03-20T14:24:31","modified_gmt":"2025-03-20T13:24:31","slug":"la-societe-de-strasbourg-par-madame-la-baronne-etude-suivie-du-carnet-mondain-strasbourgeois-qui-la-complete","status":"publish","type":"product","link":"https:\/\/limage-et-le-livre.com\/en\/books\/la-societe-de-strasbourg-par-madame-la-baronne-etude-suivie-du-carnet-mondain-strasbourgeois-qui-la-complete\/","title":{"rendered":"La Soci\u00e9t\u00e9 de Strasbourg par Madame..."},"content":{"rendered":"<p>Colmar, Imprimerie de Veuve Camille Decker, 1888; in-8 of 186 and 71 pages. Bradel-style mauve half cloth, spine gilt, gilt &#8220;auteur&#8221; and title. The author depicts the Strasbourg society of his time and analyzes it in three categories: the official world, the remnants of the old Strasbourg society and the world of amusement. A good copy of this unusual work.   <\/p>\n<div id=\"gtx-trans\" style=\"position: absolute; left: -67px; top: -10px;\">\n<div class=\"gtx-trans-icon\"><\/div>\n<\/div>\n","protected":false},"excerpt":{"rendered":"<p>La Soci\u00e9t\u00e9 de Strasbourg par Madame la baronne *** Etude suivie du carnet mondain strasbourgeois qui la compl\u00e8te. (Anonymous). 1888.  <\/p>\n","protected":false},"featured_media":12281,"template":"","meta":[],"product_brand":[],"product_cat":[5342],"product_tag":[5561,5563],"class_list":{"0":"post-19277","1":"product","2":"type-product","3":"status-publish","4":"has-post-thumbnail","6":"product_cat-books","7":"product_tag-alsatique-en","8":"product_tag-strasbourg-en","9":"pa_annee-de-publication-1888-en","10":"pa_dimension-in-8-en","11":"pa_editeur-widow-camille-decker","12":"pa_etat-de-conservation-good","13":"pa_langue-french","14":"pa_lieu-de-publication-colmar-en","15":"pa_type-couverture-hard-cover","17":"first","18":"instock","19":"purchasable","20":"product-type-simple"},"_links":{"self":[{"href":"https:\/\/limage-et-le-livre.com\/en\/wp-json\/wp\/v2\/product\/19277","targetHints":{"allow":["GET"]}}],"collection":[{"href":"https:\/\/limage-et-le-livre.com\/en\/wp-json\/wp\/v2\/product"}],"about":[{"href":"https:\/\/limage-et-le-livre.com\/en\/wp-json\/wp\/v2\/types\/product"}],"version-history":[{"count":0,"href":"https:\/\/limage-et-le-livre.com\/en\/wp-json\/wp\/v2\/product\/19277\/revisions"}],"wp:featuredmedia":[{"embeddable":true,"href":"https:\/\/limage-et-le-livre.com\/en\/wp-json\/wp\/v2\/media\/12281"}],"wp:attachment":[{"href":"https:\/\/limage-et-le-livre.com\/en\/wp-json\/wp\/v2\/media?parent=19277"}],"wp:term":[{"taxonomy":"product_brand","embeddable":true,"href":"https:\/\/limage-et-le-livre.com\/en\/wp-json\/wp\/v2\/product_brand?post=19277"},{"taxonomy":"product_cat","embeddable":true,"href":"https:\/\/limage-et-le-livre.com\/en\/wp-json\/wp\/v2\/product_cat?post=19277"},{"taxonomy":"product_tag","embeddable":true,"href":"https:\/\/limage-et-le-livre.com\/en\/wp-json\/wp\/v2\/product_tag?post=19277"}],"curies":[{"name":"wp","href":"https:\/\/api.w.org\/{rel}","templated":true}]}}