{"id":19312,"date":"2025-03-19T14:58:19","date_gmt":"2025-03-19T13:58:19","guid":{"rendered":"https:\/\/limage-et-le-livre.com\/boutique\/uncategorized\/black-panther\/"},"modified":"2025-03-20T14:19:48","modified_gmt":"2025-03-20T13:19:48","slug":"black-panther","status":"publish","type":"product","link":"https:\/\/limage-et-le-livre.com\/en\/prints-and-engravings\/prints\/animals\/quadrupeds\/black-panther\/","title":{"rendered":"Black Panther"},"content":{"rendered":"<p>Black panther. Original etching and drypoint. Evert Van Muyden (Albano Laziale, 1853 &#8211; Orsay, 1922). 1901. Signed and dated in copper, lower right. Printed by Fort for the Revue de l&#8217;Art ancien et moderne. Sheet size: 210 x 295 mm. Board size: 190 x 248 mm. Evert van Muyden trained with the animal painter Karl Steffeck, then with Jean-L\u00e9on G\u00e9r\u00f4me at the Ecole des Beaux-Arts in Paris. He specialized in animal-themed engraving and illustration.         <\/p>\n<div id=\"gtx-trans\" style=\"position: absolute; left: -67px; top: -10px;\">\n<div class=\"gtx-trans-icon\"><\/div>\n<\/div>\n","protected":false},"excerpt":{"rendered":"<p>Black panther. Original etching and drypoint. Evert Van Muyden. 1901.   <\/p>\n","protected":false},"featured_media":12427,"template":"","meta":[],"product_brand":[],"product_cat":[5458,5387,5386,5460],"product_tag":[],"class_list":{"0":"post-19312","1":"product","2":"type-product","3":"status-publish","4":"has-post-thumbnail","6":"product_cat-animals","7":"product_cat-prints","8":"product_cat-prints-and-engravings","9":"product_cat-quadrupeds","10":"pa_etat-de-conservation-very-good","11":"pa_langue-french","12":"pa_type-couverture-no-cover","14":"first","15":"outofstock","16":"purchasable","17":"product-type-simple"},"_links":{"self":[{"href":"https:\/\/limage-et-le-livre.com\/en\/wp-json\/wp\/v2\/product\/19312","targetHints":{"allow":["GET"]}}],"collection":[{"href":"https:\/\/limage-et-le-livre.com\/en\/wp-json\/wp\/v2\/product"}],"about":[{"href":"https:\/\/limage-et-le-livre.com\/en\/wp-json\/wp\/v2\/types\/product"}],"version-history":[{"count":0,"href":"https:\/\/limage-et-le-livre.com\/en\/wp-json\/wp\/v2\/product\/19312\/revisions"}],"wp:featuredmedia":[{"embeddable":true,"href":"https:\/\/limage-et-le-livre.com\/en\/wp-json\/wp\/v2\/media\/12427"}],"wp:attachment":[{"href":"https:\/\/limage-et-le-livre.com\/en\/wp-json\/wp\/v2\/media?parent=19312"}],"wp:term":[{"taxonomy":"product_brand","embeddable":true,"href":"https:\/\/limage-et-le-livre.com\/en\/wp-json\/wp\/v2\/product_brand?post=19312"},{"taxonomy":"product_cat","embeddable":true,"href":"https:\/\/limage-et-le-livre.com\/en\/wp-json\/wp\/v2\/product_cat?post=19312"},{"taxonomy":"product_tag","embeddable":true,"href":"https:\/\/limage-et-le-livre.com\/en\/wp-json\/wp\/v2\/product_tag?post=19312"}],"curies":[{"name":"wp","href":"https:\/\/api.w.org\/{rel}","templated":true}]}}