{"id":19318,"date":"2025-03-19T14:59:00","date_gmt":"2025-03-19T13:59:00","guid":{"rendered":"https:\/\/limage-et-le-livre.com\/boutique\/uncategorized\/liber-miraculorum-sancte-fidis-facsimile\/"},"modified":"2025-03-20T14:20:42","modified_gmt":"2025-03-20T13:20:42","slug":"liber-miraculorum-sancte-fidis-facsimile","status":"publish","type":"product","link":"https:\/\/limage-et-le-livre.com\/en\/books\/religion-en\/liber-miraculorum-sancte-fidis-facsimile\/","title":{"rendered":"Liber miraculorum Sancte Fidis (facsimile)."},"content":{"rendered":"<p>S\u00e9lestat, La Soci\u00e9t\u00e9 des Amis de la Biblioth\u00e8que Humaniste de S\u00e9lestat, 1994; in-4, 120 leaves, publisher&#8217;s boards. Facsimile edition of Ms 22 from the Biblioth\u00e8que Humaniste de S\u00e9lestat, a Latin manuscript codex dating from the 10th to 14th centuries, comprising mainly the account of the miracles of Sainte Foy de Conques and other texts at the beginning and end of the volume, hymns and sermons related to Sainte Foy. <\/p>\n<div id=\"gtx-trans\" style=\"position: absolute; left: -67px; top: -10px;\">\n<div class=\"gtx-trans-icon\"><\/div>\n<\/div>\n","protected":false},"excerpt":{"rendered":"<p>Liber miraculorum Sancte Fidis (facsimile). 1994. <\/p>\n","protected":false},"featured_media":12676,"template":"","meta":[],"product_brand":[],"product_cat":[5342,5362],"product_tag":[5562,5561,5571],"class_list":{"0":"post-19318","1":"product","2":"type-product","3":"status-publish","4":"has-post-thumbnail","6":"product_cat-books","7":"product_cat-religion-en","8":"product_tag-alsace-en","9":"product_tag-alsatique-en","10":"product_tag-facsimile","11":"pa_annee-de-publication-1994-en","12":"pa_dimension-in-4-en","13":"pa_editeur-the-society-of-friends-of-the-humanist-library-of-selestat","14":"pa_etat-de-conservation-very-good","15":"pa_langue-latin-en","16":"pa_lieu-de-publication-selestat-en","17":"pa_type-couverture-hard-cover","19":"first","20":"instock","21":"purchasable","22":"product-type-simple"},"_links":{"self":[{"href":"https:\/\/limage-et-le-livre.com\/en\/wp-json\/wp\/v2\/product\/19318","targetHints":{"allow":["GET"]}}],"collection":[{"href":"https:\/\/limage-et-le-livre.com\/en\/wp-json\/wp\/v2\/product"}],"about":[{"href":"https:\/\/limage-et-le-livre.com\/en\/wp-json\/wp\/v2\/types\/product"}],"version-history":[{"count":0,"href":"https:\/\/limage-et-le-livre.com\/en\/wp-json\/wp\/v2\/product\/19318\/revisions"}],"wp:featuredmedia":[{"embeddable":true,"href":"https:\/\/limage-et-le-livre.com\/en\/wp-json\/wp\/v2\/media\/12676"}],"wp:attachment":[{"href":"https:\/\/limage-et-le-livre.com\/en\/wp-json\/wp\/v2\/media?parent=19318"}],"wp:term":[{"taxonomy":"product_brand","embeddable":true,"href":"https:\/\/limage-et-le-livre.com\/en\/wp-json\/wp\/v2\/product_brand?post=19318"},{"taxonomy":"product_cat","embeddable":true,"href":"https:\/\/limage-et-le-livre.com\/en\/wp-json\/wp\/v2\/product_cat?post=19318"},{"taxonomy":"product_tag","embeddable":true,"href":"https:\/\/limage-et-le-livre.com\/en\/wp-json\/wp\/v2\/product_tag?post=19318"}],"curies":[{"name":"wp","href":"https:\/\/api.w.org\/{rel}","templated":true}]}}