{"id":19338,"date":"2025-03-19T14:59:05","date_gmt":"2025-03-19T13:59:05","guid":{"rendered":"https:\/\/limage-et-le-livre.com\/boutique\/uncategorized\/chasseurs-a-pied-imperial-guard\/"},"modified":"2025-03-20T14:20:53","modified_gmt":"2025-03-20T13:20:53","slug":"chasseurs-a-pied-imperial-guard","status":"publish","type":"product","link":"https:\/\/limage-et-le-livre.com\/en\/prints-and-engravings\/prints\/militaria-en\/chasseurs-a-pied-imperial-guard\/","title":{"rendered":"Chasseurs \u00e0 pied. Imperial Guard."},"content":{"rendered":"<p>Military types. Chasseurs \u00e0 pieds. Imperial Guard. Fran\u00e7ois-Hippolyte Lalaisse. Lithography.     Period colors. Second half of the 19th century. Sheet size: 471 x 397 mm. Subject size: 337 x 258 mm. Fran\u00e7ois-Hippolyte Lalaisse (Nancy, 1812 &#8211; Paris, 1884) was a portraitist, animal painter and lithographer.   <\/p>\n<div id=\"gtx-trans\" style=\"position: absolute; left: -67px; top: -10px;\">\n<div class=\"gtx-trans-icon\"><\/div>\n<\/div>\n","protected":false},"excerpt":{"rendered":"<p>Chasseurs \u00e0 pied. Imperial Guard.  Fran\u00e7ois-Hippolyte Lalaisse. Lithograph. 19th century.  <\/p>\n","protected":false},"featured_media":12702,"template":"","meta":[],"product_brand":[],"product_cat":[5429,5387,5386],"product_tag":[5613],"class_list":{"0":"post-19338","1":"product","2":"type-product","3":"status-publish","4":"has-post-thumbnail","6":"product_cat-militaria-en","7":"product_cat-prints","8":"product_cat-prints-and-engravings","9":"product_tag-lithography","10":"pa_etat-de-conservation-very-good","11":"pa_langue-french","12":"pa_type-couverture-no-cover","14":"first","15":"instock","16":"purchasable","17":"product-type-simple"},"_links":{"self":[{"href":"https:\/\/limage-et-le-livre.com\/en\/wp-json\/wp\/v2\/product\/19338","targetHints":{"allow":["GET"]}}],"collection":[{"href":"https:\/\/limage-et-le-livre.com\/en\/wp-json\/wp\/v2\/product"}],"about":[{"href":"https:\/\/limage-et-le-livre.com\/en\/wp-json\/wp\/v2\/types\/product"}],"version-history":[{"count":0,"href":"https:\/\/limage-et-le-livre.com\/en\/wp-json\/wp\/v2\/product\/19338\/revisions"}],"wp:featuredmedia":[{"embeddable":true,"href":"https:\/\/limage-et-le-livre.com\/en\/wp-json\/wp\/v2\/media\/12702"}],"wp:attachment":[{"href":"https:\/\/limage-et-le-livre.com\/en\/wp-json\/wp\/v2\/media?parent=19338"}],"wp:term":[{"taxonomy":"product_brand","embeddable":true,"href":"https:\/\/limage-et-le-livre.com\/en\/wp-json\/wp\/v2\/product_brand?post=19338"},{"taxonomy":"product_cat","embeddable":true,"href":"https:\/\/limage-et-le-livre.com\/en\/wp-json\/wp\/v2\/product_cat?post=19338"},{"taxonomy":"product_tag","embeddable":true,"href":"https:\/\/limage-et-le-livre.com\/en\/wp-json\/wp\/v2\/product_tag?post=19338"}],"curies":[{"name":"wp","href":"https:\/\/api.w.org\/{rel}","templated":true}]}}