{"id":19347,"date":"2025-03-19T14:59:09","date_gmt":"2025-03-19T13:59:09","guid":{"rendered":"https:\/\/limage-et-le-livre.com\/boutique\/uncategorized\/the-sarcelles-tribute\/"},"modified":"2025-03-20T14:20:55","modified_gmt":"2025-03-20T13:20:55","slug":"the-sarcelles-tribute","status":"publish","type":"product","link":"https:\/\/limage-et-le-livre.com\/en\/prints-and-engravings\/prints\/cartography-and-travel\/asia\/china\/the-sarcelles-tribute\/","title":{"rendered":"The Sarcelles Tribute"},"content":{"rendered":"<p>L&#8217;Hommage des Sarcelles. Lithograph by Jean-Pierre Th\u00e9not (Paris, 1803 &#8211; Paris, 1857). Printed in Paris at Jos\u00e9phine Formentin&#8217;s lithographic printing works at 10, rue des Saints-P\u00e8res.   Hand-colored. Sheet size: 277 x 364 mm. Subject size: 184 x 232 mm. Very slight marks on the design, otherwise a fine proof.  <\/p>\n<div id=\"gtx-trans\" style=\"position: absolute; left: -67px; top: -10px;\">\n<div class=\"gtx-trans-icon\"><\/div>\n<\/div>\n","protected":false},"excerpt":{"rendered":"<p>L&#8217;Hommage des Sarcelles. Lithograph by Jean-Pierre Th\u00e9not. 1\/2 of the 19th century.  <\/p>\n","protected":false},"featured_media":12710,"template":"","meta":[],"product_brand":[],"product_cat":[5393,5388,5394,5387,5386],"product_tag":[5613],"class_list":{"0":"post-19347","1":"product","2":"type-product","3":"status-publish","4":"has-post-thumbnail","6":"product_cat-asia","7":"product_cat-cartography-and-travel","8":"product_cat-china","9":"product_cat-prints","10":"product_cat-prints-and-engravings","11":"product_tag-lithography","12":"pa_etat-de-conservation-good","13":"pa_type-couverture-no-cover","15":"first","16":"instock","17":"purchasable","18":"product-type-simple"},"_links":{"self":[{"href":"https:\/\/limage-et-le-livre.com\/en\/wp-json\/wp\/v2\/product\/19347","targetHints":{"allow":["GET"]}}],"collection":[{"href":"https:\/\/limage-et-le-livre.com\/en\/wp-json\/wp\/v2\/product"}],"about":[{"href":"https:\/\/limage-et-le-livre.com\/en\/wp-json\/wp\/v2\/types\/product"}],"version-history":[{"count":0,"href":"https:\/\/limage-et-le-livre.com\/en\/wp-json\/wp\/v2\/product\/19347\/revisions"}],"wp:featuredmedia":[{"embeddable":true,"href":"https:\/\/limage-et-le-livre.com\/en\/wp-json\/wp\/v2\/media\/12710"}],"wp:attachment":[{"href":"https:\/\/limage-et-le-livre.com\/en\/wp-json\/wp\/v2\/media?parent=19347"}],"wp:term":[{"taxonomy":"product_brand","embeddable":true,"href":"https:\/\/limage-et-le-livre.com\/en\/wp-json\/wp\/v2\/product_brand?post=19347"},{"taxonomy":"product_cat","embeddable":true,"href":"https:\/\/limage-et-le-livre.com\/en\/wp-json\/wp\/v2\/product_cat?post=19347"},{"taxonomy":"product_tag","embeddable":true,"href":"https:\/\/limage-et-le-livre.com\/en\/wp-json\/wp\/v2\/product_tag?post=19347"}],"curies":[{"name":"wp","href":"https:\/\/api.w.org\/{rel}","templated":true}]}}