{"id":19348,"date":"2025-03-19T14:59:10","date_gmt":"2025-03-19T13:59:10","guid":{"rendered":"https:\/\/limage-et-le-livre.com\/boutique\/uncategorized\/le-bateau-en-construction-or-peace-in-armor\/"},"modified":"2025-03-20T14:20:57","modified_gmt":"2025-03-20T13:20:57","slug":"le-bateau-en-construction-or-peace-in-armor","status":"publish","type":"product","link":"https:\/\/limage-et-le-livre.com\/en\/prints-and-engravings\/prints\/artists\/le-bateau-en-construction-or-peace-in-armor\/","title":{"rendered":"Le B\u00e2teau en construction or Peace..."},"content":{"rendered":"<p>Le B\u00e2teau en construction or Peace in Armor. Original wood engraving by Mathurin M\u00e9heut (1882-1958). 1932. Artist&#8217;s monogram in the plate. Edition of 450 copies on vellum. Composition for the Livre d&#8217;Or de la Paix in 1932. Sheet size: 372 x 264 mm. Subject size: 275 x 228 mm. Very fine proof in perfect condition.        <\/p>\n<div id=\"gtx-trans\" style=\"position: absolute; left: -67px; top: -10px;\">\n<div class=\"gtx-trans-icon\"><\/div>\n<\/div>\n","protected":false},"excerpt":{"rendered":"<p>Le B\u00e2teau en construction or Peace in Armor. Wood engraving. Mathurin M\u00e9heut. 1932.   <\/p>\n","protected":false},"featured_media":12719,"template":"","meta":[],"product_brand":[],"product_cat":[5405,5387,5386,5518],"product_tag":[],"class_list":{"0":"post-19348","1":"product","2":"type-product","3":"status-publish","4":"has-post-thumbnail","6":"product_cat-artists","7":"product_cat-prints","8":"product_cat-prints-and-engravings","9":"product_cat-sea-fishing-fish","10":"pa_etat-de-conservation-very-good","11":"pa_langue-french","12":"pa_type-couverture-no-cover","14":"first","15":"outofstock","16":"purchasable","17":"product-type-simple"},"_links":{"self":[{"href":"https:\/\/limage-et-le-livre.com\/en\/wp-json\/wp\/v2\/product\/19348","targetHints":{"allow":["GET"]}}],"collection":[{"href":"https:\/\/limage-et-le-livre.com\/en\/wp-json\/wp\/v2\/product"}],"about":[{"href":"https:\/\/limage-et-le-livre.com\/en\/wp-json\/wp\/v2\/types\/product"}],"version-history":[{"count":0,"href":"https:\/\/limage-et-le-livre.com\/en\/wp-json\/wp\/v2\/product\/19348\/revisions"}],"wp:featuredmedia":[{"embeddable":true,"href":"https:\/\/limage-et-le-livre.com\/en\/wp-json\/wp\/v2\/media\/12719"}],"wp:attachment":[{"href":"https:\/\/limage-et-le-livre.com\/en\/wp-json\/wp\/v2\/media?parent=19348"}],"wp:term":[{"taxonomy":"product_brand","embeddable":true,"href":"https:\/\/limage-et-le-livre.com\/en\/wp-json\/wp\/v2\/product_brand?post=19348"},{"taxonomy":"product_cat","embeddable":true,"href":"https:\/\/limage-et-le-livre.com\/en\/wp-json\/wp\/v2\/product_cat?post=19348"},{"taxonomy":"product_tag","embeddable":true,"href":"https:\/\/limage-et-le-livre.com\/en\/wp-json\/wp\/v2\/product_tag?post=19348"}],"curies":[{"name":"wp","href":"https:\/\/api.w.org\/{rel}","templated":true}]}}