{"id":19352,"date":"2025-03-19T14:59:12","date_gmt":"2025-03-19T13:59:12","guid":{"rendered":"https:\/\/limage-et-le-livre.com\/boutique\/uncategorized\/the-holy-bible-new-translation-according-to-the-vulgate\/"},"modified":"2025-03-20T14:20:58","modified_gmt":"2025-03-20T13:20:58","slug":"the-holy-bible-new-translation-according-to-the-vulgate","status":"publish","type":"product","link":"https:\/\/limage-et-le-livre.com\/en\/books\/religion-en\/the-holy-bible-new-translation-according-to-the-vulgate\/","title":{"rendered":"The Holy Bible. New translation according..."},"content":{"rendered":"<p>Tours, Alfred Mame et Fils, 1866; two large folios, 1 f.n.ch., 909 pages and 948 pages, 1 f.n.ch.. Two volumes, contemporary red half-chagrin with corners, 5-rib spine with ornate boxes and fillets, gilt title and tomaison, top edges gilt. A few scattered light freckles, some rubbing and light spotting, otherwise very white inside. La Sainte Bible, traduction nouvelle selon la Vulgate par MM. J.-J. Bourass\u00e9 et P. Janvier, chanoines de l&#8217;\u00e9glise m\u00e9tropolitaine de Tours. Drawings by Gustave Dor\u00e9, text ornamentation by Hector Giacomelli. Second edition of this monumental publication illustrated by Gustave Dor\u00e9, published the same year as the original. This edition, incorrectly cited by Carteret as the first, contains 230 hors-texte woodcuts (119 in volume I and 111 in volume II) (Leblanc, 48), 2 plates more than the first edition. A fine, well-bound copy.<\/p>\n<div id=\"gtx-trans\" style=\"position: absolute; left: -67px; top: -10px;\">\n<div class=\"gtx-trans-icon\"><\/div>\n<\/div>\n","protected":false},"excerpt":{"rendered":"<p>The Holy Bible. Gustave Dor\u00e9. 1866.  <\/p>\n","protected":false},"featured_media":12736,"template":"","meta":[],"product_brand":[],"product_cat":[5342,5362],"product_tag":[],"class_list":{"0":"post-19352","1":"product","2":"type-product","3":"status-publish","4":"has-post-thumbnail","6":"product_cat-books","7":"product_cat-religion-en","8":"pa_annee-de-publication-1866-en","9":"pa_dimension-in-folio-en","10":"pa_editeur-alfred-mame-et-fils-en","11":"pa_etat-de-conservation-very-good","12":"pa_illustrateur-gustave-dore-en","13":"pa_langue-french","14":"pa_lieu-de-publication-towers","15":"pa_type-couverture-no-cover","16":"pa_volume-2-en","18":"first","19":"outofstock","20":"purchasable","21":"product-type-simple"},"_links":{"self":[{"href":"https:\/\/limage-et-le-livre.com\/en\/wp-json\/wp\/v2\/product\/19352","targetHints":{"allow":["GET"]}}],"collection":[{"href":"https:\/\/limage-et-le-livre.com\/en\/wp-json\/wp\/v2\/product"}],"about":[{"href":"https:\/\/limage-et-le-livre.com\/en\/wp-json\/wp\/v2\/types\/product"}],"version-history":[{"count":0,"href":"https:\/\/limage-et-le-livre.com\/en\/wp-json\/wp\/v2\/product\/19352\/revisions"}],"wp:featuredmedia":[{"embeddable":true,"href":"https:\/\/limage-et-le-livre.com\/en\/wp-json\/wp\/v2\/media\/12736"}],"wp:attachment":[{"href":"https:\/\/limage-et-le-livre.com\/en\/wp-json\/wp\/v2\/media?parent=19352"}],"wp:term":[{"taxonomy":"product_brand","embeddable":true,"href":"https:\/\/limage-et-le-livre.com\/en\/wp-json\/wp\/v2\/product_brand?post=19352"},{"taxonomy":"product_cat","embeddable":true,"href":"https:\/\/limage-et-le-livre.com\/en\/wp-json\/wp\/v2\/product_cat?post=19352"},{"taxonomy":"product_tag","embeddable":true,"href":"https:\/\/limage-et-le-livre.com\/en\/wp-json\/wp\/v2\/product_tag?post=19352"}],"curies":[{"name":"wp","href":"https:\/\/api.w.org\/{rel}","templated":true}]}}